{"id":24888,"date":"2020-07-29T18:19:54","date_gmt":"2020-07-29T16:19:54","guid":{"rendered":"http:\/\/test.mediaworksrl.it\/test\/?page_id=24888"},"modified":"2023-03-30T17:59:23","modified_gmt":"2023-03-30T15:59:23","slug":"zugang-reservierter-bereich","status":"publish","type":"page","link":"https:\/\/morettidesign.it\/de\/zugang-reservierter-bereich\/","title":{"rendered":"ZUGANG RESERVIERTER BEREICH"},"content":{"rendered":"<p>[vc_row][vc_column width=&#8220;1\/2&#8243;][vc_column_text]<\/p>\n<h5 style=\"color: #c49651;\"><strong>GEBEN SIE IHRE MORETTI ID EIN<\/strong><\/h5>\n<p>Wenn Sie Zugangsdaten zu Ihrem reservierten Bereich haben, klicken Sie auf den Interessenbereich und geben Sie den Benutzernamen und das Passwort ein, um auf alle vorhandenen Materialien zuzugreifen und diese zu verwenden. Wenn Sie die Daten immer noch nicht haben, sie verloren haben und nicht darauf zugreifen k\u00f6nnen, rufen Sie sie einfach und sofort ab, indem Sie sich an den Kundendienst wenden.<\/p>\n<h5 style=\"color: #c49651;\"><strong>WAS SIE IM RESERVIERTEN BEREICH FINDEN<\/strong><\/h5>\n<p>Im reservierten Bereich finden Sie Kataloge, technische Datenbl\u00e4tter unserer \u00d6fen und alle f\u00fcr Ihr Unternehmen n\u00fctzlichen Materialien.<\/p>\n<h5 style=\"color: #c49651;\"><strong>M\u00d6CHTEN SIE EINE MORETTI BOUTIQUE WERDEN?<\/strong><\/h5>\n<p>Wenn Sie Teil bei der Moretti Design Welt werden m\u00f6chten, k\u00f6nnen Sie uns unter der Nummer 0735 90444 kontaktieren oder das Formular auf der Kontaktseite ausf\u00fcllen.[\/vc_column_text][\/vc_column][vc_column width=&#8220;1\/2&#8243;][vc_btn title=&#8220;BOUTIQUE \/ TECHNISCHER SERVICE&#8220; style=&#8220;outline-custom&#8220; outline_custom_color=&#8220;#c49651&#8243; outline_custom_hover_background=&#8220;#c49651&#8243; outline_custom_hover_text=&#8220;#ffffff&#8220; size=&#8220;lg&#8220; align=&#8220;center&#8220; link=&#8220;url:https%3A%2F%2Fwww.morettidesign.it%2Farea-riservata-germania%2F|title:Area%20Riservata&#8220;][tm_spacer size=&#8220;lg:50&#8243;][vc_btn title=&#8220;LAGERBESTAND \u00dcBERPR\u00dcFEN&#8220; style=&#8220;outline-custom&#8220; outline_custom_color=&#8220;#c49651&#8243; outline_custom_hover_background=&#8220;#c49651&#8243; outline_custom_hover_text=&#8220;#ffffff&#8220; size=&#8220;lg&#8220; align=&#8220;center&#8220; link=&#8220;url:%2Fconsulta-il-magazzino%2F|title:Consulta%20il%20magazzino|target:%20_blank|&#8220;][\/vc_column][\/vc_row]<\/p>\n","protected":false},"excerpt":{"rendered":"[vc_row][vc_column width=&#8220;1\/2&#8243;][vc_column_text] GEBEN SIE IHRE MORETTI ID EIN Wenn Sie Zugangsdaten zu Ihrem reservierten Bereich haben, klicken Sie auf den Interessenbereich und geben Sie den Benutzernamen und das Passwort ein, um auf alle vorhandenen Materialien zuzugreifen und diese zu verwenden. Wenn Sie die Daten immer noch nicht haben, sie verloren haben und nicht darauf zugreifen k\u00f6nnen, rufen Sie sie einfach und sofort ab, indem Sie sich an den Kundendienst wenden. WAS SIE IM RESERVIERTEN BEREICH FINDEN Im reservierten Bereich finden Sie Kataloge, technische Datenbl\u00e4tter unserer \u00d6fen und alle f\u00fcr Ihr Unternehmen n\u00fctzlichen Materialien. M\u00d6CHTEN SIE EINE MORETTI BOUTIQUE WERDEN? Wenn Sie Teil bei der Moretti Design Welt werden m\u00f6chten, k\u00f6nnen Sie uns unter der Nummer 0735 90444 kontaktieren oder das Formular auf der Kontaktseite ausf\u00fcllen.[\/vc_column_text][\/vc_column][vc_column width=&#8220;1\/2&#8243;][vc_btn title=&#8220;BOUTIQUE \/ TECHNISCHER SERVICE&#8220; style=&#8220;outline-custom&#8220; outline_custom_color=&#8220;#c49651&#8243; outline_custom_hover_background=&#8220;#c49651&#8243; outline_custom_hover_text=&#8220;#ffffff&#8220; size=&#8220;lg&#8220; align=&#8220;center&#8220; link=&#8220;url:https%3A%2F%2Fwww.morettidesign.it%2Farea-riservata-germania%2F|title:Area%20Riservata&#8220;][tm_spacer size=&#8220;lg:50&#8243;][vc_btn title=&#8220;LAGERBESTAND \u00dcBERPR\u00dcFEN&#8220; style=&#8220;outline-custom&#8220; outline_custom_color=&#8220;#c49651&#8243; outline_custom_hover_background=&#8220;#c49651&#8243; outline_custom_hover_text=&#8220;#ffffff&#8220; size=&#8220;lg&#8220; align=&#8220;center&#8220; link=&#8220;url:%2Fconsulta-il-magazzino%2F|title:Consulta%20il%20magazzino|target:%20_blank|&#8220;][\/vc_column][\/vc_row]","protected":false},"author":1,"featured_media":0,"parent":0,"menu_order":21,"comment_status":"closed","ping_status":"closed","template":"","meta":{"_glsr_average":0,"_glsr_ranking":0,"_glsr_reviews":0,"footnotes":""},"class_list":["post-24888","page","type-page","status-publish","hentry"],"yoast_head":"<!-- This site is optimized with the Yoast SEO plugin v23.5 - https:\/\/yoast.com\/wordpress\/plugins\/seo\/ -->\n<title>ZUGANG RESERVIERTER BEREICH - Moretti Design<\/title>\n<meta name=\"robots\" content=\"index, follow, max-snippet:-1, max-image-preview:large, max-video-preview:-1\" \/>\n<link rel=\"canonical\" href=\"https:\/\/morettidesign.it\/de\/zugang-reservierter-bereich\/\" \/>\n<meta property=\"og:locale\" content=\"de_DE\" \/>\n<meta property=\"og:type\" content=\"article\" \/>\n<meta property=\"og:title\" content=\"ZUGANG RESERVIERTER BEREICH - Moretti Design\" \/>\n<meta property=\"og:description\" content=\"[vc_row][vc_column width=&#8220;1\/2&#8243;][vc_column_text] GEBEN SIE IHRE MORETTI ID EIN Wenn Sie Zugangsdaten zu Ihrem reservierten Bereich haben, klicken Sie auf den Interessenbereich und geben Sie den Benutzernamen und das Passwort ein, um auf alle vorhandenen Materialien zuzugreifen und diese zu verwenden. Wenn Sie die Daten immer noch nicht haben, sie verloren haben und nicht darauf zugreifen k\u00f6nnen, rufen Sie sie einfach und sofort ab, indem Sie sich an den Kundendienst wenden. WAS SIE IM RESERVIERTEN BEREICH FINDEN Im reservierten Bereich finden Sie Kataloge, technische Datenbl\u00e4tter unserer \u00d6fen und alle f\u00fcr Ihr Unternehmen n\u00fctzlichen Materialien. M\u00d6CHTEN SIE EINE MORETTI BOUTIQUE WERDEN? Wenn Sie Teil bei der Moretti Design Welt werden m\u00f6chten, k\u00f6nnen Sie uns unter der Nummer 0735 90444 kontaktieren oder das Formular auf der Kontaktseite ausf\u00fcllen.[\/vc_column_text][\/vc_column][vc_column width=&#8220;1\/2&#8243;][vc_btn title=&#8220;BOUTIQUE \/ TECHNISCHER SERVICE&#8220; style=&#8220;outline-custom&#8220; outline_custom_color=&#8220;#c49651&#8243; outline_custom_hover_background=&#8220;#c49651&#8243; outline_custom_hover_text=&#8220;#ffffff&#8220; size=&#8220;lg&#8220; align=&#8220;center&#8220; link=&#8220;url:https%3A%2F%2Fwww.morettidesign.it%2Farea-riservata-germania%2F|title:Area%20Riservata&#8220;][tm_spacer size=&#8220;lg:50&#8243;][vc_btn title=&#8220;LAGERBESTAND \u00dcBERPR\u00dcFEN&#8220; style=&#8220;outline-custom&#8220; outline_custom_color=&#8220;#c49651&#8243; outline_custom_hover_background=&#8220;#c49651&#8243; outline_custom_hover_text=&#8220;#ffffff&#8220; size=&#8220;lg&#8220; align=&#8220;center&#8220; link=&#8220;url:%2Fconsulta-il-magazzino%2F|title:Consulta%20il%20magazzino|target:%20_blank|&#8220;][\/vc_column][\/vc_row]\" \/>\n<meta property=\"og:url\" content=\"https:\/\/morettidesign.it\/de\/zugang-reservierter-bereich\/\" \/>\n<meta property=\"og:site_name\" content=\"Moretti Design\" \/>\n<meta property=\"article:modified_time\" content=\"2023-03-30T15:59:23+00:00\" \/>\n<meta name=\"twitter:card\" content=\"summary_large_image\" \/>\n<meta name=\"twitter:label1\" content=\"Gesch\u00e4tzte Lesezeit\" \/>\n\t<meta name=\"twitter:data1\" content=\"1\u00a0Minute\" \/>\n<script type=\"application\/ld+json\" class=\"yoast-schema-graph\">{\"@context\":\"https:\/\/schema.org\",\"@graph\":[{\"@type\":\"WebPage\",\"@id\":\"https:\/\/morettidesign.it\/de\/zugang-reservierter-bereich\/\",\"url\":\"https:\/\/morettidesign.it\/de\/zugang-reservierter-bereich\/\",\"name\":\"ZUGANG RESERVIERTER BEREICH - Moretti Design\",\"isPartOf\":{\"@id\":\"https:\/\/morettidesign.it\/#website\"},\"datePublished\":\"2020-07-29T16:19:54+00:00\",\"dateModified\":\"2023-03-30T15:59:23+00:00\",\"breadcrumb\":{\"@id\":\"https:\/\/morettidesign.it\/de\/zugang-reservierter-bereich\/#breadcrumb\"},\"inLanguage\":\"de\",\"potentialAction\":[{\"@type\":\"ReadAction\",\"target\":[\"https:\/\/morettidesign.it\/de\/zugang-reservierter-bereich\/\"]}]},{\"@type\":\"BreadcrumbList\",\"@id\":\"https:\/\/morettidesign.it\/de\/zugang-reservierter-bereich\/#breadcrumb\",\"itemListElement\":[{\"@type\":\"ListItem\",\"position\":1,\"name\":\"Home\",\"item\":\"https:\/\/morettidesign.it\/de\/\"},{\"@type\":\"ListItem\",\"position\":2,\"name\":\"ZUGANG RESERVIERTER BEREICH\"}]},{\"@type\":\"WebSite\",\"@id\":\"https:\/\/morettidesign.it\/#website\",\"url\":\"https:\/\/morettidesign.it\/\",\"name\":\"Moretti Design\",\"description\":\"Stufe a pellet e legna\",\"potentialAction\":[{\"@type\":\"SearchAction\",\"target\":{\"@type\":\"EntryPoint\",\"urlTemplate\":\"https:\/\/morettidesign.it\/?s={search_term_string}\"},\"query-input\":{\"@type\":\"PropertyValueSpecification\",\"valueRequired\":true,\"valueName\":\"search_term_string\"}}],\"inLanguage\":\"de\"}]}<\/script>\n<!-- \/ Yoast SEO plugin. -->","yoast_head_json":{"title":"ZUGANG RESERVIERTER BEREICH - Moretti Design","robots":{"index":"index","follow":"follow","max-snippet":"max-snippet:-1","max-image-preview":"max-image-preview:large","max-video-preview":"max-video-preview:-1"},"canonical":"https:\/\/morettidesign.it\/de\/zugang-reservierter-bereich\/","og_locale":"de_DE","og_type":"article","og_title":"ZUGANG RESERVIERTER BEREICH - Moretti Design","og_description":"[vc_row][vc_column width=&#8220;1\/2&#8243;][vc_column_text] GEBEN SIE IHRE MORETTI ID EIN Wenn Sie Zugangsdaten zu Ihrem reservierten Bereich haben, klicken Sie auf den Interessenbereich und geben Sie den Benutzernamen und das Passwort ein, um auf alle vorhandenen Materialien zuzugreifen und diese zu verwenden. Wenn Sie die Daten immer noch nicht haben, sie verloren haben und nicht darauf zugreifen k\u00f6nnen, rufen Sie sie einfach und sofort ab, indem Sie sich an den Kundendienst wenden. WAS SIE IM RESERVIERTEN BEREICH FINDEN Im reservierten Bereich finden Sie Kataloge, technische Datenbl\u00e4tter unserer \u00d6fen und alle f\u00fcr Ihr Unternehmen n\u00fctzlichen Materialien. M\u00d6CHTEN SIE EINE MORETTI BOUTIQUE WERDEN? Wenn Sie Teil bei der Moretti Design Welt werden m\u00f6chten, k\u00f6nnen Sie uns unter der Nummer 0735 90444 kontaktieren oder das Formular auf der Kontaktseite ausf\u00fcllen.[\/vc_column_text][\/vc_column][vc_column width=&#8220;1\/2&#8243;][vc_btn title=&#8220;BOUTIQUE \/ TECHNISCHER SERVICE&#8220; style=&#8220;outline-custom&#8220; outline_custom_color=&#8220;#c49651&#8243; outline_custom_hover_background=&#8220;#c49651&#8243; outline_custom_hover_text=&#8220;#ffffff&#8220; size=&#8220;lg&#8220; align=&#8220;center&#8220; link=&#8220;url:https%3A%2F%2Fwww.morettidesign.it%2Farea-riservata-germania%2F|title:Area%20Riservata&#8220;][tm_spacer size=&#8220;lg:50&#8243;][vc_btn title=&#8220;LAGERBESTAND \u00dcBERPR\u00dcFEN&#8220; style=&#8220;outline-custom&#8220; outline_custom_color=&#8220;#c49651&#8243; outline_custom_hover_background=&#8220;#c49651&#8243; outline_custom_hover_text=&#8220;#ffffff&#8220; size=&#8220;lg&#8220; align=&#8220;center&#8220; link=&#8220;url:%2Fconsulta-il-magazzino%2F|title:Consulta%20il%20magazzino|target:%20_blank|&#8220;][\/vc_column][\/vc_row]","og_url":"https:\/\/morettidesign.it\/de\/zugang-reservierter-bereich\/","og_site_name":"Moretti Design","article_modified_time":"2023-03-30T15:59:23+00:00","twitter_card":"summary_large_image","twitter_misc":{"Gesch\u00e4tzte Lesezeit":"1\u00a0Minute"},"schema":{"@context":"https:\/\/schema.org","@graph":[{"@type":"WebPage","@id":"https:\/\/morettidesign.it\/de\/zugang-reservierter-bereich\/","url":"https:\/\/morettidesign.it\/de\/zugang-reservierter-bereich\/","name":"ZUGANG RESERVIERTER BEREICH - Moretti Design","isPartOf":{"@id":"https:\/\/morettidesign.it\/#website"},"datePublished":"2020-07-29T16:19:54+00:00","dateModified":"2023-03-30T15:59:23+00:00","breadcrumb":{"@id":"https:\/\/morettidesign.it\/de\/zugang-reservierter-bereich\/#breadcrumb"},"inLanguage":"de","potentialAction":[{"@type":"ReadAction","target":["https:\/\/morettidesign.it\/de\/zugang-reservierter-bereich\/"]}]},{"@type":"BreadcrumbList","@id":"https:\/\/morettidesign.it\/de\/zugang-reservierter-bereich\/#breadcrumb","itemListElement":[{"@type":"ListItem","position":1,"name":"Home","item":"https:\/\/morettidesign.it\/de\/"},{"@type":"ListItem","position":2,"name":"ZUGANG RESERVIERTER BEREICH"}]},{"@type":"WebSite","@id":"https:\/\/morettidesign.it\/#website","url":"https:\/\/morettidesign.it\/","name":"Moretti Design","description":"Stufe a pellet e legna","potentialAction":[{"@type":"SearchAction","target":{"@type":"EntryPoint","urlTemplate":"https:\/\/morettidesign.it\/?s={search_term_string}"},"query-input":{"@type":"PropertyValueSpecification","valueRequired":true,"valueName":"search_term_string"}}],"inLanguage":"de"}]}},"_links":{"self":[{"href":"https:\/\/morettidesign.it\/de\/wp-json\/wp\/v2\/pages\/24888"}],"collection":[{"href":"https:\/\/morettidesign.it\/de\/wp-json\/wp\/v2\/pages"}],"about":[{"href":"https:\/\/morettidesign.it\/de\/wp-json\/wp\/v2\/types\/page"}],"author":[{"embeddable":true,"href":"https:\/\/morettidesign.it\/de\/wp-json\/wp\/v2\/users\/1"}],"replies":[{"embeddable":true,"href":"https:\/\/morettidesign.it\/de\/wp-json\/wp\/v2\/comments?post=24888"}],"version-history":[{"count":1,"href":"https:\/\/morettidesign.it\/de\/wp-json\/wp\/v2\/pages\/24888\/revisions"}],"predecessor-version":[{"id":49050,"href":"https:\/\/morettidesign.it\/de\/wp-json\/wp\/v2\/pages\/24888\/revisions\/49050"}],"wp:attachment":[{"href":"https:\/\/morettidesign.it\/de\/wp-json\/wp\/v2\/media?parent=24888"}],"curies":[{"name":"wp","href":"https:\/\/api.w.org\/{rel}","templated":true}]}}