{"id":27717,"date":"2020-07-16T18:55:36","date_gmt":"2020-07-16T16:55:36","guid":{"rendered":"http:\/\/www.morettidesign.it\/assistenza-post-vendita\/"},"modified":"2022-04-20T17:37:58","modified_gmt":"2022-04-20T15:37:58","slug":"assistenza-post-vendita","status":"publish","type":"page","link":"https:\/\/morettidesign.it\/de\/assistenza-post-vendita\/","title":{"rendered":"SERVICE"},"content":{"rendered":"<p>[vc_row][vc_column][vc_column_text]<\/p>\n<p style=\"text-align: center;\"><strong><span style=\"text-align: center; font-size: 24px; color: #c49651;\">UNSER KUNDENDIENST, IMMER AN IHRER SEITE<\/span><\/strong><\/p>\n<p style=\"text-align: center; font-size: 16px;\">Unser Kundendienst, immer an Ihrer Seite Einen einwandfreien und effizienten Kundendienst zu garantieren ist eines der Unterscheidungskerkmale von Moretti Design. Unsere Experten sind immer verf\u00fcgbar um eine angemessene technische Unterst\u00fctzung zu leisten. Wenn Sie nach Verkaufsabschlu\u00df mit dem Kundendienst in Verbindung treten m\u00f6chten, k\u00f6nnen Sie die Nummer 0735 90444 anrufen, ein zust\u00e4ndiger Mitarbeiter wird sich freuen Ihre ganz pers\u00f6nlichen Anspr\u00fcche kennenzulernen. Zur gleichen Zeit k\u00f6nnen Sie Unterst\u00fctzung per E-Mail erhalten, indem Sie das Kontaktformular auf dieser Seite ausf\u00fcllen. Ein Mitarbeiter wird Ihre Anfrage so schnell wie m\u00f6glich \u00fcberpr\u00fcfen.<\/p>\n<p>[\/vc_column_text][tm_spacer size=&#8220;lg:30&#8243;][\/vc_column][\/vc_row][vc_row][vc_column width=&#8220;1\/2&#8243; el_class=&#8220;shadow&#8220;][tm_spacer size=&#8220;lg:30&#8243;][vc_column_text]<\/p>\n<h3 style=\"text-align: center;\"><strong>FORMULAR<\/strong><\/h3>\n<p>[\/vc_column_text][tm_spacer size=&#8220;lg:30&#8243;][tm_contact_form_7 id=&#8220;27721&#8243;][tm_spacer size=&#8220;lg:30&#8243;][\/vc_column][vc_column width=&#8220;1\/2&#8243;][vc_column_text]<\/p>\n<p style=\"text-align: center;\"><strong><span style=\"text-align: center; font-size: 24px; color: #c49651;\">TECHNISCHE UNTERST\u00dcTZUNGS PAKT<\/span><\/strong><\/p>\n<p>Transparenz, Schnelligkeit, Effizienz: dies sind die Schl\u00fcsselworte des <strong>PAKTES F\u00dcR DIE TECHNISCHE UNTERST\u00dcTZUNG<\/strong> die das <strong>MORETTI DESIGN ATELIER<\/strong> ihren <strong>BOUTIQUEN\/SERVICE PARTNER<\/strong> anbietet um die maximale Kundenzufriedenheit zu gew\u00e4hrleisten. Ein <strong>TECHNISCHES UNTERST\u00dcTZUNGS PAKT<\/strong><br \/>\ndass durch die Erteilung einer Lizenz zur Garantie f\u00fcr Zuverl\u00e4ssigkeit, Qualit\u00e4t und Professionalit\u00e4t gehnemigt wird. Von grundlegender Bedeutung ist die Inbetriebnahme des Produktes.<br \/>\nBei der ersten Inbetriebnahme, die von qualifiziertem Personal durchgef\u00fchrt wird, haben Sie folgende <strong>Vorteile:<\/strong><\/p>\n<ul>\n<li>Pr\u00fcfung der Gem\u00e4\u00dfheit der Anlage und der UmweltSicherheit der Installierung.<\/li>\n<li>Einstellung der Verbrennung<\/li>\n<li>Detaillierte Erkl\u00e4rung des Produkt Betriebes;<\/li>\n<li>Aktivierung der 2 Jahre Garantie;<\/li>\n<li>Priorit\u00e4t zum technischen Service Von grundlegender Bedeutung ist die Inbetriebnahme des Produktes.<\/li>\n<\/ul>\n<p>[\/vc_column_text][tm_spacer size=&#8220;lg:50&#8243;][vc_column_text]<\/p>\n<p style=\"text-align: center;\"><strong><span style=\"text-align: center; font-size: 24px; color: #c49651;\">GARANTIE MADE IN ITALY<\/span><\/strong><\/p>\n<p style=\"font-size: 16px;\">Unsere Kamine und \u00d6fen sind handgefertigte Produkte, wirklich &#8222;handmade&#8220;, und deshalb liegt es im ureigenen Interesse der Moretti-Gruppe, sie vor dem Verkauf \u00fcber den Gro\u00dfhandel und\/oder das Internet zu sch\u00fctzen. In diesem Zusammenhang, raten wir vor dem Kauf \u00fcber Online-Verkaufsplattformen ab (um auch das Risiko zu vermeiden, f\u00fcr das entsprechende Aufenthaltsland nicht bestimmte und damit f\u00fcr dieses Land auch nicht zugelassene Produkte zu erwerben), Gruppo Moretti Design weist darauf hin dass alle Produkte des Unternehmens die \u00fcber das Internet gekauft werden keine Herstellergarantie enthalten. Wir sind davon \u00fcberzeugt, dass unsere Politik dem Schutz unserer Kunden und der Exzellenz unserer Marke dient.<\/p>\n<p>[\/vc_column_text][\/vc_column][\/vc_row]<\/p>\n","protected":false},"excerpt":{"rendered":"[vc_row][vc_column][vc_column_text] UNSER KUNDENDIENST, IMMER AN IHRER SEITE Unser Kundendienst, immer an Ihrer Seite Einen einwandfreien und effizienten Kundendienst zu garantieren ist eines der Unterscheidungskerkmale von Moretti Design. Unsere Experten sind immer verf\u00fcgbar um eine angemessene technische Unterst\u00fctzung zu leisten. Wenn Sie nach Verkaufsabschlu\u00df mit dem Kundendienst in Verbindung treten m\u00f6chten, k\u00f6nnen Sie die Nummer 0735 90444 anrufen, ein zust\u00e4ndiger Mitarbeiter wird sich freuen Ihre ganz pers\u00f6nlichen Anspr\u00fcche kennenzulernen. Zur gleichen Zeit k\u00f6nnen Sie Unterst\u00fctzung per E-Mail erhalten, indem Sie das Kontaktformular auf dieser Seite ausf\u00fcllen. Ein Mitarbeiter wird Ihre Anfrage so schnell wie m\u00f6glich \u00fcberpr\u00fcfen. [\/vc_column_text][tm_spacer size=&#8220;lg:30&#8243;][\/vc_column][\/vc_row][vc_row][vc_column width=&#8220;1\/2&#8243; el_class=&#8220;shadow&#8220;][tm_spacer size=&#8220;lg:30&#8243;][vc_column_text] FORMULAR [\/vc_column_text][tm_spacer size=&#8220;lg:30&#8243;][tm_contact_form_7 id=&#8220;27721&#8243;][tm_spacer size=&#8220;lg:30&#8243;][\/vc_column][vc_column width=&#8220;1\/2&#8243;][vc_column_text] TECHNISCHE UNTERST\u00dcTZUNGS PAKT Transparenz, Schnelligkeit, Effizienz: dies sind die Schl\u00fcsselworte des PAKTES F\u00dcR DIE TECHNISCHE UNTERST\u00dcTZUNG die das MORETTI DESIGN ATELIER ihren BOUTIQUEN\/SERVICE PARTNER anbietet um die maximale Kundenzufriedenheit zu gew\u00e4hrleisten. Ein TECHNISCHES UNTERST\u00dcTZUNGS PAKT dass durch die Erteilung einer Lizenz zur Garantie f\u00fcr Zuverl\u00e4ssigkeit, Qualit\u00e4t und Professionalit\u00e4t gehnemigt wird. Von grundlegender Bedeutung ist die Inbetriebnahme des Produktes. Bei der ersten Inbetriebnahme, die von qualifiziertem Personal durchgef\u00fchrt wird, haben Sie folgende Vorteile: Pr\u00fcfung der Gem\u00e4\u00dfheit der Anlage und der UmweltSicherheit der Installierung. Einstellung der Verbrennung Detaillierte Erkl\u00e4rung des Produkt Betriebes; Aktivierung der 2 Jahre Garantie; Priorit\u00e4t zum technischen Service Von grundlegender Bedeutung ist die Inbetriebnahme des Produktes. [\/vc_column_text][tm_spacer size=&#8220;lg:50&#8243;][vc_column_text] GARANTIE MADE IN ITALY Unsere Kamine und \u00d6fen sind handgefertigte Produkte, wirklich &#8222;handmade&#8220;, und deshalb liegt es im ureigenen Interesse der Moretti-Gruppe, sie vor dem Verkauf \u00fcber den Gro\u00dfhandel und\/oder das Internet zu sch\u00fctzen. In diesem Zusammenhang, raten wir vor dem Kauf \u00fcber Online-Verkaufsplattformen ab (um auch das Risiko zu vermeiden, f\u00fcr das entsprechende Aufenthaltsland nicht bestimmte und damit f\u00fcr dieses Land auch nicht zugelassene Produkte zu erwerben), Gruppo Moretti Design weist darauf hin dass alle Produkte des Unternehmens die \u00fcber das Internet gekauft werden keine Herstellergarantie enthalten. Wir sind davon \u00fcberzeugt, dass unsere Politik dem Schutz unserer Kunden und der Exzellenz unserer Marke dient. [\/vc_column_text][\/vc_column][\/vc_row]","protected":false},"author":1,"featured_media":0,"parent":0,"menu_order":15,"comment_status":"closed","ping_status":"closed","template":"","meta":{"_glsr_average":0,"_glsr_ranking":0,"_glsr_reviews":0,"footnotes":""},"class_list":["post-27717","page","type-page","status-publish","hentry"],"yoast_head":"<!-- This site is optimized with the Yoast SEO plugin v23.5 - https:\/\/yoast.com\/wordpress\/plugins\/seo\/ -->\n<title>SERVICE - Moretti Design<\/title>\n<meta name=\"robots\" content=\"index, follow, max-snippet:-1, max-image-preview:large, max-video-preview:-1\" \/>\n<link rel=\"canonical\" href=\"https:\/\/morettidesign.it\/de\/assistenza-post-vendita\/\" \/>\n<meta property=\"og:locale\" content=\"de_DE\" \/>\n<meta property=\"og:type\" content=\"article\" \/>\n<meta property=\"og:title\" content=\"SERVICE - Moretti Design\" \/>\n<meta property=\"og:description\" content=\"[vc_row][vc_column][vc_column_text] UNSER KUNDENDIENST, IMMER AN IHRER SEITE Unser Kundendienst, immer an Ihrer Seite Einen einwandfreien und effizienten Kundendienst zu garantieren ist eines der Unterscheidungskerkmale von Moretti Design. Unsere Experten sind immer verf\u00fcgbar um eine angemessene technische Unterst\u00fctzung zu leisten. Wenn Sie nach Verkaufsabschlu\u00df mit dem Kundendienst in Verbindung treten m\u00f6chten, k\u00f6nnen Sie die Nummer 0735 90444 anrufen, ein zust\u00e4ndiger Mitarbeiter wird sich freuen Ihre ganz pers\u00f6nlichen Anspr\u00fcche kennenzulernen. Zur gleichen Zeit k\u00f6nnen Sie Unterst\u00fctzung per E-Mail erhalten, indem Sie das Kontaktformular auf dieser Seite ausf\u00fcllen. Ein Mitarbeiter wird Ihre Anfrage so schnell wie m\u00f6glich \u00fcberpr\u00fcfen. [\/vc_column_text][tm_spacer size=&#8220;lg:30&#8243;][\/vc_column][\/vc_row][vc_row][vc_column width=&#8220;1\/2&#8243; el_class=&#8220;shadow&#8220;][tm_spacer size=&#8220;lg:30&#8243;][vc_column_text] FORMULAR [\/vc_column_text][tm_spacer size=&#8220;lg:30&#8243;][tm_contact_form_7 id=&#8220;27721&#8243;][tm_spacer size=&#8220;lg:30&#8243;][\/vc_column][vc_column width=&#8220;1\/2&#8243;][vc_column_text] TECHNISCHE UNTERST\u00dcTZUNGS PAKT Transparenz, Schnelligkeit, Effizienz: dies sind die Schl\u00fcsselworte des PAKTES F\u00dcR DIE TECHNISCHE UNTERST\u00dcTZUNG die das MORETTI DESIGN ATELIER ihren BOUTIQUEN\/SERVICE PARTNER anbietet um die maximale Kundenzufriedenheit zu gew\u00e4hrleisten. Ein TECHNISCHES UNTERST\u00dcTZUNGS PAKT dass durch die Erteilung einer Lizenz zur Garantie f\u00fcr Zuverl\u00e4ssigkeit, Qualit\u00e4t und Professionalit\u00e4t gehnemigt wird. Von grundlegender Bedeutung ist die Inbetriebnahme des Produktes. Bei der ersten Inbetriebnahme, die von qualifiziertem Personal durchgef\u00fchrt wird, haben Sie folgende Vorteile: Pr\u00fcfung der Gem\u00e4\u00dfheit der Anlage und der UmweltSicherheit der Installierung. Einstellung der Verbrennung Detaillierte Erkl\u00e4rung des Produkt Betriebes; Aktivierung der 2 Jahre Garantie; Priorit\u00e4t zum technischen Service Von grundlegender Bedeutung ist die Inbetriebnahme des Produktes. [\/vc_column_text][tm_spacer size=&#8220;lg:50&#8243;][vc_column_text] GARANTIE MADE IN ITALY Unsere Kamine und \u00d6fen sind handgefertigte Produkte, wirklich &#8222;handmade&#8220;, und deshalb liegt es im ureigenen Interesse der Moretti-Gruppe, sie vor dem Verkauf \u00fcber den Gro\u00dfhandel und\/oder das Internet zu sch\u00fctzen. In diesem Zusammenhang, raten wir vor dem Kauf \u00fcber Online-Verkaufsplattformen ab (um auch das Risiko zu vermeiden, f\u00fcr das entsprechende Aufenthaltsland nicht bestimmte und damit f\u00fcr dieses Land auch nicht zugelassene Produkte zu erwerben), Gruppo Moretti Design weist darauf hin dass alle Produkte des Unternehmens die \u00fcber das Internet gekauft werden keine Herstellergarantie enthalten. Wir sind davon \u00fcberzeugt, dass unsere Politik dem Schutz unserer Kunden und der Exzellenz unserer Marke dient. [\/vc_column_text][\/vc_column][\/vc_row]\" \/>\n<meta property=\"og:url\" content=\"https:\/\/morettidesign.it\/de\/assistenza-post-vendita\/\" \/>\n<meta property=\"og:site_name\" content=\"Moretti Design\" \/>\n<meta property=\"article:modified_time\" content=\"2022-04-20T15:37:58+00:00\" \/>\n<meta name=\"twitter:card\" content=\"summary_large_image\" \/>\n<meta name=\"twitter:title\" content=\"-1349\" \/>\n<meta name=\"twitter:description\" content=\"90\" \/>\n<meta name=\"twitter:image\" content=\"http:\/\/false\" \/>\n<meta name=\"twitter:label1\" content=\"Gesch\u00e4tzte Lesezeit\" \/>\n\t<meta name=\"twitter:data1\" content=\"2\u00a0Minuten\" \/>\n<script type=\"application\/ld+json\" class=\"yoast-schema-graph\">{\"@context\":\"https:\/\/schema.org\",\"@graph\":[{\"@type\":\"WebPage\",\"@id\":\"https:\/\/morettidesign.it\/de\/assistenza-post-vendita\/\",\"url\":\"https:\/\/morettidesign.it\/de\/assistenza-post-vendita\/\",\"name\":\"SERVICE - Moretti Design\",\"isPartOf\":{\"@id\":\"https:\/\/morettidesign.it\/#website\"},\"datePublished\":\"2020-07-16T16:55:36+00:00\",\"dateModified\":\"2022-04-20T15:37:58+00:00\",\"breadcrumb\":{\"@id\":\"https:\/\/morettidesign.it\/de\/assistenza-post-vendita\/#breadcrumb\"},\"inLanguage\":\"de\",\"potentialAction\":[{\"@type\":\"ReadAction\",\"target\":[\"https:\/\/morettidesign.it\/de\/assistenza-post-vendita\/\"]}]},{\"@type\":\"BreadcrumbList\",\"@id\":\"https:\/\/morettidesign.it\/de\/assistenza-post-vendita\/#breadcrumb\",\"itemListElement\":[{\"@type\":\"ListItem\",\"position\":1,\"name\":\"Home\",\"item\":\"https:\/\/morettidesign.it\/de\/\"},{\"@type\":\"ListItem\",\"position\":2,\"name\":\"SERVICE\"}]},{\"@type\":\"WebSite\",\"@id\":\"https:\/\/morettidesign.it\/#website\",\"url\":\"https:\/\/morettidesign.it\/\",\"name\":\"Moretti Design\",\"description\":\"Stufe a pellet e legna\",\"potentialAction\":[{\"@type\":\"SearchAction\",\"target\":{\"@type\":\"EntryPoint\",\"urlTemplate\":\"https:\/\/morettidesign.it\/?s={search_term_string}\"},\"query-input\":{\"@type\":\"PropertyValueSpecification\",\"valueRequired\":true,\"valueName\":\"search_term_string\"}}],\"inLanguage\":\"de\"}]}<\/script>\n<!-- \/ Yoast SEO plugin. -->","yoast_head_json":{"title":"SERVICE - Moretti Design","robots":{"index":"index","follow":"follow","max-snippet":"max-snippet:-1","max-image-preview":"max-image-preview:large","max-video-preview":"max-video-preview:-1"},"canonical":"https:\/\/morettidesign.it\/de\/assistenza-post-vendita\/","og_locale":"de_DE","og_type":"article","og_title":"SERVICE - Moretti Design","og_description":"[vc_row][vc_column][vc_column_text] UNSER KUNDENDIENST, IMMER AN IHRER SEITE Unser Kundendienst, immer an Ihrer Seite Einen einwandfreien und effizienten Kundendienst zu garantieren ist eines der Unterscheidungskerkmale von Moretti Design. Unsere Experten sind immer verf\u00fcgbar um eine angemessene technische Unterst\u00fctzung zu leisten. Wenn Sie nach Verkaufsabschlu\u00df mit dem Kundendienst in Verbindung treten m\u00f6chten, k\u00f6nnen Sie die Nummer 0735 90444 anrufen, ein zust\u00e4ndiger Mitarbeiter wird sich freuen Ihre ganz pers\u00f6nlichen Anspr\u00fcche kennenzulernen. Zur gleichen Zeit k\u00f6nnen Sie Unterst\u00fctzung per E-Mail erhalten, indem Sie das Kontaktformular auf dieser Seite ausf\u00fcllen. Ein Mitarbeiter wird Ihre Anfrage so schnell wie m\u00f6glich \u00fcberpr\u00fcfen. [\/vc_column_text][tm_spacer size=&#8220;lg:30&#8243;][\/vc_column][\/vc_row][vc_row][vc_column width=&#8220;1\/2&#8243; el_class=&#8220;shadow&#8220;][tm_spacer size=&#8220;lg:30&#8243;][vc_column_text] FORMULAR [\/vc_column_text][tm_spacer size=&#8220;lg:30&#8243;][tm_contact_form_7 id=&#8220;27721&#8243;][tm_spacer size=&#8220;lg:30&#8243;][\/vc_column][vc_column width=&#8220;1\/2&#8243;][vc_column_text] TECHNISCHE UNTERST\u00dcTZUNGS PAKT Transparenz, Schnelligkeit, Effizienz: dies sind die Schl\u00fcsselworte des PAKTES F\u00dcR DIE TECHNISCHE UNTERST\u00dcTZUNG die das MORETTI DESIGN ATELIER ihren BOUTIQUEN\/SERVICE PARTNER anbietet um die maximale Kundenzufriedenheit zu gew\u00e4hrleisten. Ein TECHNISCHES UNTERST\u00dcTZUNGS PAKT dass durch die Erteilung einer Lizenz zur Garantie f\u00fcr Zuverl\u00e4ssigkeit, Qualit\u00e4t und Professionalit\u00e4t gehnemigt wird. Von grundlegender Bedeutung ist die Inbetriebnahme des Produktes. Bei der ersten Inbetriebnahme, die von qualifiziertem Personal durchgef\u00fchrt wird, haben Sie folgende Vorteile: Pr\u00fcfung der Gem\u00e4\u00dfheit der Anlage und der UmweltSicherheit der Installierung. Einstellung der Verbrennung Detaillierte Erkl\u00e4rung des Produkt Betriebes; Aktivierung der 2 Jahre Garantie; Priorit\u00e4t zum technischen Service Von grundlegender Bedeutung ist die Inbetriebnahme des Produktes. [\/vc_column_text][tm_spacer size=&#8220;lg:50&#8243;][vc_column_text] GARANTIE MADE IN ITALY Unsere Kamine und \u00d6fen sind handgefertigte Produkte, wirklich &#8222;handmade&#8220;, und deshalb liegt es im ureigenen Interesse der Moretti-Gruppe, sie vor dem Verkauf \u00fcber den Gro\u00dfhandel und\/oder das Internet zu sch\u00fctzen. In diesem Zusammenhang, raten wir vor dem Kauf \u00fcber Online-Verkaufsplattformen ab (um auch das Risiko zu vermeiden, f\u00fcr das entsprechende Aufenthaltsland nicht bestimmte und damit f\u00fcr dieses Land auch nicht zugelassene Produkte zu erwerben), Gruppo Moretti Design weist darauf hin dass alle Produkte des Unternehmens die \u00fcber das Internet gekauft werden keine Herstellergarantie enthalten. Wir sind davon \u00fcberzeugt, dass unsere Politik dem Schutz unserer Kunden und der Exzellenz unserer Marke dient. [\/vc_column_text][\/vc_column][\/vc_row]","og_url":"https:\/\/morettidesign.it\/de\/assistenza-post-vendita\/","og_site_name":"Moretti Design","article_modified_time":"2022-04-20T15:37:58+00:00","twitter_card":"summary_large_image","twitter_title":"-1349","twitter_description":"90","twitter_image":"false","twitter_misc":{"Gesch\u00e4tzte Lesezeit":"2\u00a0Minuten"},"schema":{"@context":"https:\/\/schema.org","@graph":[{"@type":"WebPage","@id":"https:\/\/morettidesign.it\/de\/assistenza-post-vendita\/","url":"https:\/\/morettidesign.it\/de\/assistenza-post-vendita\/","name":"SERVICE - Moretti Design","isPartOf":{"@id":"https:\/\/morettidesign.it\/#website"},"datePublished":"2020-07-16T16:55:36+00:00","dateModified":"2022-04-20T15:37:58+00:00","breadcrumb":{"@id":"https:\/\/morettidesign.it\/de\/assistenza-post-vendita\/#breadcrumb"},"inLanguage":"de","potentialAction":[{"@type":"ReadAction","target":["https:\/\/morettidesign.it\/de\/assistenza-post-vendita\/"]}]},{"@type":"BreadcrumbList","@id":"https:\/\/morettidesign.it\/de\/assistenza-post-vendita\/#breadcrumb","itemListElement":[{"@type":"ListItem","position":1,"name":"Home","item":"https:\/\/morettidesign.it\/de\/"},{"@type":"ListItem","position":2,"name":"SERVICE"}]},{"@type":"WebSite","@id":"https:\/\/morettidesign.it\/#website","url":"https:\/\/morettidesign.it\/","name":"Moretti Design","description":"Stufe a pellet e legna","potentialAction":[{"@type":"SearchAction","target":{"@type":"EntryPoint","urlTemplate":"https:\/\/morettidesign.it\/?s={search_term_string}"},"query-input":{"@type":"PropertyValueSpecification","valueRequired":true,"valueName":"search_term_string"}}],"inLanguage":"de"}]}},"_links":{"self":[{"href":"https:\/\/morettidesign.it\/de\/wp-json\/wp\/v2\/pages\/27717"}],"collection":[{"href":"https:\/\/morettidesign.it\/de\/wp-json\/wp\/v2\/pages"}],"about":[{"href":"https:\/\/morettidesign.it\/de\/wp-json\/wp\/v2\/types\/page"}],"author":[{"embeddable":true,"href":"https:\/\/morettidesign.it\/de\/wp-json\/wp\/v2\/users\/1"}],"replies":[{"embeddable":true,"href":"https:\/\/morettidesign.it\/de\/wp-json\/wp\/v2\/comments?post=27717"}],"version-history":[{"count":0,"href":"https:\/\/morettidesign.it\/de\/wp-json\/wp\/v2\/pages\/27717\/revisions"}],"wp:attachment":[{"href":"https:\/\/morettidesign.it\/de\/wp-json\/wp\/v2\/media?parent=27717"}],"curies":[{"name":"wp","href":"https:\/\/api.w.org\/{rel}","templated":true}]}}