{"id":27725,"date":"2020-07-16T18:33:04","date_gmt":"2020-07-16T16:33:04","guid":{"rendered":"http:\/\/www.morettidesign.it\/registra-il-prodotto\/"},"modified":"2020-10-08T15:06:32","modified_gmt":"2020-10-08T13:06:32","slug":"registra-il-prodotto","status":"publish","type":"page","link":"https:\/\/morettidesign.it\/de\/registra-il-prodotto\/","title":{"rendered":"Registrieren Sie das Produkt"},"content":{"rendered":"<p>[vc_row][vc_column][vc_column_text]<\/p>\n<p style=\"text-align: center;\"><span style=\"font-size: 28px;\">Vielen Dank, dass Sie sich f\u00fcr ein Produkt von Moretti Design entschieden haben.<\/span><br \/>\n<span style=\"font-size: 18px;\">Registrieren Sie Ihren Ofen oder Ihren Heizkessel, um alle damit verbundenen Dienstleistungen in Anspruch zu nehmen, wie technische Unterst\u00fctzung, Kommunikation \u00fcber die neuesten Nachrichten aus unserem Atelier und Kompetente Beratung f\u00fcr eine ordnungsgem\u00e4\u00dfe Wartung im Laufe der Zeit.<\/span><\/p>\n<p>[\/vc_column_text][tm_spacer size=&#8220;lg:50&#8243;][\/vc_column][\/vc_row][vc_row][vc_column width=&#8220;1\/4&#8243;][\/vc_column][vc_column width=&#8220;1\/2&#8243; el_class=&#8220;shadow&#8220;][tm_contact_form_7 id=&#8220;27727&#8243;][\/vc_column][vc_column width=&#8220;1\/4&#8243;][\/vc_column][\/vc_row]<\/p>\n","protected":false},"excerpt":{"rendered":"[vc_row][vc_column][vc_column_text] Vielen Dank, dass Sie sich f\u00fcr ein Produkt von Moretti Design entschieden haben. Registrieren Sie Ihren Ofen oder Ihren Heizkessel, um alle damit verbundenen Dienstleistungen in Anspruch zu nehmen, wie technische Unterst\u00fctzung, Kommunikation \u00fcber die neuesten Nachrichten aus unserem Atelier und Kompetente Beratung f\u00fcr eine ordnungsgem\u00e4\u00dfe Wartung im Laufe der Zeit. [\/vc_column_text][tm_spacer size=&#8220;lg:50&#8243;][\/vc_column][\/vc_row][vc_row][vc_column width=&#8220;1\/4&#8243;][\/vc_column][vc_column width=&#8220;1\/2&#8243; el_class=&#8220;shadow&#8220;][tm_contact_form_7 id=&#8220;27727&#8243;][\/vc_column][vc_column width=&#8220;1\/4&#8243;][\/vc_column][\/vc_row]","protected":false},"author":1,"featured_media":0,"parent":0,"menu_order":14,"comment_status":"closed","ping_status":"closed","template":"","meta":{"_glsr_average":0,"_glsr_ranking":0,"_glsr_reviews":0,"footnotes":""},"class_list":["post-27725","page","type-page","status-publish","hentry"],"yoast_head":"<!-- This site is optimized with the Yoast SEO plugin v23.5 - https:\/\/yoast.com\/wordpress\/plugins\/seo\/ -->\n<title>Registrieren Sie das Produkt - Moretti Design<\/title>\n<meta name=\"robots\" content=\"index, follow, max-snippet:-1, max-image-preview:large, max-video-preview:-1\" \/>\n<link rel=\"canonical\" href=\"https:\/\/morettidesign.it\/de\/registra-il-prodotto\/\" \/>\n<meta property=\"og:locale\" content=\"de_DE\" \/>\n<meta property=\"og:type\" content=\"article\" \/>\n<meta property=\"og:title\" content=\"Registrieren Sie das Produkt - Moretti Design\" \/>\n<meta property=\"og:description\" content=\"[vc_row][vc_column][vc_column_text] Vielen Dank, dass Sie sich f\u00fcr ein Produkt von Moretti Design entschieden haben. Registrieren Sie Ihren Ofen oder Ihren Heizkessel, um alle damit verbundenen Dienstleistungen in Anspruch zu nehmen, wie technische Unterst\u00fctzung, Kommunikation \u00fcber die neuesten Nachrichten aus unserem Atelier und Kompetente Beratung f\u00fcr eine ordnungsgem\u00e4\u00dfe Wartung im Laufe der Zeit. [\/vc_column_text][tm_spacer size=&#8220;lg:50&#8243;][\/vc_column][\/vc_row][vc_row][vc_column width=&#8220;1\/4&#8243;][\/vc_column][vc_column width=&#8220;1\/2&#8243; el_class=&#8220;shadow&#8220;][tm_contact_form_7 id=&#8220;27727&#8243;][\/vc_column][vc_column width=&#8220;1\/4&#8243;][\/vc_column][\/vc_row]\" \/>\n<meta property=\"og:url\" content=\"https:\/\/morettidesign.it\/de\/registra-il-prodotto\/\" \/>\n<meta property=\"og:site_name\" content=\"Moretti Design\" \/>\n<meta property=\"article:modified_time\" content=\"2020-10-08T13:06:32+00:00\" \/>\n<meta name=\"twitter:card\" content=\"summary_large_image\" \/>\n<script type=\"application\/ld+json\" class=\"yoast-schema-graph\">{\"@context\":\"https:\/\/schema.org\",\"@graph\":[{\"@type\":\"WebPage\",\"@id\":\"https:\/\/morettidesign.it\/de\/registra-il-prodotto\/\",\"url\":\"https:\/\/morettidesign.it\/de\/registra-il-prodotto\/\",\"name\":\"Registrieren Sie das Produkt - Moretti Design\",\"isPartOf\":{\"@id\":\"https:\/\/morettidesign.it\/#website\"},\"datePublished\":\"2020-07-16T16:33:04+00:00\",\"dateModified\":\"2020-10-08T13:06:32+00:00\",\"breadcrumb\":{\"@id\":\"https:\/\/morettidesign.it\/de\/registra-il-prodotto\/#breadcrumb\"},\"inLanguage\":\"de\",\"potentialAction\":[{\"@type\":\"ReadAction\",\"target\":[\"https:\/\/morettidesign.it\/de\/registra-il-prodotto\/\"]}]},{\"@type\":\"BreadcrumbList\",\"@id\":\"https:\/\/morettidesign.it\/de\/registra-il-prodotto\/#breadcrumb\",\"itemListElement\":[{\"@type\":\"ListItem\",\"position\":1,\"name\":\"Home\",\"item\":\"https:\/\/morettidesign.it\/de\/\"},{\"@type\":\"ListItem\",\"position\":2,\"name\":\"Registrieren Sie das Produkt\"}]},{\"@type\":\"WebSite\",\"@id\":\"https:\/\/morettidesign.it\/#website\",\"url\":\"https:\/\/morettidesign.it\/\",\"name\":\"Moretti Design\",\"description\":\"Stufe a pellet e legna\",\"potentialAction\":[{\"@type\":\"SearchAction\",\"target\":{\"@type\":\"EntryPoint\",\"urlTemplate\":\"https:\/\/morettidesign.it\/?s={search_term_string}\"},\"query-input\":{\"@type\":\"PropertyValueSpecification\",\"valueRequired\":true,\"valueName\":\"search_term_string\"}}],\"inLanguage\":\"de\"}]}<\/script>\n<!-- \/ Yoast SEO plugin. -->","yoast_head_json":{"title":"Registrieren Sie das Produkt - Moretti Design","robots":{"index":"index","follow":"follow","max-snippet":"max-snippet:-1","max-image-preview":"max-image-preview:large","max-video-preview":"max-video-preview:-1"},"canonical":"https:\/\/morettidesign.it\/de\/registra-il-prodotto\/","og_locale":"de_DE","og_type":"article","og_title":"Registrieren Sie das Produkt - Moretti Design","og_description":"[vc_row][vc_column][vc_column_text] Vielen Dank, dass Sie sich f\u00fcr ein Produkt von Moretti Design entschieden haben. Registrieren Sie Ihren Ofen oder Ihren Heizkessel, um alle damit verbundenen Dienstleistungen in Anspruch zu nehmen, wie technische Unterst\u00fctzung, Kommunikation \u00fcber die neuesten Nachrichten aus unserem Atelier und Kompetente Beratung f\u00fcr eine ordnungsgem\u00e4\u00dfe Wartung im Laufe der Zeit. [\/vc_column_text][tm_spacer size=&#8220;lg:50&#8243;][\/vc_column][\/vc_row][vc_row][vc_column width=&#8220;1\/4&#8243;][\/vc_column][vc_column width=&#8220;1\/2&#8243; el_class=&#8220;shadow&#8220;][tm_contact_form_7 id=&#8220;27727&#8243;][\/vc_column][vc_column width=&#8220;1\/4&#8243;][\/vc_column][\/vc_row]","og_url":"https:\/\/morettidesign.it\/de\/registra-il-prodotto\/","og_site_name":"Moretti Design","article_modified_time":"2020-10-08T13:06:32+00:00","twitter_card":"summary_large_image","schema":{"@context":"https:\/\/schema.org","@graph":[{"@type":"WebPage","@id":"https:\/\/morettidesign.it\/de\/registra-il-prodotto\/","url":"https:\/\/morettidesign.it\/de\/registra-il-prodotto\/","name":"Registrieren Sie das Produkt - Moretti Design","isPartOf":{"@id":"https:\/\/morettidesign.it\/#website"},"datePublished":"2020-07-16T16:33:04+00:00","dateModified":"2020-10-08T13:06:32+00:00","breadcrumb":{"@id":"https:\/\/morettidesign.it\/de\/registra-il-prodotto\/#breadcrumb"},"inLanguage":"de","potentialAction":[{"@type":"ReadAction","target":["https:\/\/morettidesign.it\/de\/registra-il-prodotto\/"]}]},{"@type":"BreadcrumbList","@id":"https:\/\/morettidesign.it\/de\/registra-il-prodotto\/#breadcrumb","itemListElement":[{"@type":"ListItem","position":1,"name":"Home","item":"https:\/\/morettidesign.it\/de\/"},{"@type":"ListItem","position":2,"name":"Registrieren Sie das Produkt"}]},{"@type":"WebSite","@id":"https:\/\/morettidesign.it\/#website","url":"https:\/\/morettidesign.it\/","name":"Moretti Design","description":"Stufe a pellet e legna","potentialAction":[{"@type":"SearchAction","target":{"@type":"EntryPoint","urlTemplate":"https:\/\/morettidesign.it\/?s={search_term_string}"},"query-input":{"@type":"PropertyValueSpecification","valueRequired":true,"valueName":"search_term_string"}}],"inLanguage":"de"}]}},"_links":{"self":[{"href":"https:\/\/morettidesign.it\/de\/wp-json\/wp\/v2\/pages\/27725"}],"collection":[{"href":"https:\/\/morettidesign.it\/de\/wp-json\/wp\/v2\/pages"}],"about":[{"href":"https:\/\/morettidesign.it\/de\/wp-json\/wp\/v2\/types\/page"}],"author":[{"embeddable":true,"href":"https:\/\/morettidesign.it\/de\/wp-json\/wp\/v2\/users\/1"}],"replies":[{"embeddable":true,"href":"https:\/\/morettidesign.it\/de\/wp-json\/wp\/v2\/comments?post=27725"}],"version-history":[{"count":0,"href":"https:\/\/morettidesign.it\/de\/wp-json\/wp\/v2\/pages\/27725\/revisions"}],"wp:attachment":[{"href":"https:\/\/morettidesign.it\/de\/wp-json\/wp\/v2\/media?parent=27725"}],"curies":[{"name":"wp","href":"https:\/\/api.w.org\/{rel}","templated":true}]}}