{"id":27921,"date":"2020-07-27T09:37:26","date_gmt":"2020-07-27T07:37:26","guid":{"rendered":"http:\/\/www.morettidesign.it\/video-tecnici\/"},"modified":"2021-01-18T13:06:10","modified_gmt":"2021-01-18T12:06:10","slug":"video-tecnici","status":"publish","type":"page","link":"https:\/\/morettidesign.it\/de\/video-tecnici\/","title":{"rendered":"Video Tecnici"},"content":{"rendered":"<p>[vc_row][vc_column width=&#8220;1\/2&#8243;][tm_popup_video image_size=&#8220;full&#8220; video=&#8220;https:\/\/www.youtube.com\/watch?v=hs6OHfGBgg8&#8243; poster=&#8220;4263&#8243;][tm_spacer size=&#8220;lg:30&#8243;][vc_column_text]<strong style=\"color: #333; font-size: 30px;\">AQUA<\/strong><br \/>\n<span style=\"color: #c49651;\">PRODUZIERT HAUSHALTSWASSER<\/span><\/p>\n<p>Die \u00d6fen, die mit dieser Technologie ausgestattet sind, verbreiten nicht nur die W\u00e4rme in der Umgebung, in der sie installiert sind, sondern k\u00f6nnen auch das im Hydrauliksystem transportierte Wasser erw\u00e4rmen, mit dem doppelten Vorteil: die W\u00e4rme der Heizk\u00f6rper, die in den R\u00e4umen des Hauses untergebracht sind, zuzufu\u0308hren und Warmwasser zu erzeugen Gesundheit fu\u0308r den h\u00e4uslichen Gebrauch (basierend auf der kW und den technischen Eigenschaften des Ofens). Eine einfache, schnelle und umweltfreundliche M\u00f6glichkeit, maximalen Komfort w\u00e4hrend der Wintermonate zu gew\u00e4hrleisten.[\/vc_column_text][\/vc_column][vc_column width=&#8220;1\/2&#8243;][tm_popup_video image_size=&#8220;full&#8220; video=&#8220;https:\/\/www.youtube.com\/watch?v=RinEa3ZBLLE&#8220; poster=&#8220;4265&#8243;][tm_spacer size=&#8220;lg:30&#8243;][vc_column_text]<strong style=\"color: #333; font-size: 30px;\">KANALISIERTEN<\/strong><br \/>\n<span style=\"color: #c49651;\">HEIZEN SIE MEHRERE ZIMMER MIT NUR EINEM LUFTFLUSS<\/span><\/p>\n<p>Die l\u00f6sung ist am besten fu\u0308r diejenigen geeignet, die mehrere r\u00e4ume durch den warmen luftstromstrom heizen m\u00f6chten. mit dem zentralisierten system k\u00f6nnen sie die temperatur in jedem raum u\u0308ber die an das heizsystem angeschlossenen ger\u00e4t einstellen, um jederzeit die gewu\u0308nschte w\u00e4rmemenge zu erhalten.[\/vc_column_text][\/vc_column][\/vc_row][vc_row][vc_column width=&#8220;1\/2&#8243;][tm_spacer size=&#8220;lg:30&#8243;][tm_popup_video image_size=&#8220;full&#8220; video=&#8220;https:\/\/www.youtube.com\/watch?v=od4A2IpM2kA&#8220; poster=&#8220;4267&#8243;][tm_spacer size=&#8220;lg:30&#8243;][vc_column_text]<strong style=\"color: #333; font-size: 30px;\">AIR<\/strong><br \/>\n<span style=\"color: #c49651;\">MAXIMALE LEISTUNG F\u00dcR UMWELT<\/span><\/p>\n<p>Die ventilierten Heizoefen sind mit einem Ventilator ausgestattet, der die maximale Luftleistung in engen R\u00e4umen, wie z. B. einem oder mehreren benachbarten R\u00e4umen, gew\u00e4hrleistet. Dadurch kann die hei\u00dfe Luft aus dem Ger\u00e4t entweichen. Dieser Mechanismus erm\u00f6glicht die Erw\u00e4rmung der R\u00e4ume in wenigen Minuten durch ein Temperatursteuerungssystem, das u\u0308ber eine am Ofen installierte Schnittstelle oder durch die App einstellbar ist[\/vc_column_text][\/vc_column][vc_column width=&#8220;1\/2&#8243;][tm_spacer size=&#8220;lg:30&#8243;][tm_popup_video image_size=&#8220;full&#8220; video=&#8220;https:\/\/www.youtube.com\/watch?v=d3Xf1aiS3J0&#8243; poster=&#8220;4265&#8243;][tm_spacer size=&#8220;lg:30&#8243;][vc_column_text]<strong style=\"color: #333; font-size: 30px;\">RELAX<\/strong><br \/>\n<span style=\"color: #c49651;\">MAXIMALER AUSDRUCK DER STILLE<\/span><\/p>\n<p>Die Relax-\u00d6fen sind der ultimative Ausdruck von Stille. Die Belu\u0308ftung wird durch ein Strahlungsheizungssystem ersetzt, das auf dem natu\u0308rlichen Luftstrom basiert, der durch ein breiteres Kohlenbecken erzeugt wird, das die Verbrennung der Pellets begu\u0308nstigt. Fu\u0308r einen beispiellosen Komfort.[\/vc_column_text][\/vc_column][\/vc_row]<\/p>\n","protected":false},"excerpt":{"rendered":"[vc_row][vc_column width=&#8220;1\/2&#8243;][tm_popup_video image_size=&#8220;full&#8220; video=&#8220;https:\/\/www.youtube.com\/watch?v=hs6OHfGBgg8&#8243; poster=&#8220;4263&#8243;][tm_spacer size=&#8220;lg:30&#8243;][vc_column_text]AQUA PRODUZIERT HAUSHALTSWASSER Die \u00d6fen, die mit dieser Technologie ausgestattet sind, verbreiten nicht nur die W\u00e4rme in der Umgebung, in der sie installiert sind, sondern k\u00f6nnen auch das im Hydrauliksystem transportierte Wasser erw\u00e4rmen, mit dem doppelten Vorteil: die W\u00e4rme der Heizk\u00f6rper, die in den R\u00e4umen des Hauses untergebracht sind, zuzufu\u0308hren und Warmwasser zu erzeugen Gesundheit fu\u0308r den h\u00e4uslichen Gebrauch (basierend auf der kW und den technischen Eigenschaften des Ofens). Eine einfache, schnelle und umweltfreundliche M\u00f6glichkeit, maximalen Komfort w\u00e4hrend der Wintermonate zu gew\u00e4hrleisten.[\/vc_column_text][\/vc_column][vc_column width=&#8220;1\/2&#8243;][tm_popup_video image_size=&#8220;full&#8220; video=&#8220;https:\/\/www.youtube.com\/watch?v=RinEa3ZBLLE&#8220; poster=&#8220;4265&#8243;][tm_spacer size=&#8220;lg:30&#8243;][vc_column_text]KANALISIERTEN HEIZEN SIE MEHRERE ZIMMER MIT NUR EINEM LUFTFLUSS Die l\u00f6sung ist am besten fu\u0308r diejenigen geeignet, die mehrere r\u00e4ume durch den warmen luftstromstrom heizen m\u00f6chten. mit dem zentralisierten system k\u00f6nnen sie die temperatur in jedem raum u\u0308ber die an das heizsystem angeschlossenen ger\u00e4t einstellen, um jederzeit die gewu\u0308nschte w\u00e4rmemenge zu erhalten.[\/vc_column_text][\/vc_column][\/vc_row][vc_row][vc_column width=&#8220;1\/2&#8243;][tm_spacer size=&#8220;lg:30&#8243;][tm_popup_video image_size=&#8220;full&#8220; video=&#8220;https:\/\/www.youtube.com\/watch?v=od4A2IpM2kA&#8220; poster=&#8220;4267&#8243;][tm_spacer size=&#8220;lg:30&#8243;][vc_column_text]AIR MAXIMALE LEISTUNG F\u00dcR UMWELT Die ventilierten Heizoefen sind mit einem Ventilator ausgestattet, der die maximale Luftleistung in engen R\u00e4umen, wie z. B. einem oder mehreren benachbarten R\u00e4umen, gew\u00e4hrleistet. Dadurch kann die hei\u00dfe Luft aus dem Ger\u00e4t entweichen. Dieser Mechanismus erm\u00f6glicht die Erw\u00e4rmung der R\u00e4ume in wenigen Minuten durch ein Temperatursteuerungssystem, das u\u0308ber eine am Ofen installierte Schnittstelle oder durch die App einstellbar ist[\/vc_column_text][\/vc_column][vc_column width=&#8220;1\/2&#8243;][tm_spacer size=&#8220;lg:30&#8243;][tm_popup_video image_size=&#8220;full&#8220; video=&#8220;https:\/\/www.youtube.com\/watch?v=d3Xf1aiS3J0&#8243; poster=&#8220;4265&#8243;][tm_spacer size=&#8220;lg:30&#8243;][vc_column_text]RELAX MAXIMALER AUSDRUCK DER STILLE Die Relax-\u00d6fen sind der ultimative Ausdruck von Stille. Die Belu\u0308ftung wird durch ein Strahlungsheizungssystem ersetzt, das auf dem natu\u0308rlichen Luftstrom basiert, der durch ein breiteres Kohlenbecken erzeugt wird, das die Verbrennung der Pellets begu\u0308nstigt. Fu\u0308r einen beispiellosen Komfort.[\/vc_column_text][\/vc_column][\/vc_row]","protected":false},"author":1,"featured_media":0,"parent":0,"menu_order":19,"comment_status":"closed","ping_status":"closed","template":"","meta":{"_glsr_average":0,"_glsr_ranking":0,"_glsr_reviews":0,"footnotes":""},"class_list":["post-27921","page","type-page","status-publish","hentry"],"yoast_head":"<!-- This site is optimized with the Yoast SEO plugin v23.5 - https:\/\/yoast.com\/wordpress\/plugins\/seo\/ -->\n<title>Video Tecnici - Moretti Design<\/title>\n<meta name=\"robots\" content=\"index, follow, max-snippet:-1, max-image-preview:large, max-video-preview:-1\" \/>\n<link rel=\"canonical\" href=\"https:\/\/morettidesign.it\/de\/video-tecnici\/\" \/>\n<meta property=\"og:locale\" content=\"de_DE\" \/>\n<meta property=\"og:type\" content=\"article\" \/>\n<meta property=\"og:title\" content=\"Video Tecnici - Moretti Design\" \/>\n<meta property=\"og:description\" content=\"[vc_row][vc_column width=&#8220;1\/2&#8243;][tm_popup_video image_size=&#8220;full&#8220; video=&#8220;https:\/\/www.youtube.com\/watch?v=hs6OHfGBgg8&#8243; poster=&#8220;4263&#8243;][tm_spacer size=&#8220;lg:30&#8243;][vc_column_text]AQUA PRODUZIERT HAUSHALTSWASSER Die \u00d6fen, die mit dieser Technologie ausgestattet sind, verbreiten nicht nur die W\u00e4rme in der Umgebung, in der sie installiert sind, sondern k\u00f6nnen auch das im Hydrauliksystem transportierte Wasser erw\u00e4rmen, mit dem doppelten Vorteil: die W\u00e4rme der Heizk\u00f6rper, die in den R\u00e4umen des Hauses untergebracht sind, zuzufu\u0308hren und Warmwasser zu erzeugen Gesundheit fu\u0308r den h\u00e4uslichen Gebrauch (basierend auf der kW und den technischen Eigenschaften des Ofens). Eine einfache, schnelle und umweltfreundliche M\u00f6glichkeit, maximalen Komfort w\u00e4hrend der Wintermonate zu gew\u00e4hrleisten.[\/vc_column_text][\/vc_column][vc_column width=&#8220;1\/2&#8243;][tm_popup_video image_size=&#8220;full&#8220; video=&#8220;https:\/\/www.youtube.com\/watch?v=RinEa3ZBLLE&#8220; poster=&#8220;4265&#8243;][tm_spacer size=&#8220;lg:30&#8243;][vc_column_text]KANALISIERTEN HEIZEN SIE MEHRERE ZIMMER MIT NUR EINEM LUFTFLUSS Die l\u00f6sung ist am besten fu\u0308r diejenigen geeignet, die mehrere r\u00e4ume durch den warmen luftstromstrom heizen m\u00f6chten. mit dem zentralisierten system k\u00f6nnen sie die temperatur in jedem raum u\u0308ber die an das heizsystem angeschlossenen ger\u00e4t einstellen, um jederzeit die gewu\u0308nschte w\u00e4rmemenge zu erhalten.[\/vc_column_text][\/vc_column][\/vc_row][vc_row][vc_column width=&#8220;1\/2&#8243;][tm_spacer size=&#8220;lg:30&#8243;][tm_popup_video image_size=&#8220;full&#8220; video=&#8220;https:\/\/www.youtube.com\/watch?v=od4A2IpM2kA&#8220; poster=&#8220;4267&#8243;][tm_spacer size=&#8220;lg:30&#8243;][vc_column_text]AIR MAXIMALE LEISTUNG F\u00dcR UMWELT Die ventilierten Heizoefen sind mit einem Ventilator ausgestattet, der die maximale Luftleistung in engen R\u00e4umen, wie z. B. einem oder mehreren benachbarten R\u00e4umen, gew\u00e4hrleistet. Dadurch kann die hei\u00dfe Luft aus dem Ger\u00e4t entweichen. Dieser Mechanismus erm\u00f6glicht die Erw\u00e4rmung der R\u00e4ume in wenigen Minuten durch ein Temperatursteuerungssystem, das u\u0308ber eine am Ofen installierte Schnittstelle oder durch die App einstellbar ist[\/vc_column_text][\/vc_column][vc_column width=&#8220;1\/2&#8243;][tm_spacer size=&#8220;lg:30&#8243;][tm_popup_video image_size=&#8220;full&#8220; video=&#8220;https:\/\/www.youtube.com\/watch?v=d3Xf1aiS3J0&#8243; poster=&#8220;4265&#8243;][tm_spacer size=&#8220;lg:30&#8243;][vc_column_text]RELAX MAXIMALER AUSDRUCK DER STILLE Die Relax-\u00d6fen sind der ultimative Ausdruck von Stille. Die Belu\u0308ftung wird durch ein Strahlungsheizungssystem ersetzt, das auf dem natu\u0308rlichen Luftstrom basiert, der durch ein breiteres Kohlenbecken erzeugt wird, das die Verbrennung der Pellets begu\u0308nstigt. Fu\u0308r einen beispiellosen Komfort.[\/vc_column_text][\/vc_column][\/vc_row]\" \/>\n<meta property=\"og:url\" content=\"https:\/\/morettidesign.it\/de\/video-tecnici\/\" \/>\n<meta property=\"og:site_name\" content=\"Moretti Design\" \/>\n<meta property=\"article:modified_time\" content=\"2021-01-18T12:06:10+00:00\" \/>\n<meta name=\"twitter:card\" content=\"summary_large_image\" \/>\n<meta name=\"twitter:title\" content=\"-1361\" \/>\n<meta name=\"twitter:description\" content=\"60\" \/>\n<meta name=\"twitter:image\" content=\"http:\/\/false\" \/>\n<meta name=\"twitter:label1\" content=\"Gesch\u00e4tzte Lesezeit\" \/>\n\t<meta name=\"twitter:data1\" content=\"2\u00a0Minuten\" \/>\n<script type=\"application\/ld+json\" class=\"yoast-schema-graph\">{\"@context\":\"https:\/\/schema.org\",\"@graph\":[{\"@type\":\"WebPage\",\"@id\":\"https:\/\/morettidesign.it\/de\/video-tecnici\/\",\"url\":\"https:\/\/morettidesign.it\/de\/video-tecnici\/\",\"name\":\"Video Tecnici - Moretti Design\",\"isPartOf\":{\"@id\":\"https:\/\/morettidesign.it\/#website\"},\"datePublished\":\"2020-07-27T07:37:26+00:00\",\"dateModified\":\"2021-01-18T12:06:10+00:00\",\"breadcrumb\":{\"@id\":\"https:\/\/morettidesign.it\/de\/video-tecnici\/#breadcrumb\"},\"inLanguage\":\"de\",\"potentialAction\":[{\"@type\":\"ReadAction\",\"target\":[\"https:\/\/morettidesign.it\/de\/video-tecnici\/\"]}]},{\"@type\":\"BreadcrumbList\",\"@id\":\"https:\/\/morettidesign.it\/de\/video-tecnici\/#breadcrumb\",\"itemListElement\":[{\"@type\":\"ListItem\",\"position\":1,\"name\":\"Home\",\"item\":\"https:\/\/morettidesign.it\/de\/\"},{\"@type\":\"ListItem\",\"position\":2,\"name\":\"Video Tecnici\"}]},{\"@type\":\"WebSite\",\"@id\":\"https:\/\/morettidesign.it\/#website\",\"url\":\"https:\/\/morettidesign.it\/\",\"name\":\"Moretti Design\",\"description\":\"Stufe a pellet e legna\",\"potentialAction\":[{\"@type\":\"SearchAction\",\"target\":{\"@type\":\"EntryPoint\",\"urlTemplate\":\"https:\/\/morettidesign.it\/?s={search_term_string}\"},\"query-input\":{\"@type\":\"PropertyValueSpecification\",\"valueRequired\":true,\"valueName\":\"search_term_string\"}}],\"inLanguage\":\"de\"}]}<\/script>\n<!-- \/ Yoast SEO plugin. -->","yoast_head_json":{"title":"Video Tecnici - Moretti Design","robots":{"index":"index","follow":"follow","max-snippet":"max-snippet:-1","max-image-preview":"max-image-preview:large","max-video-preview":"max-video-preview:-1"},"canonical":"https:\/\/morettidesign.it\/de\/video-tecnici\/","og_locale":"de_DE","og_type":"article","og_title":"Video Tecnici - Moretti Design","og_description":"[vc_row][vc_column width=&#8220;1\/2&#8243;][tm_popup_video image_size=&#8220;full&#8220; video=&#8220;https:\/\/www.youtube.com\/watch?v=hs6OHfGBgg8&#8243; poster=&#8220;4263&#8243;][tm_spacer size=&#8220;lg:30&#8243;][vc_column_text]AQUA PRODUZIERT HAUSHALTSWASSER Die \u00d6fen, die mit dieser Technologie ausgestattet sind, verbreiten nicht nur die W\u00e4rme in der Umgebung, in der sie installiert sind, sondern k\u00f6nnen auch das im Hydrauliksystem transportierte Wasser erw\u00e4rmen, mit dem doppelten Vorteil: die W\u00e4rme der Heizk\u00f6rper, die in den R\u00e4umen des Hauses untergebracht sind, zuzufu\u0308hren und Warmwasser zu erzeugen Gesundheit fu\u0308r den h\u00e4uslichen Gebrauch (basierend auf der kW und den technischen Eigenschaften des Ofens). Eine einfache, schnelle und umweltfreundliche M\u00f6glichkeit, maximalen Komfort w\u00e4hrend der Wintermonate zu gew\u00e4hrleisten.[\/vc_column_text][\/vc_column][vc_column width=&#8220;1\/2&#8243;][tm_popup_video image_size=&#8220;full&#8220; video=&#8220;https:\/\/www.youtube.com\/watch?v=RinEa3ZBLLE&#8220; poster=&#8220;4265&#8243;][tm_spacer size=&#8220;lg:30&#8243;][vc_column_text]KANALISIERTEN HEIZEN SIE MEHRERE ZIMMER MIT NUR EINEM LUFTFLUSS Die l\u00f6sung ist am besten fu\u0308r diejenigen geeignet, die mehrere r\u00e4ume durch den warmen luftstromstrom heizen m\u00f6chten. mit dem zentralisierten system k\u00f6nnen sie die temperatur in jedem raum u\u0308ber die an das heizsystem angeschlossenen ger\u00e4t einstellen, um jederzeit die gewu\u0308nschte w\u00e4rmemenge zu erhalten.[\/vc_column_text][\/vc_column][\/vc_row][vc_row][vc_column width=&#8220;1\/2&#8243;][tm_spacer size=&#8220;lg:30&#8243;][tm_popup_video image_size=&#8220;full&#8220; video=&#8220;https:\/\/www.youtube.com\/watch?v=od4A2IpM2kA&#8220; poster=&#8220;4267&#8243;][tm_spacer size=&#8220;lg:30&#8243;][vc_column_text]AIR MAXIMALE LEISTUNG F\u00dcR UMWELT Die ventilierten Heizoefen sind mit einem Ventilator ausgestattet, der die maximale Luftleistung in engen R\u00e4umen, wie z. B. einem oder mehreren benachbarten R\u00e4umen, gew\u00e4hrleistet. Dadurch kann die hei\u00dfe Luft aus dem Ger\u00e4t entweichen. Dieser Mechanismus erm\u00f6glicht die Erw\u00e4rmung der R\u00e4ume in wenigen Minuten durch ein Temperatursteuerungssystem, das u\u0308ber eine am Ofen installierte Schnittstelle oder durch die App einstellbar ist[\/vc_column_text][\/vc_column][vc_column width=&#8220;1\/2&#8243;][tm_spacer size=&#8220;lg:30&#8243;][tm_popup_video image_size=&#8220;full&#8220; video=&#8220;https:\/\/www.youtube.com\/watch?v=d3Xf1aiS3J0&#8243; poster=&#8220;4265&#8243;][tm_spacer size=&#8220;lg:30&#8243;][vc_column_text]RELAX MAXIMALER AUSDRUCK DER STILLE Die Relax-\u00d6fen sind der ultimative Ausdruck von Stille. Die Belu\u0308ftung wird durch ein Strahlungsheizungssystem ersetzt, das auf dem natu\u0308rlichen Luftstrom basiert, der durch ein breiteres Kohlenbecken erzeugt wird, das die Verbrennung der Pellets begu\u0308nstigt. Fu\u0308r einen beispiellosen Komfort.[\/vc_column_text][\/vc_column][\/vc_row]","og_url":"https:\/\/morettidesign.it\/de\/video-tecnici\/","og_site_name":"Moretti Design","article_modified_time":"2021-01-18T12:06:10+00:00","twitter_card":"summary_large_image","twitter_title":"-1361","twitter_description":"60","twitter_image":"false","twitter_misc":{"Gesch\u00e4tzte Lesezeit":"2\u00a0Minuten"},"schema":{"@context":"https:\/\/schema.org","@graph":[{"@type":"WebPage","@id":"https:\/\/morettidesign.it\/de\/video-tecnici\/","url":"https:\/\/morettidesign.it\/de\/video-tecnici\/","name":"Video Tecnici - Moretti Design","isPartOf":{"@id":"https:\/\/morettidesign.it\/#website"},"datePublished":"2020-07-27T07:37:26+00:00","dateModified":"2021-01-18T12:06:10+00:00","breadcrumb":{"@id":"https:\/\/morettidesign.it\/de\/video-tecnici\/#breadcrumb"},"inLanguage":"de","potentialAction":[{"@type":"ReadAction","target":["https:\/\/morettidesign.it\/de\/video-tecnici\/"]}]},{"@type":"BreadcrumbList","@id":"https:\/\/morettidesign.it\/de\/video-tecnici\/#breadcrumb","itemListElement":[{"@type":"ListItem","position":1,"name":"Home","item":"https:\/\/morettidesign.it\/de\/"},{"@type":"ListItem","position":2,"name":"Video Tecnici"}]},{"@type":"WebSite","@id":"https:\/\/morettidesign.it\/#website","url":"https:\/\/morettidesign.it\/","name":"Moretti Design","description":"Stufe a pellet e legna","potentialAction":[{"@type":"SearchAction","target":{"@type":"EntryPoint","urlTemplate":"https:\/\/morettidesign.it\/?s={search_term_string}"},"query-input":{"@type":"PropertyValueSpecification","valueRequired":true,"valueName":"search_term_string"}}],"inLanguage":"de"}]}},"_links":{"self":[{"href":"https:\/\/morettidesign.it\/de\/wp-json\/wp\/v2\/pages\/27921"}],"collection":[{"href":"https:\/\/morettidesign.it\/de\/wp-json\/wp\/v2\/pages"}],"about":[{"href":"https:\/\/morettidesign.it\/de\/wp-json\/wp\/v2\/types\/page"}],"author":[{"embeddable":true,"href":"https:\/\/morettidesign.it\/de\/wp-json\/wp\/v2\/users\/1"}],"replies":[{"embeddable":true,"href":"https:\/\/morettidesign.it\/de\/wp-json\/wp\/v2\/comments?post=27921"}],"version-history":[{"count":0,"href":"https:\/\/morettidesign.it\/de\/wp-json\/wp\/v2\/pages\/27921\/revisions"}],"wp:attachment":[{"href":"https:\/\/morettidesign.it\/de\/wp-json\/wp\/v2\/media?parent=27921"}],"curies":[{"name":"wp","href":"https:\/\/api.w.org\/{rel}","templated":true}]}}