{"id":24686,"date":"2020-07-29T13:17:26","date_gmt":"2020-07-29T11:17:26","guid":{"rendered":"http:\/\/test.mediaworksrl.it\/test\/?page_id=24686"},"modified":"2023-09-08T17:33:12","modified_gmt":"2023-09-08T15:33:12","slug":"area-riservata","status":"publish","type":"page","link":"https:\/\/morettidesign.it\/es\/area-riservata\/","title":{"rendered":"Area Riservata"},"content":{"rendered":"<div class=\"members-access-error\">&nbsp;<\/p>\n<h1 style=\"text-align: center;font-size: 40px\">\u00c1rea reservada<\/h1>\n<p style=\"text-align: center;font-size: 28px\">No tienes permiso para acceder a esta p\u00e1gina.<br \/>\nSi tiene credenciales, inicie sesi\u00f3n<\/p>\n<p><a href=\"\/admin\"><button type=\"button\">INICIAR SESI\u00d3N<\/button> <\/a><\/p>\n<p>&nbsp;<\/p><\/div>\n","protected":false},"excerpt":{"rendered":"<div class=\"members-access-error\">&nbsp;<\/p>\n<h1 style=\"text-align: center;font-size: 40px\">\u00c1rea reservada<\/h1>\n<p style=\"text-align: center;font-size: 28px\">No tienes permiso para acceder a esta p\u00e1gina.<br \/>\nSi tiene credenciales, inicie sesi\u00f3n<\/p>\n<p><a href=\"\/admin\"><button type=\"button\">INICIAR SESI\u00d3N<\/button> <\/a><\/p>\n<p>&nbsp;<\/p><\/div>\n","protected":false},"author":1,"featured_media":0,"parent":0,"menu_order":25,"comment_status":"closed","ping_status":"open","template":"","meta":{"_glsr_average":0,"_glsr_ranking":0,"_glsr_reviews":0,"footnotes":""},"class_list":["post-24686","page","type-page","status-publish","hentry"],"yoast_head":"<!-- This site is optimized with the Yoast SEO plugin v23.5 - https:\/\/yoast.com\/wordpress\/plugins\/seo\/ -->\n<title>Area Riservata - Moretti Design<\/title>\n<meta name=\"robots\" content=\"noindex, nofollow\" \/>\n<meta property=\"og:locale\" content=\"es_ES\" \/>\n<meta property=\"og:type\" content=\"article\" \/>\n<meta property=\"og:title\" content=\"Area Riservata - Moretti Design\" \/>\n<meta property=\"og:description\" content=\"&nbsp; \u00c1rea reservada No tienes permiso para acceder a esta p\u00e1gina. Si tiene credenciales, inicie sesi\u00f3n INICIAR SESI\u00d3N &nbsp;\" \/>\n<meta property=\"og:url\" content=\"https:\/\/morettidesign.it\/es\/area-riservata\/\" \/>\n<meta property=\"og:site_name\" content=\"Moretti Design\" \/>\n<meta property=\"article:modified_time\" content=\"2023-09-08T15:33:12+00:00\" \/>\n<meta name=\"twitter:card\" content=\"summary_large_image\" \/>\n<meta name=\"twitter:label1\" content=\"Tiempo de lectura\" \/>\n\t<meta name=\"twitter:data1\" content=\"15 minutos\" \/>\n<script type=\"application\/ld+json\" class=\"yoast-schema-graph\">{\"@context\":\"https:\/\/schema.org\",\"@graph\":[{\"@type\":\"WebPage\",\"@id\":\"https:\/\/morettidesign.it\/es\/area-riservata\/\",\"url\":\"https:\/\/morettidesign.it\/es\/area-riservata\/\",\"name\":\"Area Riservata - Moretti Design\",\"isPartOf\":{\"@id\":\"https:\/\/morettidesign.it\/#website\"},\"datePublished\":\"2020-07-29T11:17:26+00:00\",\"dateModified\":\"2023-09-08T15:33:12+00:00\",\"breadcrumb\":{\"@id\":\"https:\/\/morettidesign.it\/es\/area-riservata\/#breadcrumb\"},\"inLanguage\":\"es\",\"potentialAction\":[{\"@type\":\"ReadAction\",\"target\":[\"https:\/\/morettidesign.it\/es\/area-riservata\/\"]}]},{\"@type\":\"BreadcrumbList\",\"@id\":\"https:\/\/morettidesign.it\/es\/area-riservata\/#breadcrumb\",\"itemListElement\":[{\"@type\":\"ListItem\",\"position\":1,\"name\":\"Home\",\"item\":\"https:\/\/morettidesign.it\/es\/\"},{\"@type\":\"ListItem\",\"position\":2,\"name\":\"Area Riservata\"}]},{\"@type\":\"WebSite\",\"@id\":\"https:\/\/morettidesign.it\/#website\",\"url\":\"https:\/\/morettidesign.it\/\",\"name\":\"Moretti Design\",\"description\":\"Stufe a pellet e legna\",\"potentialAction\":[{\"@type\":\"SearchAction\",\"target\":{\"@type\":\"EntryPoint\",\"urlTemplate\":\"https:\/\/morettidesign.it\/?s={search_term_string}\"},\"query-input\":{\"@type\":\"PropertyValueSpecification\",\"valueRequired\":true,\"valueName\":\"search_term_string\"}}],\"inLanguage\":\"es\"}]}<\/script>\n<!-- \/ Yoast SEO plugin. -->","yoast_head_json":{"title":"Area Riservata - Moretti Design","robots":{"index":"noindex","follow":"nofollow"},"og_locale":"es_ES","og_type":"article","og_title":"Area Riservata - Moretti Design","og_description":"&nbsp; \u00c1rea reservada No tienes permiso para acceder a esta p\u00e1gina. Si tiene credenciales, inicie sesi\u00f3n INICIAR SESI\u00d3N &nbsp;","og_url":"https:\/\/morettidesign.it\/es\/area-riservata\/","og_site_name":"Moretti Design","article_modified_time":"2023-09-08T15:33:12+00:00","twitter_card":"summary_large_image","twitter_misc":{"Tiempo de lectura":"15 minutos"},"schema":{"@context":"https:\/\/schema.org","@graph":[{"@type":"WebPage","@id":"https:\/\/morettidesign.it\/es\/area-riservata\/","url":"https:\/\/morettidesign.it\/es\/area-riservata\/","name":"Area Riservata - Moretti Design","isPartOf":{"@id":"https:\/\/morettidesign.it\/#website"},"datePublished":"2020-07-29T11:17:26+00:00","dateModified":"2023-09-08T15:33:12+00:00","breadcrumb":{"@id":"https:\/\/morettidesign.it\/es\/area-riservata\/#breadcrumb"},"inLanguage":"es","potentialAction":[{"@type":"ReadAction","target":["https:\/\/morettidesign.it\/es\/area-riservata\/"]}]},{"@type":"BreadcrumbList","@id":"https:\/\/morettidesign.it\/es\/area-riservata\/#breadcrumb","itemListElement":[{"@type":"ListItem","position":1,"name":"Home","item":"https:\/\/morettidesign.it\/es\/"},{"@type":"ListItem","position":2,"name":"Area Riservata"}]},{"@type":"WebSite","@id":"https:\/\/morettidesign.it\/#website","url":"https:\/\/morettidesign.it\/","name":"Moretti Design","description":"Stufe a pellet e legna","potentialAction":[{"@type":"SearchAction","target":{"@type":"EntryPoint","urlTemplate":"https:\/\/morettidesign.it\/?s={search_term_string}"},"query-input":{"@type":"PropertyValueSpecification","valueRequired":true,"valueName":"search_term_string"}}],"inLanguage":"es"}]}},"_links":{"self":[{"href":"https:\/\/morettidesign.it\/es\/wp-json\/wp\/v2\/pages\/24686"}],"collection":[{"href":"https:\/\/morettidesign.it\/es\/wp-json\/wp\/v2\/pages"}],"about":[{"href":"https:\/\/morettidesign.it\/es\/wp-json\/wp\/v2\/types\/page"}],"author":[{"embeddable":true,"href":"https:\/\/morettidesign.it\/es\/wp-json\/wp\/v2\/users\/1"}],"replies":[{"embeddable":true,"href":"https:\/\/morettidesign.it\/es\/wp-json\/wp\/v2\/comments?post=24686"}],"version-history":[{"count":2,"href":"https:\/\/morettidesign.it\/es\/wp-json\/wp\/v2\/pages\/24686\/revisions"}],"predecessor-version":[{"id":53237,"href":"https:\/\/morettidesign.it\/es\/wp-json\/wp\/v2\/pages\/24686\/revisions\/53237"}],"wp:attachment":[{"href":"https:\/\/morettidesign.it\/es\/wp-json\/wp\/v2\/media?parent=24686"}],"curies":[{"name":"wp","href":"https:\/\/api.w.org\/{rel}","templated":true}]}}