{"id":24891,"date":"2020-07-29T18:24:01","date_gmt":"2020-07-29T16:24:01","guid":{"rendered":"http:\/\/test.mediaworksrl.it\/test\/?page_id=24891"},"modified":"2023-09-12T13:27:25","modified_gmt":"2023-09-12T11:27:25","slug":"area-riservata-accesso","status":"publish","type":"page","link":"https:\/\/morettidesign.it\/es\/area-riservata-accesso\/","title":{"rendered":"Area Riservata Accesso"},"content":{"rendered":"<p>[vc_row][vc_column width=\u00bb1\/2&#8243;][vc_column_text]<\/p>\n<h5 style=\"color: #c49651;\"><strong>INTRODUZCA SU MORETTI ID<\/strong><\/h5>\n<p>Si tiene los datos de acceso para su \u00e1rea reservada, haga clic en el \u00e1rea de inter\u00e9s e introduzca el nombre de usuario y la contrase\u00f1a para acceder y recoger la informaci\u00f3n pertinente. Si a\u00fan no dispone de los datos, o si los han perdido o si no puede acceder, puede recuperarlos de forma sencilla e inmediata contactando con la Asistencia Moretti Design.<\/p>\n<h5 style=\"color: #c49651;\"><strong>LO QUE PUEDE ENCONTRAR EN LA ZONA RESERVADA<\/strong><\/h5>\n<p>En el \u00c1rea Reservada puede encontrar Cat\u00e1logos, Documentos T\u00e9cnicos de nuestras estufas, fotos, y todo tipo de material \u00fatil para su negocio.<\/p>\n<h5 style=\"color: #c49651;\"><strong>\u00bfQUIERES SER UN BOUTIQUE MORETTI?<\/strong><\/h5>\n<p>Si desea formar parte del Mundo Moretti Design, puede contactarnos en el +39 0735\u202890444 o complete el formulario en la p\u00e1gina de contacto.[\/vc_column_text][\/vc_column][vc_column width=\u00bb1\/2&#8243;][vc_btn title=\u00bbBOUTIQUE \/ SERVICIO ASISTENCIA T\u00c8CNICA\u00bb style=\u00bboutline-custom\u00bb outline_custom_color=\u00bb#c49651&#8243; outline_custom_hover_background=\u00bb#c49651&#8243; outline_custom_hover_text=\u00bb#ffffff\u00bb size=\u00bblg\u00bb align=\u00bbcenter\u00bb link=\u00bburl:https%3A%2F%2Fwww.morettidesign.it%2Farea-riservata-spagna%2F|title:Area%20Riservata\u00bb][tm_spacer size=\u00bblg:50&#8243;][vc_btn title=\u00bbCONSULTAR EL ALMAC\u00c9N\u00bb style=\u00bboutline-custom\u00bb outline_custom_color=\u00bb#c49651&#8243; outline_custom_hover_background=\u00bb#c49651&#8243; outline_custom_hover_text=\u00bb#ffffff\u00bb size=\u00bblg\u00bb align=\u00bbcenter\u00bb link=\u00bburl:%2Fconsulta-il-magazzino%2F|title:Consulta%20il%20magazzino|target:%20_blank|\u00bb][\/vc_column][\/vc_row]<\/p>\n","protected":false},"excerpt":{"rendered":"[vc_row][vc_column width=\u00bb1\/2&#8243;][vc_column_text] INTRODUZCA SU MORETTI ID Si tiene los datos de acceso para su \u00e1rea reservada, haga clic en el \u00e1rea de inter\u00e9s e introduzca el nombre de usuario y la contrase\u00f1a para acceder y recoger la informaci\u00f3n pertinente. Si a\u00fan no dispone de los datos, o si los han perdido o si no puede acceder, puede recuperarlos de forma sencilla e inmediata contactando con la Asistencia Moretti Design. LO QUE PUEDE ENCONTRAR EN LA ZONA RESERVADA En el \u00c1rea Reservada puede encontrar Cat\u00e1logos, Documentos T\u00e9cnicos de nuestras estufas, fotos, y todo tipo de material \u00fatil para su negocio. \u00bfQUIERES SER UN BOUTIQUE MORETTI? Si desea formar parte del Mundo Moretti Design, puede contactarnos en el +39 0735\u202890444 o complete el formulario en la p\u00e1gina de contacto.[\/vc_column_text][\/vc_column][vc_column width=\u00bb1\/2&#8243;][vc_btn title=\u00bbBOUTIQUE \/ SERVICIO ASISTENCIA T\u00c8CNICA\u00bb style=\u00bboutline-custom\u00bb outline_custom_color=\u00bb#c49651&#8243; outline_custom_hover_background=\u00bb#c49651&#8243; outline_custom_hover_text=\u00bb#ffffff\u00bb size=\u00bblg\u00bb align=\u00bbcenter\u00bb link=\u00bburl:https%3A%2F%2Fwww.morettidesign.it%2Farea-riservata-spagna%2F|title:Area%20Riservata\u00bb][tm_spacer size=\u00bblg:50&#8243;][vc_btn title=\u00bbCONSULTAR EL ALMAC\u00c9N\u00bb style=\u00bboutline-custom\u00bb outline_custom_color=\u00bb#c49651&#8243; outline_custom_hover_background=\u00bb#c49651&#8243; outline_custom_hover_text=\u00bb#ffffff\u00bb size=\u00bblg\u00bb align=\u00bbcenter\u00bb link=\u00bburl:%2Fconsulta-il-magazzino%2F|title:Consulta%20il%20magazzino|target:%20_blank|\u00bb][\/vc_column][\/vc_row]","protected":false},"author":1,"featured_media":0,"parent":0,"menu_order":21,"comment_status":"closed","ping_status":"closed","template":"","meta":{"_glsr_average":0,"_glsr_ranking":0,"_glsr_reviews":0,"footnotes":""},"class_list":["post-24891","page","type-page","status-publish","hentry"],"yoast_head":"<!-- This site is optimized with the Yoast SEO plugin v23.5 - https:\/\/yoast.com\/wordpress\/plugins\/seo\/ -->\n<title>Area Riservata Accesso - Moretti Design<\/title>\n<meta name=\"robots\" content=\"index, follow, max-snippet:-1, max-image-preview:large, max-video-preview:-1\" \/>\n<link rel=\"canonical\" href=\"https:\/\/morettidesign.it\/es\/area-riservata-accesso\/\" \/>\n<meta property=\"og:locale\" content=\"es_ES\" \/>\n<meta property=\"og:type\" content=\"article\" \/>\n<meta property=\"og:title\" content=\"Area Riservata Accesso - Moretti Design\" \/>\n<meta property=\"og:description\" content=\"[vc_row][vc_column width=\u00bb1\/2&#8243;][vc_column_text] INTRODUZCA SU MORETTI ID Si tiene los datos de acceso para su \u00e1rea reservada, haga clic en el \u00e1rea de inter\u00e9s e introduzca el nombre de usuario y la contrase\u00f1a para acceder y recoger la informaci\u00f3n pertinente. Si a\u00fan no dispone de los datos, o si los han perdido o si no puede acceder, puede recuperarlos de forma sencilla e inmediata contactando con la Asistencia Moretti Design. LO QUE PUEDE ENCONTRAR EN LA ZONA RESERVADA En el \u00c1rea Reservada puede encontrar Cat\u00e1logos, Documentos T\u00e9cnicos de nuestras estufas, fotos, y todo tipo de material \u00fatil para su negocio. \u00bfQUIERES SER UN BOUTIQUE MORETTI? Si desea formar parte del Mundo Moretti Design, puede contactarnos en el +39 0735\u202890444 o complete el formulario en la p\u00e1gina de contacto.[\/vc_column_text][\/vc_column][vc_column width=\u00bb1\/2&#8243;][vc_btn title=\u00bbBOUTIQUE \/ SERVICIO ASISTENCIA T\u00c8CNICA\u00bb style=\u00bboutline-custom\u00bb outline_custom_color=\u00bb#c49651&#8243; outline_custom_hover_background=\u00bb#c49651&#8243; outline_custom_hover_text=\u00bb#ffffff\u00bb size=\u00bblg\u00bb align=\u00bbcenter\u00bb link=\u00bburl:https%3A%2F%2Fwww.morettidesign.it%2Farea-riservata-spagna%2F|title:Area%20Riservata\u00bb][tm_spacer size=\u00bblg:50&#8243;][vc_btn title=\u00bbCONSULTAR EL ALMAC\u00c9N\u00bb style=\u00bboutline-custom\u00bb outline_custom_color=\u00bb#c49651&#8243; outline_custom_hover_background=\u00bb#c49651&#8243; outline_custom_hover_text=\u00bb#ffffff\u00bb size=\u00bblg\u00bb align=\u00bbcenter\u00bb link=\u00bburl:%2Fconsulta-il-magazzino%2F|title:Consulta%20il%20magazzino|target:%20_blank|\u00bb][\/vc_column][\/vc_row]\" \/>\n<meta property=\"og:url\" content=\"https:\/\/morettidesign.it\/es\/area-riservata-accesso\/\" \/>\n<meta property=\"og:site_name\" content=\"Moretti Design\" \/>\n<meta property=\"article:modified_time\" content=\"2023-09-12T11:27:25+00:00\" \/>\n<meta name=\"twitter:card\" content=\"summary_large_image\" \/>\n<meta name=\"twitter:label1\" content=\"Tiempo de lectura\" \/>\n\t<meta name=\"twitter:data1\" content=\"1 minuto\" \/>\n<script type=\"application\/ld+json\" class=\"yoast-schema-graph\">{\"@context\":\"https:\/\/schema.org\",\"@graph\":[{\"@type\":\"WebPage\",\"@id\":\"https:\/\/morettidesign.it\/es\/area-riservata-accesso\/\",\"url\":\"https:\/\/morettidesign.it\/es\/area-riservata-accesso\/\",\"name\":\"Area Riservata Accesso - Moretti Design\",\"isPartOf\":{\"@id\":\"https:\/\/morettidesign.it\/#website\"},\"datePublished\":\"2020-07-29T16:24:01+00:00\",\"dateModified\":\"2023-09-12T11:27:25+00:00\",\"breadcrumb\":{\"@id\":\"https:\/\/morettidesign.it\/es\/area-riservata-accesso\/#breadcrumb\"},\"inLanguage\":\"es\",\"potentialAction\":[{\"@type\":\"ReadAction\",\"target\":[\"https:\/\/morettidesign.it\/es\/area-riservata-accesso\/\"]}]},{\"@type\":\"BreadcrumbList\",\"@id\":\"https:\/\/morettidesign.it\/es\/area-riservata-accesso\/#breadcrumb\",\"itemListElement\":[{\"@type\":\"ListItem\",\"position\":1,\"name\":\"Home\",\"item\":\"https:\/\/morettidesign.it\/es\/\"},{\"@type\":\"ListItem\",\"position\":2,\"name\":\"Area Riservata Accesso\"}]},{\"@type\":\"WebSite\",\"@id\":\"https:\/\/morettidesign.it\/#website\",\"url\":\"https:\/\/morettidesign.it\/\",\"name\":\"Moretti Design\",\"description\":\"Stufe a pellet e legna\",\"potentialAction\":[{\"@type\":\"SearchAction\",\"target\":{\"@type\":\"EntryPoint\",\"urlTemplate\":\"https:\/\/morettidesign.it\/?s={search_term_string}\"},\"query-input\":{\"@type\":\"PropertyValueSpecification\",\"valueRequired\":true,\"valueName\":\"search_term_string\"}}],\"inLanguage\":\"es\"}]}<\/script>\n<!-- \/ Yoast SEO plugin. -->","yoast_head_json":{"title":"Area Riservata Accesso - Moretti Design","robots":{"index":"index","follow":"follow","max-snippet":"max-snippet:-1","max-image-preview":"max-image-preview:large","max-video-preview":"max-video-preview:-1"},"canonical":"https:\/\/morettidesign.it\/es\/area-riservata-accesso\/","og_locale":"es_ES","og_type":"article","og_title":"Area Riservata Accesso - Moretti Design","og_description":"[vc_row][vc_column width=\u00bb1\/2&#8243;][vc_column_text] INTRODUZCA SU MORETTI ID Si tiene los datos de acceso para su \u00e1rea reservada, haga clic en el \u00e1rea de inter\u00e9s e introduzca el nombre de usuario y la contrase\u00f1a para acceder y recoger la informaci\u00f3n pertinente. Si a\u00fan no dispone de los datos, o si los han perdido o si no puede acceder, puede recuperarlos de forma sencilla e inmediata contactando con la Asistencia Moretti Design. LO QUE PUEDE ENCONTRAR EN LA ZONA RESERVADA En el \u00c1rea Reservada puede encontrar Cat\u00e1logos, Documentos T\u00e9cnicos de nuestras estufas, fotos, y todo tipo de material \u00fatil para su negocio. \u00bfQUIERES SER UN BOUTIQUE MORETTI? Si desea formar parte del Mundo Moretti Design, puede contactarnos en el +39 0735\u202890444 o complete el formulario en la p\u00e1gina de contacto.[\/vc_column_text][\/vc_column][vc_column width=\u00bb1\/2&#8243;][vc_btn title=\u00bbBOUTIQUE \/ SERVICIO ASISTENCIA T\u00c8CNICA\u00bb style=\u00bboutline-custom\u00bb outline_custom_color=\u00bb#c49651&#8243; outline_custom_hover_background=\u00bb#c49651&#8243; outline_custom_hover_text=\u00bb#ffffff\u00bb size=\u00bblg\u00bb align=\u00bbcenter\u00bb link=\u00bburl:https%3A%2F%2Fwww.morettidesign.it%2Farea-riservata-spagna%2F|title:Area%20Riservata\u00bb][tm_spacer size=\u00bblg:50&#8243;][vc_btn title=\u00bbCONSULTAR EL ALMAC\u00c9N\u00bb style=\u00bboutline-custom\u00bb outline_custom_color=\u00bb#c49651&#8243; outline_custom_hover_background=\u00bb#c49651&#8243; outline_custom_hover_text=\u00bb#ffffff\u00bb size=\u00bblg\u00bb align=\u00bbcenter\u00bb link=\u00bburl:%2Fconsulta-il-magazzino%2F|title:Consulta%20il%20magazzino|target:%20_blank|\u00bb][\/vc_column][\/vc_row]","og_url":"https:\/\/morettidesign.it\/es\/area-riservata-accesso\/","og_site_name":"Moretti Design","article_modified_time":"2023-09-12T11:27:25+00:00","twitter_card":"summary_large_image","twitter_misc":{"Tiempo de lectura":"1 minuto"},"schema":{"@context":"https:\/\/schema.org","@graph":[{"@type":"WebPage","@id":"https:\/\/morettidesign.it\/es\/area-riservata-accesso\/","url":"https:\/\/morettidesign.it\/es\/area-riservata-accesso\/","name":"Area Riservata Accesso - Moretti Design","isPartOf":{"@id":"https:\/\/morettidesign.it\/#website"},"datePublished":"2020-07-29T16:24:01+00:00","dateModified":"2023-09-12T11:27:25+00:00","breadcrumb":{"@id":"https:\/\/morettidesign.it\/es\/area-riservata-accesso\/#breadcrumb"},"inLanguage":"es","potentialAction":[{"@type":"ReadAction","target":["https:\/\/morettidesign.it\/es\/area-riservata-accesso\/"]}]},{"@type":"BreadcrumbList","@id":"https:\/\/morettidesign.it\/es\/area-riservata-accesso\/#breadcrumb","itemListElement":[{"@type":"ListItem","position":1,"name":"Home","item":"https:\/\/morettidesign.it\/es\/"},{"@type":"ListItem","position":2,"name":"Area Riservata Accesso"}]},{"@type":"WebSite","@id":"https:\/\/morettidesign.it\/#website","url":"https:\/\/morettidesign.it\/","name":"Moretti Design","description":"Stufe a pellet e legna","potentialAction":[{"@type":"SearchAction","target":{"@type":"EntryPoint","urlTemplate":"https:\/\/morettidesign.it\/?s={search_term_string}"},"query-input":{"@type":"PropertyValueSpecification","valueRequired":true,"valueName":"search_term_string"}}],"inLanguage":"es"}]}},"_links":{"self":[{"href":"https:\/\/morettidesign.it\/es\/wp-json\/wp\/v2\/pages\/24891"}],"collection":[{"href":"https:\/\/morettidesign.it\/es\/wp-json\/wp\/v2\/pages"}],"about":[{"href":"https:\/\/morettidesign.it\/es\/wp-json\/wp\/v2\/types\/page"}],"author":[{"embeddable":true,"href":"https:\/\/morettidesign.it\/es\/wp-json\/wp\/v2\/users\/1"}],"replies":[{"embeddable":true,"href":"https:\/\/morettidesign.it\/es\/wp-json\/wp\/v2\/comments?post=24891"}],"version-history":[{"count":1,"href":"https:\/\/morettidesign.it\/es\/wp-json\/wp\/v2\/pages\/24891\/revisions"}],"predecessor-version":[{"id":53272,"href":"https:\/\/morettidesign.it\/es\/wp-json\/wp\/v2\/pages\/24891\/revisions\/53272"}],"wp:attachment":[{"href":"https:\/\/morettidesign.it\/es\/wp-json\/wp\/v2\/media?parent=24891"}],"curies":[{"name":"wp","href":"https:\/\/api.w.org\/{rel}","templated":true}]}}