{"id":28225,"date":"2020-07-16T18:55:36","date_gmt":"2020-07-16T16:55:36","guid":{"rendered":"http:\/\/www.morettidesign.it\/assistenza-post-vendita\/"},"modified":"2020-10-08T15:06:12","modified_gmt":"2020-10-08T13:06:12","slug":"assistenza-post-vendita","status":"publish","type":"page","link":"https:\/\/morettidesign.it\/es\/assistenza-post-vendita\/","title":{"rendered":"Asistencia"},"content":{"rendered":"<p>[vc_row][vc_column][vc_column_text]<\/p>\n<p style=\"text-align: center;\"><strong><span style=\"text-align: center; font-size: 24px; color: #c49651;\">NUESTRA ASISTENC\u00cdA SIEMPRE A SU LADO<\/span><\/strong><\/p>\n<p style=\"text-align: center; font-size: 16px;\">Garantizar una asistencia clara y eficaz es uno de los elementos claves de Moretti Design. Nuestros expertos est\u00e1n siempre disponibles para proporcionarle un apoyo t\u00e9cnico. Si desea recibir una asistencia posventa, llame al n\u00famero 073590444, un t\u00e9cnico estar\u00e1 encantado de atender su solicitud. Tambi\u00e9n, es posible recibir un apoyo t\u00e9cnico a trav\u00e9s del correo electr\u00f3nico, rellenando el formulario de contacto en esta p\u00e1gina. Un t\u00e9cnico revisar\u00e1 su solicitud tan pronto como sea posible. [\/vc_column_text][tm_spacer size=\u00bblg:30&#8243;][\/vc_column][\/vc_row][vc_row][vc_column width=\u00bb1\/2&#8243; el_class=\u00bbshadow\u00bb][tm_spacer size=\u00bblg:30&#8243;][vc_column_text]<\/p>\n<h3 style=\"text-align: center;\"><strong>RELLENAR EL FORM<\/strong><\/h3>\n<p>[\/vc_column_text][tm_spacer size=\u00bblg:30&#8243;][tm_contact_form_7 id=\u00bb28230&#8243;][tm_spacer size=\u00bblg:30&#8243;][\/vc_column][vc_column width=\u00bb1\/2&#8243;][vc_column_text]<\/p>\n<p style=\"text-align: center;\"><strong><span style=\"text-align: center; font-size: 24px; color: #c49651;\">PACTO ASISTENCIA e CONTRATO<\/span><\/strong><\/p>\n<p>Transparencia, Velocidad, Eficiencia: Son las palabras claves del <strong>PACTO ASISTENCIA<\/strong> que el <strong>ATELIER MORETTI DESIGN<\/strong> propone a sus BOUTIQUE \/ CENTROS DE ASISTENCIA para garantizar la m\u00e1xima satisfacci\u00f3n del cliente. El <strong>PACTO ASISTENCIA<\/strong> es un <strong>CONTRATO<\/strong> garantizando seriedad, calidad y profesionalidad. El primer encendido del producto es fundamental. Debe ser efectuado por una persona cualificada con el fin de obtener las siguientes ventajas:<\/p>\n<ul>\n<li class=\"li1\"><span class=\"s2\">Verificaci\u00f3n de la instalaci\u00f3n correcta y segura del producto<\/span>;<\/li>\n<li class=\"li1\"><span class=\"s2\">Ajuste de la combusti\u00f3n<\/span>;<\/li>\n<li class=\"li1\"><span class=\"s2\">Explicaci\u00f3n sobre el funcionamiento del producto;<\/span><\/li>\n<li class=\"li1\"><span class=\"s2\">Activaci\u00f3n de la garant\u00eda por una duraci\u00f3n de 2 a\u00f1os;<\/span><\/li>\n<li class=\"li1\"><span class=\"s2\">Prioridad de intervenci\u00f3n en asistencia<\/span><\/li>\n<\/ul>\n<p>[\/vc_column_text][tm_spacer size=\u00bblg:50&#8243;][vc_column_text]<\/p>\n<p style=\"text-align: center;\"><strong><span style=\"text-align: center; font-size: 24px; color: #c49651;\">GARANT\u00cdA DE MADE IN ITALY<\/span><\/strong><\/p>\n<p style=\"font-size: 16px;\">Nuestras chimeneas y estufas son productos artesanales, \u201chechos a mano\u201d. Para mantener ese valor a\u00f1adido, no deseamos vender a la gran distribuci\u00f3n o en Internet. Por ese motivo y tambi\u00e9n para evitar esa dispersi\u00f3n, el Grupo MORETTI Design no garantizar\u00e1 sus productos comprados on-line.<\/p>\n<p>[\/vc_column_text][\/vc_column][\/vc_row]<\/p>\n","protected":false},"excerpt":{"rendered":"[vc_row][vc_column][vc_column_text] NUESTRA ASISTENC\u00cdA SIEMPRE A SU LADO Garantizar una asistencia clara y eficaz es uno de los elementos claves de Moretti Design. Nuestros expertos est\u00e1n siempre disponibles para proporcionarle un apoyo t\u00e9cnico. Si desea recibir una asistencia posventa, llame al n\u00famero 073590444, un t\u00e9cnico estar\u00e1 encantado de atender su solicitud. Tambi\u00e9n, es posible recibir un apoyo t\u00e9cnico a trav\u00e9s del correo electr\u00f3nico, rellenando el formulario de contacto en esta p\u00e1gina. Un t\u00e9cnico revisar\u00e1 su solicitud tan pronto como sea posible. [\/vc_column_text][tm_spacer size=\u00bblg:30&#8243;][\/vc_column][\/vc_row][vc_row][vc_column width=\u00bb1\/2&#8243; el_class=\u00bbshadow\u00bb][tm_spacer size=\u00bblg:30&#8243;][vc_column_text] RELLENAR EL FORM [\/vc_column_text][tm_spacer size=\u00bblg:30&#8243;][tm_contact_form_7 id=\u00bb28230&#8243;][tm_spacer size=\u00bblg:30&#8243;][\/vc_column][vc_column width=\u00bb1\/2&#8243;][vc_column_text] PACTO ASISTENCIA e CONTRATO Transparencia, Velocidad, Eficiencia: Son las palabras claves del PACTO ASISTENCIA que el ATELIER MORETTI DESIGN propone a sus BOUTIQUE \/ CENTROS DE ASISTENCIA para garantizar la m\u00e1xima satisfacci\u00f3n del cliente. El PACTO ASISTENCIA es un CONTRATO garantizando seriedad, calidad y profesionalidad. El primer encendido del producto es fundamental. Debe ser efectuado por una persona cualificada con el fin de obtener las siguientes ventajas: Verificaci\u00f3n de la instalaci\u00f3n correcta y segura del producto; Ajuste de la combusti\u00f3n; Explicaci\u00f3n sobre el funcionamiento del producto; Activaci\u00f3n de la garant\u00eda por una duraci\u00f3n de 2 a\u00f1os; Prioridad de intervenci\u00f3n en asistencia [\/vc_column_text][tm_spacer size=\u00bblg:50&#8243;][vc_column_text] GARANT\u00cdA DE MADE IN ITALY Nuestras chimeneas y estufas son productos artesanales, \u201chechos a mano\u201d. Para mantener ese valor a\u00f1adido, no deseamos vender a la gran distribuci\u00f3n o en Internet. Por ese motivo y tambi\u00e9n para evitar esa dispersi\u00f3n, el Grupo MORETTI Design no garantizar\u00e1 sus productos comprados on-line. [\/vc_column_text][\/vc_column][\/vc_row]","protected":false},"author":1,"featured_media":0,"parent":0,"menu_order":15,"comment_status":"closed","ping_status":"closed","template":"","meta":{"_glsr_average":0,"_glsr_ranking":0,"_glsr_reviews":0,"footnotes":""},"class_list":["post-28225","page","type-page","status-publish","hentry"],"yoast_head":"<!-- This site is optimized with the Yoast SEO plugin v23.5 - https:\/\/yoast.com\/wordpress\/plugins\/seo\/ -->\n<title>Asistencia - Moretti Design<\/title>\n<meta name=\"robots\" content=\"index, follow, max-snippet:-1, max-image-preview:large, max-video-preview:-1\" \/>\n<link rel=\"canonical\" href=\"https:\/\/morettidesign.it\/es\/assistenza-post-vendita\/\" \/>\n<meta property=\"og:locale\" content=\"es_ES\" \/>\n<meta property=\"og:type\" content=\"article\" \/>\n<meta property=\"og:title\" content=\"Asistencia - Moretti Design\" \/>\n<meta property=\"og:description\" content=\"[vc_row][vc_column][vc_column_text] NUESTRA ASISTENC\u00cdA SIEMPRE A SU LADO Garantizar una asistencia clara y eficaz es uno de los elementos claves de Moretti Design. Nuestros expertos est\u00e1n siempre disponibles para proporcionarle un apoyo t\u00e9cnico. Si desea recibir una asistencia posventa, llame al n\u00famero 073590444, un t\u00e9cnico estar\u00e1 encantado de atender su solicitud. Tambi\u00e9n, es posible recibir un apoyo t\u00e9cnico a trav\u00e9s del correo electr\u00f3nico, rellenando el formulario de contacto en esta p\u00e1gina. Un t\u00e9cnico revisar\u00e1 su solicitud tan pronto como sea posible. [\/vc_column_text][tm_spacer size=\u00bblg:30&#8243;][\/vc_column][\/vc_row][vc_row][vc_column width=\u00bb1\/2&#8243; el_class=\u00bbshadow\u00bb][tm_spacer size=\u00bblg:30&#8243;][vc_column_text] RELLENAR EL FORM [\/vc_column_text][tm_spacer size=\u00bblg:30&#8243;][tm_contact_form_7 id=\u00bb28230&#8243;][tm_spacer size=\u00bblg:30&#8243;][\/vc_column][vc_column width=\u00bb1\/2&#8243;][vc_column_text] PACTO ASISTENCIA e CONTRATO Transparencia, Velocidad, Eficiencia: Son las palabras claves del PACTO ASISTENCIA que el ATELIER MORETTI DESIGN propone a sus BOUTIQUE \/ CENTROS DE ASISTENCIA para garantizar la m\u00e1xima satisfacci\u00f3n del cliente. El PACTO ASISTENCIA es un CONTRATO garantizando seriedad, calidad y profesionalidad. El primer encendido del producto es fundamental. Debe ser efectuado por una persona cualificada con el fin de obtener las siguientes ventajas: Verificaci\u00f3n de la instalaci\u00f3n correcta y segura del producto; Ajuste de la combusti\u00f3n; Explicaci\u00f3n sobre el funcionamiento del producto; Activaci\u00f3n de la garant\u00eda por una duraci\u00f3n de 2 a\u00f1os; Prioridad de intervenci\u00f3n en asistencia [\/vc_column_text][tm_spacer size=\u00bblg:50&#8243;][vc_column_text] GARANT\u00cdA DE MADE IN ITALY Nuestras chimeneas y estufas son productos artesanales, \u201chechos a mano\u201d. Para mantener ese valor a\u00f1adido, no deseamos vender a la gran distribuci\u00f3n o en Internet. Por ese motivo y tambi\u00e9n para evitar esa dispersi\u00f3n, el Grupo MORETTI Design no garantizar\u00e1 sus productos comprados on-line. [\/vc_column_text][\/vc_column][\/vc_row]\" \/>\n<meta property=\"og:url\" content=\"https:\/\/morettidesign.it\/es\/assistenza-post-vendita\/\" \/>\n<meta property=\"og:site_name\" content=\"Moretti Design\" \/>\n<meta property=\"article:modified_time\" content=\"2020-10-08T13:06:12+00:00\" \/>\n<meta name=\"twitter:card\" content=\"summary_large_image\" \/>\n<meta name=\"twitter:title\" content=\"-1349\" \/>\n<meta name=\"twitter:description\" content=\"90\" \/>\n<meta name=\"twitter:image\" content=\"http:\/\/false\" \/>\n<meta name=\"twitter:label1\" content=\"Tiempo de lectura\" \/>\n\t<meta name=\"twitter:data1\" content=\"2 minutos\" \/>\n<script type=\"application\/ld+json\" class=\"yoast-schema-graph\">{\"@context\":\"https:\/\/schema.org\",\"@graph\":[{\"@type\":\"WebPage\",\"@id\":\"https:\/\/morettidesign.it\/es\/assistenza-post-vendita\/\",\"url\":\"https:\/\/morettidesign.it\/es\/assistenza-post-vendita\/\",\"name\":\"Asistencia - Moretti Design\",\"isPartOf\":{\"@id\":\"https:\/\/morettidesign.it\/#website\"},\"datePublished\":\"2020-07-16T16:55:36+00:00\",\"dateModified\":\"2020-10-08T13:06:12+00:00\",\"breadcrumb\":{\"@id\":\"https:\/\/morettidesign.it\/es\/assistenza-post-vendita\/#breadcrumb\"},\"inLanguage\":\"es\",\"potentialAction\":[{\"@type\":\"ReadAction\",\"target\":[\"https:\/\/morettidesign.it\/es\/assistenza-post-vendita\/\"]}]},{\"@type\":\"BreadcrumbList\",\"@id\":\"https:\/\/morettidesign.it\/es\/assistenza-post-vendita\/#breadcrumb\",\"itemListElement\":[{\"@type\":\"ListItem\",\"position\":1,\"name\":\"Home\",\"item\":\"https:\/\/morettidesign.it\/es\/\"},{\"@type\":\"ListItem\",\"position\":2,\"name\":\"Asistencia\"}]},{\"@type\":\"WebSite\",\"@id\":\"https:\/\/morettidesign.it\/#website\",\"url\":\"https:\/\/morettidesign.it\/\",\"name\":\"Moretti Design\",\"description\":\"Stufe a pellet e legna\",\"potentialAction\":[{\"@type\":\"SearchAction\",\"target\":{\"@type\":\"EntryPoint\",\"urlTemplate\":\"https:\/\/morettidesign.it\/?s={search_term_string}\"},\"query-input\":{\"@type\":\"PropertyValueSpecification\",\"valueRequired\":true,\"valueName\":\"search_term_string\"}}],\"inLanguage\":\"es\"}]}<\/script>\n<!-- \/ Yoast SEO plugin. -->","yoast_head_json":{"title":"Asistencia - Moretti Design","robots":{"index":"index","follow":"follow","max-snippet":"max-snippet:-1","max-image-preview":"max-image-preview:large","max-video-preview":"max-video-preview:-1"},"canonical":"https:\/\/morettidesign.it\/es\/assistenza-post-vendita\/","og_locale":"es_ES","og_type":"article","og_title":"Asistencia - Moretti Design","og_description":"[vc_row][vc_column][vc_column_text] NUESTRA ASISTENC\u00cdA SIEMPRE A SU LADO Garantizar una asistencia clara y eficaz es uno de los elementos claves de Moretti Design. Nuestros expertos est\u00e1n siempre disponibles para proporcionarle un apoyo t\u00e9cnico. Si desea recibir una asistencia posventa, llame al n\u00famero 073590444, un t\u00e9cnico estar\u00e1 encantado de atender su solicitud. Tambi\u00e9n, es posible recibir un apoyo t\u00e9cnico a trav\u00e9s del correo electr\u00f3nico, rellenando el formulario de contacto en esta p\u00e1gina. Un t\u00e9cnico revisar\u00e1 su solicitud tan pronto como sea posible. [\/vc_column_text][tm_spacer size=\u00bblg:30&#8243;][\/vc_column][\/vc_row][vc_row][vc_column width=\u00bb1\/2&#8243; el_class=\u00bbshadow\u00bb][tm_spacer size=\u00bblg:30&#8243;][vc_column_text] RELLENAR EL FORM [\/vc_column_text][tm_spacer size=\u00bblg:30&#8243;][tm_contact_form_7 id=\u00bb28230&#8243;][tm_spacer size=\u00bblg:30&#8243;][\/vc_column][vc_column width=\u00bb1\/2&#8243;][vc_column_text] PACTO ASISTENCIA e CONTRATO Transparencia, Velocidad, Eficiencia: Son las palabras claves del PACTO ASISTENCIA que el ATELIER MORETTI DESIGN propone a sus BOUTIQUE \/ CENTROS DE ASISTENCIA para garantizar la m\u00e1xima satisfacci\u00f3n del cliente. El PACTO ASISTENCIA es un CONTRATO garantizando seriedad, calidad y profesionalidad. El primer encendido del producto es fundamental. Debe ser efectuado por una persona cualificada con el fin de obtener las siguientes ventajas: Verificaci\u00f3n de la instalaci\u00f3n correcta y segura del producto; Ajuste de la combusti\u00f3n; Explicaci\u00f3n sobre el funcionamiento del producto; Activaci\u00f3n de la garant\u00eda por una duraci\u00f3n de 2 a\u00f1os; Prioridad de intervenci\u00f3n en asistencia [\/vc_column_text][tm_spacer size=\u00bblg:50&#8243;][vc_column_text] GARANT\u00cdA DE MADE IN ITALY Nuestras chimeneas y estufas son productos artesanales, \u201chechos a mano\u201d. Para mantener ese valor a\u00f1adido, no deseamos vender a la gran distribuci\u00f3n o en Internet. Por ese motivo y tambi\u00e9n para evitar esa dispersi\u00f3n, el Grupo MORETTI Design no garantizar\u00e1 sus productos comprados on-line. [\/vc_column_text][\/vc_column][\/vc_row]","og_url":"https:\/\/morettidesign.it\/es\/assistenza-post-vendita\/","og_site_name":"Moretti Design","article_modified_time":"2020-10-08T13:06:12+00:00","twitter_card":"summary_large_image","twitter_title":"-1349","twitter_description":"90","twitter_image":"false","twitter_misc":{"Tiempo de lectura":"2 minutos"},"schema":{"@context":"https:\/\/schema.org","@graph":[{"@type":"WebPage","@id":"https:\/\/morettidesign.it\/es\/assistenza-post-vendita\/","url":"https:\/\/morettidesign.it\/es\/assistenza-post-vendita\/","name":"Asistencia - Moretti Design","isPartOf":{"@id":"https:\/\/morettidesign.it\/#website"},"datePublished":"2020-07-16T16:55:36+00:00","dateModified":"2020-10-08T13:06:12+00:00","breadcrumb":{"@id":"https:\/\/morettidesign.it\/es\/assistenza-post-vendita\/#breadcrumb"},"inLanguage":"es","potentialAction":[{"@type":"ReadAction","target":["https:\/\/morettidesign.it\/es\/assistenza-post-vendita\/"]}]},{"@type":"BreadcrumbList","@id":"https:\/\/morettidesign.it\/es\/assistenza-post-vendita\/#breadcrumb","itemListElement":[{"@type":"ListItem","position":1,"name":"Home","item":"https:\/\/morettidesign.it\/es\/"},{"@type":"ListItem","position":2,"name":"Asistencia"}]},{"@type":"WebSite","@id":"https:\/\/morettidesign.it\/#website","url":"https:\/\/morettidesign.it\/","name":"Moretti Design","description":"Stufe a pellet e legna","potentialAction":[{"@type":"SearchAction","target":{"@type":"EntryPoint","urlTemplate":"https:\/\/morettidesign.it\/?s={search_term_string}"},"query-input":{"@type":"PropertyValueSpecification","valueRequired":true,"valueName":"search_term_string"}}],"inLanguage":"es"}]}},"_links":{"self":[{"href":"https:\/\/morettidesign.it\/es\/wp-json\/wp\/v2\/pages\/28225"}],"collection":[{"href":"https:\/\/morettidesign.it\/es\/wp-json\/wp\/v2\/pages"}],"about":[{"href":"https:\/\/morettidesign.it\/es\/wp-json\/wp\/v2\/types\/page"}],"author":[{"embeddable":true,"href":"https:\/\/morettidesign.it\/es\/wp-json\/wp\/v2\/users\/1"}],"replies":[{"embeddable":true,"href":"https:\/\/morettidesign.it\/es\/wp-json\/wp\/v2\/comments?post=28225"}],"version-history":[{"count":0,"href":"https:\/\/morettidesign.it\/es\/wp-json\/wp\/v2\/pages\/28225\/revisions"}],"wp:attachment":[{"href":"https:\/\/morettidesign.it\/es\/wp-json\/wp\/v2\/media?parent=28225"}],"curies":[{"name":"wp","href":"https:\/\/api.w.org\/{rel}","templated":true}]}}