{"id":46578,"date":"2022-09-29T15:36:00","date_gmt":"2022-09-29T13:36:00","guid":{"rendered":"https:\/\/www.morettidesign.it\/download-pocket\/"},"modified":"2022-11-17T16:37:02","modified_gmt":"2022-11-17T15:37:02","slug":"download-pocket","status":"publish","type":"page","link":"https:\/\/morettidesign.it\/es\/download-pocket\/","title":{"rendered":"Download Pocket"},"content":{"rendered":"<p>[vc_row full_width=\u00bbstretch_row_content_no_spaces\u00bb][vc_column][vc_raw_html]JTNDcGljdHVyZSUzRSUwQSUwOSUzQ3NvdXJjZSUyMG1lZGlhJTNEJTIyJTI4bWF4LXdpZHRoJTNBJTIwNzY3cHglMjklMjIlMjAlMEElMDlzcmNzZXQlM0QlMjJodHRwcyUzQSUyRiUyRnd3dy5tb3JldHRpZGVzaWduLml0JTJGd3AtY29udGVudCUyRnVwbG9hZHMlMkYyMDIyJTJGMTAlMkZMQU5ESU5HLVBPQ0tFVF9CQU5ORVIuanBnJTIyJTNFJTBBJTA5JTNDc291cmNlJTIwbWVkaWElM0QlMjIlMjhtYXgtd2lkdGglM0ElMjAxNDQwcHglMjklMjIlMjAlMEElMDlzcmNzZXQlM0QlMjJodHRwcyUzQSUyRiUyRnd3dy5tb3JldHRpZGVzaWduLml0JTJGd3AtY29udGVudCUyRnVwbG9hZHMlMkYyMDIyJTJGMTAlMkZMQU5ESU5HLVBPQ0tFVF9CQU5ORVIuanBnJTIyJTNFJTBBJTA5JTNDaW1nJTIwc3JjJTNEJTIyaHR0cHMlM0ElMkYlMkZ3d3cubW9yZXR0aWRlc2lnbi5pdCUyRndwLWNvbnRlbnQlMkZ1cGxvYWRzJTJGMjAyMiUyRjEwJTJGTEFORElORy1QT0NLRVRfQkFOTkVSLmpwZyUyMiUyMGFsdCUzRCUyMiUyMiUyMHdpZHRoJTNEJTIyMTAwJTI1JTIyJTNFJTBBJTNDJTJGcGljdHVyZSUzRQ==[\/vc_raw_html][tm_spacer size=\u00bblg:50&#8243;][\/vc_column][\/vc_row][vc_row lg_spacing=\u00bbmargin_top:50;margin_bottom:50&#8243;][vc_column width=\u00bb1\/3&#8243;][vc_column_text el_class=\u00bbuk-text-center\u00bb]<img decoding=\"async\" class=\"aligncenter\" src=\"https:\/\/www.morettidesign.it\/wp-content\/uploads\/2022\/10\/LANDING-POCKET_800x900.jpg\" \/>[\/vc_column_text][\/vc_column][vc_column width=\u00bb2\/3&#8243;][vc_column_text]<\/p>\n<p class=\"jhk__title\" style=\"margin: 0;\">D\u00c9JESE INSPIRAR POR NUESTRAS GU\u00cdAS DE DISE\u00d1O<\/p>\n<p>[\/vc_column_text][vc_separator color=\u00bbcustom\u00bb align=\u00bbalign_left\u00bb border_width=\u00bb2&#8243; el_width=\u00bb30&#8243; accent_color=\u00bb#a4522e\u00bb][vc_column_text css=\u00bb.vc_custom_1664810488351{margin-top: 30px !important;}\u00bb]<\/p>\n<p class=\"jhk__para\">Presentamos nuestra primera gu\u00eda de Design. En su interior encontrar\u00e1 nuestras colecciones y podr\u00e1 inspirarse en las ic\u00f3nicas creaciones, la tecnolog\u00eda de vanguardia y sus caracter\u00edsticas t\u00e9cnicas.<\/p>\n<p class=\"jhk__para\">P\u00e1ginas tras p\u00e1ginas descubrir\u00e1s una nueva forma de percibir la calefacci\u00f3n dom\u00e9stica.<\/p>\n<p class=\"jhk__para\">Moretti design &#8211; donde la tecnolog\u00eda se encuentra con el dise\u00f1o y el estilo Made in Italy<\/p>\n<p class=\"jhk__para\">Aqu\u00ed puede descargar la versi\u00f3n digital en espa\u00f1ol y alem\u00e1n.<\/p>\n<p>[\/vc_column_text][vc_row_inner lg_spacing=\u00bbmargin_top:30;margin_bottom:30&#8243;][vc_column_inner width=\u00bb1\/2&#8243;][vc_btn title=\u00bbDESCARGAR POCKET EN ESPA\u00d1OL\u00bb style=\u00bboutline-custom\u00bb outline_custom_color=\u00bb#9f5237&#8243; outline_custom_hover_background=\u00bb#9f5237&#8243; outline_custom_hover_text=\u00bb#ffffff\u00bb shape=\u00bbsquare\u00bb align=\u00bbcenter\u00bb link=\u00bburl:https%3A%2F%2Fwww.morettidesign.it%2Fdownload%2F46685%2F%3Ftmstv%3D1668699403|title:Documenti%20tecnika%20duplex%20bi-power|target:_blank\u00bb][\/vc_column_inner][vc_column_inner width=\u00bb1\/2&#8243;][\/vc_column_inner][\/vc_row_inner][\/vc_column][\/vc_row]<\/p>\n","protected":false},"excerpt":{"rendered":"[vc_row full_width=\u00bbstretch_row_content_no_spaces\u00bb][vc_column][vc_raw_html]JTNDcGljdHVyZSUzRSUwQSUwOSUzQ3NvdXJjZSUyMG1lZGlhJTNEJTIyJTI4bWF4LXdpZHRoJTNBJTIwNzY3cHglMjklMjIlMjAlMEElMDlzcmNzZXQlM0QlMjJodHRwcyUzQSUyRiUyRnd3dy5tb3JldHRpZGVzaWduLml0JTJGd3AtY29udGVudCUyRnVwbG9hZHMlMkYyMDIyJTJGMTAlMkZMQU5ESU5HLVBPQ0tFVF9CQU5ORVIuanBnJTIyJTNFJTBBJTA5JTNDc291cmNlJTIwbWVkaWElM0QlMjIlMjhtYXgtd2lkdGglM0ElMjAxNDQwcHglMjklMjIlMjAlMEElMDlzcmNzZXQlM0QlMjJodHRwcyUzQSUyRiUyRnd3dy5tb3JldHRpZGVzaWduLml0JTJGd3AtY29udGVudCUyRnVwbG9hZHMlMkYyMDIyJTJGMTAlMkZMQU5ESU5HLVBPQ0tFVF9CQU5ORVIuanBnJTIyJTNFJTBBJTA5JTNDaW1nJTIwc3JjJTNEJTIyaHR0cHMlM0ElMkYlMkZ3d3cubW9yZXR0aWRlc2lnbi5pdCUyRndwLWNvbnRlbnQlMkZ1cGxvYWRzJTJGMjAyMiUyRjEwJTJGTEFORElORy1QT0NLRVRfQkFOTkVSLmpwZyUyMiUyMGFsdCUzRCUyMiUyMiUyMHdpZHRoJTNEJTIyMTAwJTI1JTIyJTNFJTBBJTNDJTJGcGljdHVyZSUzRQ==[\/vc_raw_html][tm_spacer size=\u00bblg:50&#8243;][\/vc_column][\/vc_row][vc_row lg_spacing=\u00bbmargin_top:50;margin_bottom:50&#8243;][vc_column width=\u00bb1\/3&#8243;][vc_column_text el_class=\u00bbuk-text-center\u00bb][\/vc_column_text][\/vc_column][vc_column width=\u00bb2\/3&#8243;][vc_column_text] D\u00c9JESE INSPIRAR POR NUESTRAS GU\u00cdAS DE DISE\u00d1O [\/vc_column_text][vc_separator color=\u00bbcustom\u00bb align=\u00bbalign_left\u00bb border_width=\u00bb2&#8243; el_width=\u00bb30&#8243; accent_color=\u00bb#a4522e\u00bb][vc_column_text css=\u00bb.vc_custom_1664810488351{margin-top: 30px !important;}\u00bb] Presentamos nuestra primera gu\u00eda de Design. En su interior encontrar\u00e1 nuestras colecciones y podr\u00e1 inspirarse en las ic\u00f3nicas creaciones, la tecnolog\u00eda de vanguardia y sus caracter\u00edsticas t\u00e9cnicas. P\u00e1ginas tras p\u00e1ginas descubrir\u00e1s una nueva forma de percibir la calefacci\u00f3n dom\u00e9stica. Moretti design &#8211; donde la tecnolog\u00eda se encuentra con el dise\u00f1o y el estilo Made in Italy Aqu\u00ed puede descargar la versi\u00f3n digital en espa\u00f1ol y alem\u00e1n. [\/vc_column_text][vc_row_inner lg_spacing=\u00bbmargin_top:30;margin_bottom:30&#8243;][vc_column_inner width=\u00bb1\/2&#8243;][vc_btn title=\u00bbDESCARGAR POCKET EN ESPA\u00d1OL\u00bb style=\u00bboutline-custom\u00bb outline_custom_color=\u00bb#9f5237&#8243; outline_custom_hover_background=\u00bb#9f5237&#8243; outline_custom_hover_text=\u00bb#ffffff\u00bb shape=\u00bbsquare\u00bb align=\u00bbcenter\u00bb link=\u00bburl:https%3A%2F%2Fwww.morettidesign.it%2Fdownload%2F46685%2F%3Ftmstv%3D1668699403|title:Documenti%20tecnika%20duplex%20bi-power|target:_blank\u00bb][\/vc_column_inner][vc_column_inner width=\u00bb1\/2&#8243;][\/vc_column_inner][\/vc_row_inner][\/vc_column][\/vc_row]","protected":false},"author":1,"featured_media":0,"parent":0,"menu_order":38,"comment_status":"closed","ping_status":"closed","template":"","meta":{"_glsr_average":0,"_glsr_ranking":0,"_glsr_reviews":0,"footnotes":""},"class_list":["post-46578","page","type-page","status-publish","hentry"],"yoast_head":"<!-- This site is optimized with the Yoast SEO plugin v23.5 - https:\/\/yoast.com\/wordpress\/plugins\/seo\/ -->\n<title>Download Pocket - Moretti Design<\/title>\n<meta name=\"robots\" content=\"index, follow, max-snippet:-1, max-image-preview:large, max-video-preview:-1\" \/>\n<link rel=\"canonical\" href=\"https:\/\/morettidesign.it\/es\/download-pocket\/\" \/>\n<meta property=\"og:locale\" content=\"es_ES\" \/>\n<meta property=\"og:type\" content=\"article\" \/>\n<meta property=\"og:title\" content=\"Download Pocket - Moretti Design\" \/>\n<meta property=\"og:description\" content=\"[vc_row full_width=\u00bbstretch_row_content_no_spaces\u00bb][vc_column][vc_raw_html]JTNDcGljdHVyZSUzRSUwQSUwOSUzQ3NvdXJjZSUyMG1lZGlhJTNEJTIyJTI4bWF4LXdpZHRoJTNBJTIwNzY3cHglMjklMjIlMjAlMEElMDlzcmNzZXQlM0QlMjJodHRwcyUzQSUyRiUyRnd3dy5tb3JldHRpZGVzaWduLml0JTJGd3AtY29udGVudCUyRnVwbG9hZHMlMkYyMDIyJTJGMTAlMkZMQU5ESU5HLVBPQ0tFVF9CQU5ORVIuanBnJTIyJTNFJTBBJTA5JTNDc291cmNlJTIwbWVkaWElM0QlMjIlMjhtYXgtd2lkdGglM0ElMjAxNDQwcHglMjklMjIlMjAlMEElMDlzcmNzZXQlM0QlMjJodHRwcyUzQSUyRiUyRnd3dy5tb3JldHRpZGVzaWduLml0JTJGd3AtY29udGVudCUyRnVwbG9hZHMlMkYyMDIyJTJGMTAlMkZMQU5ESU5HLVBPQ0tFVF9CQU5ORVIuanBnJTIyJTNFJTBBJTA5JTNDaW1nJTIwc3JjJTNEJTIyaHR0cHMlM0ElMkYlMkZ3d3cubW9yZXR0aWRlc2lnbi5pdCUyRndwLWNvbnRlbnQlMkZ1cGxvYWRzJTJGMjAyMiUyRjEwJTJGTEFORElORy1QT0NLRVRfQkFOTkVSLmpwZyUyMiUyMGFsdCUzRCUyMiUyMiUyMHdpZHRoJTNEJTIyMTAwJTI1JTIyJTNFJTBBJTNDJTJGcGljdHVyZSUzRQ==[\/vc_raw_html][tm_spacer size=\u00bblg:50&#8243;][\/vc_column][\/vc_row][vc_row lg_spacing=\u00bbmargin_top:50;margin_bottom:50&#8243;][vc_column width=\u00bb1\/3&#8243;][vc_column_text el_class=\u00bbuk-text-center\u00bb][\/vc_column_text][\/vc_column][vc_column width=\u00bb2\/3&#8243;][vc_column_text] D\u00c9JESE INSPIRAR POR NUESTRAS GU\u00cdAS DE DISE\u00d1O [\/vc_column_text][vc_separator color=\u00bbcustom\u00bb align=\u00bbalign_left\u00bb border_width=\u00bb2&#8243; el_width=\u00bb30&#8243; accent_color=\u00bb#a4522e\u00bb][vc_column_text css=\u00bb.vc_custom_1664810488351{margin-top: 30px !important;}\u00bb] Presentamos nuestra primera gu\u00eda de Design. En su interior encontrar\u00e1 nuestras colecciones y podr\u00e1 inspirarse en las ic\u00f3nicas creaciones, la tecnolog\u00eda de vanguardia y sus caracter\u00edsticas t\u00e9cnicas. P\u00e1ginas tras p\u00e1ginas descubrir\u00e1s una nueva forma de percibir la calefacci\u00f3n dom\u00e9stica. Moretti design &#8211; donde la tecnolog\u00eda se encuentra con el dise\u00f1o y el estilo Made in Italy Aqu\u00ed puede descargar la versi\u00f3n digital en espa\u00f1ol y alem\u00e1n. [\/vc_column_text][vc_row_inner lg_spacing=\u00bbmargin_top:30;margin_bottom:30&#8243;][vc_column_inner width=\u00bb1\/2&#8243;][vc_btn title=\u00bbDESCARGAR POCKET EN ESPA\u00d1OL\u00bb style=\u00bboutline-custom\u00bb outline_custom_color=\u00bb#9f5237&#8243; outline_custom_hover_background=\u00bb#9f5237&#8243; outline_custom_hover_text=\u00bb#ffffff\u00bb shape=\u00bbsquare\u00bb align=\u00bbcenter\u00bb link=\u00bburl:https%3A%2F%2Fwww.morettidesign.it%2Fdownload%2F46685%2F%3Ftmstv%3D1668699403|title:Documenti%20tecnika%20duplex%20bi-power|target:_blank\u00bb][\/vc_column_inner][vc_column_inner width=\u00bb1\/2&#8243;][\/vc_column_inner][\/vc_row_inner][\/vc_column][\/vc_row]\" \/>\n<meta property=\"og:url\" content=\"https:\/\/morettidesign.it\/es\/download-pocket\/\" \/>\n<meta property=\"og:site_name\" content=\"Moretti Design\" \/>\n<meta property=\"article:modified_time\" content=\"2022-11-17T15:37:02+00:00\" \/>\n<meta property=\"og:image\" content=\"https:\/\/www.morettidesign.it\/wp-content\/uploads\/2022\/10\/LANDING-POCKET_800x900.jpg\" \/>\n<meta name=\"twitter:card\" content=\"summary_large_image\" \/>\n<meta name=\"twitter:label1\" content=\"Tiempo de lectura\" \/>\n\t<meta name=\"twitter:data1\" content=\"1 minuto\" \/>\n<script type=\"application\/ld+json\" class=\"yoast-schema-graph\">{\"@context\":\"https:\/\/schema.org\",\"@graph\":[{\"@type\":\"WebPage\",\"@id\":\"https:\/\/morettidesign.it\/es\/download-pocket\/\",\"url\":\"https:\/\/morettidesign.it\/es\/download-pocket\/\",\"name\":\"Download Pocket - Moretti Design\",\"isPartOf\":{\"@id\":\"https:\/\/morettidesign.it\/#website\"},\"primaryImageOfPage\":{\"@id\":\"https:\/\/morettidesign.it\/es\/download-pocket\/#primaryimage\"},\"image\":{\"@id\":\"https:\/\/morettidesign.it\/es\/download-pocket\/#primaryimage\"},\"thumbnailUrl\":\"https:\/\/www.morettidesign.it\/wp-content\/uploads\/2022\/10\/LANDING-POCKET_800x900.jpg\",\"datePublished\":\"2022-09-29T13:36:00+00:00\",\"dateModified\":\"2022-11-17T15:37:02+00:00\",\"breadcrumb\":{\"@id\":\"https:\/\/morettidesign.it\/es\/download-pocket\/#breadcrumb\"},\"inLanguage\":\"es\",\"potentialAction\":[{\"@type\":\"ReadAction\",\"target\":[\"https:\/\/morettidesign.it\/es\/download-pocket\/\"]}]},{\"@type\":\"ImageObject\",\"inLanguage\":\"es\",\"@id\":\"https:\/\/morettidesign.it\/es\/download-pocket\/#primaryimage\",\"url\":\"https:\/\/www.morettidesign.it\/wp-content\/uploads\/2022\/10\/LANDING-POCKET_800x900.jpg\",\"contentUrl\":\"https:\/\/www.morettidesign.it\/wp-content\/uploads\/2022\/10\/LANDING-POCKET_800x900.jpg\"},{\"@type\":\"BreadcrumbList\",\"@id\":\"https:\/\/morettidesign.it\/es\/download-pocket\/#breadcrumb\",\"itemListElement\":[{\"@type\":\"ListItem\",\"position\":1,\"name\":\"Home\",\"item\":\"https:\/\/morettidesign.it\/es\/\"},{\"@type\":\"ListItem\",\"position\":2,\"name\":\"Download Pocket\"}]},{\"@type\":\"WebSite\",\"@id\":\"https:\/\/morettidesign.it\/#website\",\"url\":\"https:\/\/morettidesign.it\/\",\"name\":\"Moretti Design\",\"description\":\"Stufe a pellet e legna\",\"potentialAction\":[{\"@type\":\"SearchAction\",\"target\":{\"@type\":\"EntryPoint\",\"urlTemplate\":\"https:\/\/morettidesign.it\/?s={search_term_string}\"},\"query-input\":{\"@type\":\"PropertyValueSpecification\",\"valueRequired\":true,\"valueName\":\"search_term_string\"}}],\"inLanguage\":\"es\"}]}<\/script>\n<!-- \/ Yoast SEO plugin. -->","yoast_head_json":{"title":"Download Pocket - Moretti Design","robots":{"index":"index","follow":"follow","max-snippet":"max-snippet:-1","max-image-preview":"max-image-preview:large","max-video-preview":"max-video-preview:-1"},"canonical":"https:\/\/morettidesign.it\/es\/download-pocket\/","og_locale":"es_ES","og_type":"article","og_title":"Download Pocket - Moretti Design","og_description":"[vc_row full_width=\u00bbstretch_row_content_no_spaces\u00bb][vc_column][vc_raw_html]JTNDcGljdHVyZSUzRSUwQSUwOSUzQ3NvdXJjZSUyMG1lZGlhJTNEJTIyJTI4bWF4LXdpZHRoJTNBJTIwNzY3cHglMjklMjIlMjAlMEElMDlzcmNzZXQlM0QlMjJodHRwcyUzQSUyRiUyRnd3dy5tb3JldHRpZGVzaWduLml0JTJGd3AtY29udGVudCUyRnVwbG9hZHMlMkYyMDIyJTJGMTAlMkZMQU5ESU5HLVBPQ0tFVF9CQU5ORVIuanBnJTIyJTNFJTBBJTA5JTNDc291cmNlJTIwbWVkaWElM0QlMjIlMjhtYXgtd2lkdGglM0ElMjAxNDQwcHglMjklMjIlMjAlMEElMDlzcmNzZXQlM0QlMjJodHRwcyUzQSUyRiUyRnd3dy5tb3JldHRpZGVzaWduLml0JTJGd3AtY29udGVudCUyRnVwbG9hZHMlMkYyMDIyJTJGMTAlMkZMQU5ESU5HLVBPQ0tFVF9CQU5ORVIuanBnJTIyJTNFJTBBJTA5JTNDaW1nJTIwc3JjJTNEJTIyaHR0cHMlM0ElMkYlMkZ3d3cubW9yZXR0aWRlc2lnbi5pdCUyRndwLWNvbnRlbnQlMkZ1cGxvYWRzJTJGMjAyMiUyRjEwJTJGTEFORElORy1QT0NLRVRfQkFOTkVSLmpwZyUyMiUyMGFsdCUzRCUyMiUyMiUyMHdpZHRoJTNEJTIyMTAwJTI1JTIyJTNFJTBBJTNDJTJGcGljdHVyZSUzRQ==[\/vc_raw_html][tm_spacer size=\u00bblg:50&#8243;][\/vc_column][\/vc_row][vc_row lg_spacing=\u00bbmargin_top:50;margin_bottom:50&#8243;][vc_column width=\u00bb1\/3&#8243;][vc_column_text el_class=\u00bbuk-text-center\u00bb][\/vc_column_text][\/vc_column][vc_column width=\u00bb2\/3&#8243;][vc_column_text] D\u00c9JESE INSPIRAR POR NUESTRAS GU\u00cdAS DE DISE\u00d1O [\/vc_column_text][vc_separator color=\u00bbcustom\u00bb align=\u00bbalign_left\u00bb border_width=\u00bb2&#8243; el_width=\u00bb30&#8243; accent_color=\u00bb#a4522e\u00bb][vc_column_text css=\u00bb.vc_custom_1664810488351{margin-top: 30px !important;}\u00bb] Presentamos nuestra primera gu\u00eda de Design. En su interior encontrar\u00e1 nuestras colecciones y podr\u00e1 inspirarse en las ic\u00f3nicas creaciones, la tecnolog\u00eda de vanguardia y sus caracter\u00edsticas t\u00e9cnicas. P\u00e1ginas tras p\u00e1ginas descubrir\u00e1s una nueva forma de percibir la calefacci\u00f3n dom\u00e9stica. Moretti design &#8211; donde la tecnolog\u00eda se encuentra con el dise\u00f1o y el estilo Made in Italy Aqu\u00ed puede descargar la versi\u00f3n digital en espa\u00f1ol y alem\u00e1n. [\/vc_column_text][vc_row_inner lg_spacing=\u00bbmargin_top:30;margin_bottom:30&#8243;][vc_column_inner width=\u00bb1\/2&#8243;][vc_btn title=\u00bbDESCARGAR POCKET EN ESPA\u00d1OL\u00bb style=\u00bboutline-custom\u00bb outline_custom_color=\u00bb#9f5237&#8243; outline_custom_hover_background=\u00bb#9f5237&#8243; outline_custom_hover_text=\u00bb#ffffff\u00bb shape=\u00bbsquare\u00bb align=\u00bbcenter\u00bb link=\u00bburl:https%3A%2F%2Fwww.morettidesign.it%2Fdownload%2F46685%2F%3Ftmstv%3D1668699403|title:Documenti%20tecnika%20duplex%20bi-power|target:_blank\u00bb][\/vc_column_inner][vc_column_inner width=\u00bb1\/2&#8243;][\/vc_column_inner][\/vc_row_inner][\/vc_column][\/vc_row]","og_url":"https:\/\/morettidesign.it\/es\/download-pocket\/","og_site_name":"Moretti Design","article_modified_time":"2022-11-17T15:37:02+00:00","og_image":[{"url":"https:\/\/www.morettidesign.it\/wp-content\/uploads\/2022\/10\/LANDING-POCKET_800x900.jpg"}],"twitter_card":"summary_large_image","twitter_misc":{"Tiempo de lectura":"1 minuto"},"schema":{"@context":"https:\/\/schema.org","@graph":[{"@type":"WebPage","@id":"https:\/\/morettidesign.it\/es\/download-pocket\/","url":"https:\/\/morettidesign.it\/es\/download-pocket\/","name":"Download Pocket - Moretti Design","isPartOf":{"@id":"https:\/\/morettidesign.it\/#website"},"primaryImageOfPage":{"@id":"https:\/\/morettidesign.it\/es\/download-pocket\/#primaryimage"},"image":{"@id":"https:\/\/morettidesign.it\/es\/download-pocket\/#primaryimage"},"thumbnailUrl":"https:\/\/www.morettidesign.it\/wp-content\/uploads\/2022\/10\/LANDING-POCKET_800x900.jpg","datePublished":"2022-09-29T13:36:00+00:00","dateModified":"2022-11-17T15:37:02+00:00","breadcrumb":{"@id":"https:\/\/morettidesign.it\/es\/download-pocket\/#breadcrumb"},"inLanguage":"es","potentialAction":[{"@type":"ReadAction","target":["https:\/\/morettidesign.it\/es\/download-pocket\/"]}]},{"@type":"ImageObject","inLanguage":"es","@id":"https:\/\/morettidesign.it\/es\/download-pocket\/#primaryimage","url":"https:\/\/www.morettidesign.it\/wp-content\/uploads\/2022\/10\/LANDING-POCKET_800x900.jpg","contentUrl":"https:\/\/www.morettidesign.it\/wp-content\/uploads\/2022\/10\/LANDING-POCKET_800x900.jpg"},{"@type":"BreadcrumbList","@id":"https:\/\/morettidesign.it\/es\/download-pocket\/#breadcrumb","itemListElement":[{"@type":"ListItem","position":1,"name":"Home","item":"https:\/\/morettidesign.it\/es\/"},{"@type":"ListItem","position":2,"name":"Download Pocket"}]},{"@type":"WebSite","@id":"https:\/\/morettidesign.it\/#website","url":"https:\/\/morettidesign.it\/","name":"Moretti Design","description":"Stufe a pellet e legna","potentialAction":[{"@type":"SearchAction","target":{"@type":"EntryPoint","urlTemplate":"https:\/\/morettidesign.it\/?s={search_term_string}"},"query-input":{"@type":"PropertyValueSpecification","valueRequired":true,"valueName":"search_term_string"}}],"inLanguage":"es"}]}},"_links":{"self":[{"href":"https:\/\/morettidesign.it\/es\/wp-json\/wp\/v2\/pages\/46578"}],"collection":[{"href":"https:\/\/morettidesign.it\/es\/wp-json\/wp\/v2\/pages"}],"about":[{"href":"https:\/\/morettidesign.it\/es\/wp-json\/wp\/v2\/types\/page"}],"author":[{"embeddable":true,"href":"https:\/\/morettidesign.it\/es\/wp-json\/wp\/v2\/users\/1"}],"replies":[{"embeddable":true,"href":"https:\/\/morettidesign.it\/es\/wp-json\/wp\/v2\/comments?post=46578"}],"version-history":[{"count":0,"href":"https:\/\/morettidesign.it\/es\/wp-json\/wp\/v2\/pages\/46578\/revisions"}],"wp:attachment":[{"href":"https:\/\/morettidesign.it\/es\/wp-json\/wp\/v2\/media?parent=46578"}],"curies":[{"name":"wp","href":"https:\/\/api.w.org\/{rel}","templated":true}]}}