{"id":24623,"date":"2020-07-29T12:30:29","date_gmt":"2020-07-29T10:30:29","guid":{"rendered":"http:\/\/test.mediaworksrl.it\/test\/area-riservata\/"},"modified":"2020-11-19T15:58:25","modified_gmt":"2020-11-19T14:58:25","slug":"area-riservata","status":"publish","type":"page","link":"https:\/\/morettidesign.it\/fr\/area-riservata\/","title":{"rendered":"Area Riservata"},"content":{"rendered":"<div class=\"members-access-error\">&nbsp;<\/p>\n<h1 style=\"text-align: center;font-size: 40px\">Zone r\u00e9serv\u00e9e<\/h1>\n<p style=\"text-align: center;font-size: 28px\">Vous n&rsquo;avez pas la permission d&rsquo;acc\u00e9der \u00e0 cette page.<br \/>\nSi vous avez des informations d&rsquo;identification, connectez-vous<\/p>\n<p><a href=\"\/wp-admin\"><button type=\"button\">CONNECTER<\/button> <\/a><\/div>\n","protected":false},"excerpt":{"rendered":"<div class=\"members-access-error\">&nbsp;<\/p>\n<h1 style=\"text-align: center;font-size: 40px\">Zone r\u00e9serv\u00e9e<\/h1>\n<p style=\"text-align: center;font-size: 28px\">Vous n&rsquo;avez pas la permission d&rsquo;acc\u00e9der \u00e0 cette page.<br \/>\nSi vous avez des informations d&rsquo;identification, connectez-vous<\/p>\n<p><a href=\"\/wp-admin\"><button type=\"button\">CONNECTER<\/button> <\/a><\/div>\n","protected":false},"author":1,"featured_media":0,"parent":0,"menu_order":25,"comment_status":"closed","ping_status":"open","template":"","meta":{"_glsr_average":0,"_glsr_ranking":0,"_glsr_reviews":0,"footnotes":""},"class_list":["post-24623","page","type-page","status-publish","hentry"],"yoast_head":"<!-- This site is optimized with the Yoast SEO plugin v23.5 - https:\/\/yoast.com\/wordpress\/plugins\/seo\/ -->\n<title>Area Riservata - Moretti Design<\/title>\n<meta name=\"robots\" content=\"noindex, nofollow\" \/>\n<meta property=\"og:locale\" content=\"fr_FR\" \/>\n<meta property=\"og:type\" content=\"article\" \/>\n<meta property=\"og:title\" content=\"Area Riservata - Moretti Design\" \/>\n<meta property=\"og:description\" content=\"&nbsp; Zone r\u00e9serv\u00e9e Vous n&rsquo;avez pas la permission d&rsquo;acc\u00e9der \u00e0 cette page. Si vous avez des informations d&rsquo;identification, connectez-vous CONNECTER\" \/>\n<meta property=\"og:url\" content=\"https:\/\/morettidesign.it\/fr\/area-riservata\/\" \/>\n<meta property=\"og:site_name\" content=\"Moretti Design\" \/>\n<meta property=\"article:modified_time\" content=\"2020-11-19T14:58:25+00:00\" \/>\n<meta name=\"twitter:card\" content=\"summary_large_image\" \/>\n<meta name=\"twitter:label1\" content=\"Dur\u00e9e de lecture estim\u00e9e\" \/>\n\t<meta name=\"twitter:data1\" content=\"6 minutes\" \/>\n<script type=\"application\/ld+json\" class=\"yoast-schema-graph\">{\"@context\":\"https:\/\/schema.org\",\"@graph\":[{\"@type\":\"WebPage\",\"@id\":\"https:\/\/morettidesign.it\/fr\/area-riservata\/\",\"url\":\"https:\/\/morettidesign.it\/fr\/area-riservata\/\",\"name\":\"Area Riservata - Moretti Design\",\"isPartOf\":{\"@id\":\"https:\/\/morettidesign.it\/#website\"},\"datePublished\":\"2020-07-29T10:30:29+00:00\",\"dateModified\":\"2020-11-19T14:58:25+00:00\",\"breadcrumb\":{\"@id\":\"https:\/\/morettidesign.it\/fr\/area-riservata\/#breadcrumb\"},\"inLanguage\":\"fr-FR\",\"potentialAction\":[{\"@type\":\"ReadAction\",\"target\":[\"https:\/\/morettidesign.it\/fr\/area-riservata\/\"]}]},{\"@type\":\"BreadcrumbList\",\"@id\":\"https:\/\/morettidesign.it\/fr\/area-riservata\/#breadcrumb\",\"itemListElement\":[{\"@type\":\"ListItem\",\"position\":1,\"name\":\"Home\",\"item\":\"https:\/\/morettidesign.it\/fr\/\"},{\"@type\":\"ListItem\",\"position\":2,\"name\":\"Area Riservata\"}]},{\"@type\":\"WebSite\",\"@id\":\"https:\/\/morettidesign.it\/#website\",\"url\":\"https:\/\/morettidesign.it\/\",\"name\":\"Moretti Design\",\"description\":\"Stufe a pellet e legna\",\"potentialAction\":[{\"@type\":\"SearchAction\",\"target\":{\"@type\":\"EntryPoint\",\"urlTemplate\":\"https:\/\/morettidesign.it\/?s={search_term_string}\"},\"query-input\":{\"@type\":\"PropertyValueSpecification\",\"valueRequired\":true,\"valueName\":\"search_term_string\"}}],\"inLanguage\":\"fr-FR\"}]}<\/script>\n<!-- \/ Yoast SEO plugin. -->","yoast_head_json":{"title":"Area Riservata - Moretti Design","robots":{"index":"noindex","follow":"nofollow"},"og_locale":"fr_FR","og_type":"article","og_title":"Area Riservata - Moretti Design","og_description":"&nbsp; Zone r\u00e9serv\u00e9e Vous n&rsquo;avez pas la permission d&rsquo;acc\u00e9der \u00e0 cette page. Si vous avez des informations d&rsquo;identification, connectez-vous CONNECTER","og_url":"https:\/\/morettidesign.it\/fr\/area-riservata\/","og_site_name":"Moretti Design","article_modified_time":"2020-11-19T14:58:25+00:00","twitter_card":"summary_large_image","twitter_misc":{"Dur\u00e9e de lecture estim\u00e9e":"6 minutes"},"schema":{"@context":"https:\/\/schema.org","@graph":[{"@type":"WebPage","@id":"https:\/\/morettidesign.it\/fr\/area-riservata\/","url":"https:\/\/morettidesign.it\/fr\/area-riservata\/","name":"Area Riservata - Moretti Design","isPartOf":{"@id":"https:\/\/morettidesign.it\/#website"},"datePublished":"2020-07-29T10:30:29+00:00","dateModified":"2020-11-19T14:58:25+00:00","breadcrumb":{"@id":"https:\/\/morettidesign.it\/fr\/area-riservata\/#breadcrumb"},"inLanguage":"fr-FR","potentialAction":[{"@type":"ReadAction","target":["https:\/\/morettidesign.it\/fr\/area-riservata\/"]}]},{"@type":"BreadcrumbList","@id":"https:\/\/morettidesign.it\/fr\/area-riservata\/#breadcrumb","itemListElement":[{"@type":"ListItem","position":1,"name":"Home","item":"https:\/\/morettidesign.it\/fr\/"},{"@type":"ListItem","position":2,"name":"Area Riservata"}]},{"@type":"WebSite","@id":"https:\/\/morettidesign.it\/#website","url":"https:\/\/morettidesign.it\/","name":"Moretti Design","description":"Stufe a pellet e legna","potentialAction":[{"@type":"SearchAction","target":{"@type":"EntryPoint","urlTemplate":"https:\/\/morettidesign.it\/?s={search_term_string}"},"query-input":{"@type":"PropertyValueSpecification","valueRequired":true,"valueName":"search_term_string"}}],"inLanguage":"fr-FR"}]}},"_links":{"self":[{"href":"https:\/\/morettidesign.it\/fr\/wp-json\/wp\/v2\/pages\/24623"}],"collection":[{"href":"https:\/\/morettidesign.it\/fr\/wp-json\/wp\/v2\/pages"}],"about":[{"href":"https:\/\/morettidesign.it\/fr\/wp-json\/wp\/v2\/types\/page"}],"author":[{"embeddable":true,"href":"https:\/\/morettidesign.it\/fr\/wp-json\/wp\/v2\/users\/1"}],"replies":[{"embeddable":true,"href":"https:\/\/morettidesign.it\/fr\/wp-json\/wp\/v2\/comments?post=24623"}],"version-history":[{"count":1,"href":"https:\/\/morettidesign.it\/fr\/wp-json\/wp\/v2\/pages\/24623\/revisions"}],"predecessor-version":[{"id":45668,"href":"https:\/\/morettidesign.it\/fr\/wp-json\/wp\/v2\/pages\/24623\/revisions\/45668"}],"wp:attachment":[{"href":"https:\/\/morettidesign.it\/fr\/wp-json\/wp\/v2\/media?parent=24623"}],"curies":[{"name":"wp","href":"https:\/\/api.w.org\/{rel}","templated":true}]}}