{"id":24885,"date":"2020-07-29T18:14:20","date_gmt":"2020-07-29T16:14:20","guid":{"rendered":"http:\/\/test.mediaworksrl.it\/test\/?page_id=24885"},"modified":"2024-06-11T11:36:00","modified_gmt":"2024-06-11T09:36:00","slug":"espace-pro","status":"publish","type":"page","link":"https:\/\/morettidesign.it\/fr\/espace-pro\/","title":{"rendered":"Espace R\u00e9serv\u00e9"},"content":{"rendered":"<p>[vc_row][vc_column width=\u00a0\u00bb1\/2&Prime;][vc_column_text]<\/p>\n<h5 style=\"color: #c49651;\"><strong>ENTREZ VOTRE IDENTIFIANT MORETTI<\/strong><\/h5>\n<p>Si vous avez acc\u00e8s \u00e0 votre compte, cliquez sur l\u2019espace qui vous int\u00e9resse et entrez le nom d\u2019utilisateur et le mot de passe pour acc\u00e9der \u00e0 tous les documents disponibles et les utiliser.<br \/>\nSi vous ne disposez pas encore de ces donn\u00e9es, ou si vous les avez perdues et que vous ne pouvez pas y acc\u00e9der, vous pouvez facilement les r\u00e9cup\u00e9rer en contactant notre service.<\/p>\n<h5 style=\"color: #c49651;\"><strong>CE QUE VOUS TROUVEREZ DANS LA ZONE R\u00c9SERV\u00c9E<\/strong><\/h5>\n<p>Dans la zone r\u00e9serv\u00e9e, vous trouverez des catalogues, des fiches techniques de nos po\u00eales et tout le mat\u00e9riel utile pour votre entreprise.<\/p>\n<h5 style=\"color: #c49651;\"><strong>VOULEZ-VOUS DEVENIR UNE BOUTIQUE MORETTI?<\/strong><\/h5>\n<p>Si vous souhaitez faire partie du r\u00e9seau Moretti Design, contactez-nous en remplissant le formulaire sur la page de contact.[\/vc_column_text][\/vc_column][vc_column width=\u00a0\u00bb1\/2&Prime;][vc_btn title=\u00a0\u00bbBOUTIQUE \/ SERVICE APR\u00c8S-VENTE\u00a0\u00bb style=\u00a0\u00bboutline-custom\u00a0\u00bb outline_custom_color=\u00a0\u00bb#c49651&Prime; outline_custom_hover_background=\u00a0\u00bb#c49651&Prime; outline_custom_hover_text=\u00a0\u00bb#ffffff\u00a0\u00bb size=\u00a0\u00bblg\u00a0\u00bb align=\u00a0\u00bbcenter\u00a0\u00bb link=\u00a0\u00bburl:https%3A%2F%2Fwww.morettidesign.it%2Farea-riservata-francia%2F|title:Area%20Riservata||\u00a0\u00bb][tm_spacer size=\u00a0\u00bblg:50&Prime;][vc_btn title=\u00a0\u00bbPI\u00c8CES D\u00c9TACH\u00c9\u00a0\u00bb style=\u00a0\u00bboutline-custom\u00a0\u00bb outline_custom_color=\u00a0\u00bb#c49651&Prime; outline_custom_hover_background=\u00a0\u00bb#c49651&Prime; outline_custom_hover_text=\u00a0\u00bb#ffffff\u00a0\u00bb size=\u00a0\u00bblg\u00a0\u00bb align=\u00a0\u00bbcenter\u00a0\u00bb link=\u00a0\u00bburl:https%3A%2F%2Fmorettidesign.xpare.it%2Findex.php|title:Consulta%20il%20magazzino|target:_blank\u00a0\u00bb][tm_spacer size=\u00a0\u00bblg:50&Prime;][vc_btn title=\u00a0\u00bbZONE R\u00c9SERV\u00c9E SAV\u00a0\u00bb style=\u00a0\u00bboutline-custom\u00a0\u00bb outline_custom_color=\u00a0\u00bb#c49651&Prime; outline_custom_hover_background=\u00a0\u00bb#c49651&Prime; outline_custom_hover_text=\u00a0\u00bb#ffffff\u00a0\u00bb size=\u00a0\u00bblg\u00a0\u00bb align=\u00a0\u00bbcenter\u00a0\u00bb link=\u00a0\u00bburl:https%3A%2F%2Fwww.morettidesign.it%2Ffr-fr%2Farea-riservata-cat%2F|title:Consulta%20il%20magazzino|target:_blank\u00a0\u00bb][\/vc_column][\/vc_row]<\/p>\n","protected":false},"excerpt":{"rendered":"[vc_row][vc_column width=\u00a0\u00bb1\/2&Prime;][vc_column_text] ENTREZ VOTRE IDENTIFIANT MORETTI Si vous avez acc\u00e8s \u00e0 votre compte, cliquez sur l\u2019espace qui vous int\u00e9resse et entrez le nom d\u2019utilisateur et le mot de passe pour acc\u00e9der \u00e0 tous les documents disponibles et les utiliser. Si vous ne disposez pas encore de ces donn\u00e9es, ou si vous les avez perdues et que vous ne pouvez pas y acc\u00e9der, vous pouvez facilement les r\u00e9cup\u00e9rer en contactant notre service. CE QUE VOUS TROUVEREZ DANS LA ZONE R\u00c9SERV\u00c9E Dans la zone r\u00e9serv\u00e9e, vous trouverez des catalogues, des fiches techniques de nos po\u00eales et tout le mat\u00e9riel utile pour votre entreprise. VOULEZ-VOUS DEVENIR UNE BOUTIQUE MORETTI? Si vous souhaitez faire partie du r\u00e9seau Moretti Design, contactez-nous en remplissant le formulaire sur la page de contact.[\/vc_column_text][\/vc_column][vc_column width=\u00a0\u00bb1\/2&Prime;][vc_btn title=\u00a0\u00bbBOUTIQUE \/ SERVICE APR\u00c8S-VENTE\u00a0\u00bb style=\u00a0\u00bboutline-custom\u00a0\u00bb outline_custom_color=\u00a0\u00bb#c49651&Prime; outline_custom_hover_background=\u00a0\u00bb#c49651&Prime; outline_custom_hover_text=\u00a0\u00bb#ffffff\u00a0\u00bb size=\u00a0\u00bblg\u00a0\u00bb align=\u00a0\u00bbcenter\u00a0\u00bb link=\u00a0\u00bburl:https%3A%2F%2Fwww.morettidesign.it%2Farea-riservata-francia%2F|title:Area%20Riservata||\u00a0\u00bb][tm_spacer size=\u00a0\u00bblg:50&Prime;][vc_btn title=\u00a0\u00bbPI\u00c8CES D\u00c9TACH\u00c9\u00a0\u00bb style=\u00a0\u00bboutline-custom\u00a0\u00bb outline_custom_color=\u00a0\u00bb#c49651&Prime; outline_custom_hover_background=\u00a0\u00bb#c49651&Prime; outline_custom_hover_text=\u00a0\u00bb#ffffff\u00a0\u00bb size=\u00a0\u00bblg\u00a0\u00bb align=\u00a0\u00bbcenter\u00a0\u00bb link=\u00a0\u00bburl:https%3A%2F%2Fmorettidesign.xpare.it%2Findex.php|title:Consulta%20il%20magazzino|target:_blank\u00a0\u00bb][tm_spacer size=\u00a0\u00bblg:50&Prime;][vc_btn title=\u00a0\u00bbZONE R\u00c9SERV\u00c9E SAV\u00a0\u00bb style=\u00a0\u00bboutline-custom\u00a0\u00bb outline_custom_color=\u00a0\u00bb#c49651&Prime; outline_custom_hover_background=\u00a0\u00bb#c49651&Prime; outline_custom_hover_text=\u00a0\u00bb#ffffff\u00a0\u00bb size=\u00a0\u00bblg\u00a0\u00bb align=\u00a0\u00bbcenter\u00a0\u00bb link=\u00a0\u00bburl:https%3A%2F%2Fwww.morettidesign.it%2Ffr-fr%2Farea-riservata-cat%2F|title:Consulta%20il%20magazzino|target:_blank\u00a0\u00bb][\/vc_column][\/vc_row]","protected":false},"author":1,"featured_media":0,"parent":0,"menu_order":21,"comment_status":"closed","ping_status":"closed","template":"","meta":{"_glsr_average":0,"_glsr_ranking":0,"_glsr_reviews":0,"footnotes":""},"class_list":["post-24885","page","type-page","status-publish","hentry"],"yoast_head":"<!-- This site is optimized with the Yoast SEO plugin v23.5 - https:\/\/yoast.com\/wordpress\/plugins\/seo\/ -->\n<title>Espace R\u00e9serv\u00e9 - Moretti Design France<\/title>\n<meta name=\"description\" content=\"Espace r\u00e9serv\u00e9 pour les partenaires du r\u00e9seau Moretti Design France. En acc\u00e8s restreint.\" \/>\n<meta name=\"robots\" content=\"index, follow, max-snippet:-1, max-image-preview:large, max-video-preview:-1\" \/>\n<link rel=\"canonical\" href=\"https:\/\/morettidesign.it\/fr\/espace-pro\/\" \/>\n<meta property=\"og:locale\" content=\"fr_FR\" \/>\n<meta property=\"og:type\" content=\"article\" \/>\n<meta property=\"og:title\" content=\"Espace R\u00e9serv\u00e9 - Moretti Design France\" \/>\n<meta property=\"og:description\" content=\"Espace r\u00e9serv\u00e9 pour les partenaires du r\u00e9seau Moretti Design France. En acc\u00e8s restreint.\" \/>\n<meta property=\"og:url\" content=\"https:\/\/morettidesign.it\/fr\/espace-pro\/\" \/>\n<meta property=\"og:site_name\" content=\"Moretti Design\" \/>\n<meta property=\"article:modified_time\" content=\"2024-06-11T09:36:00+00:00\" \/>\n<meta name=\"twitter:card\" content=\"summary_large_image\" \/>\n<meta name=\"twitter:label1\" content=\"Dur\u00e9e de lecture estim\u00e9e\" \/>\n\t<meta name=\"twitter:data1\" content=\"1 minute\" \/>\n<script type=\"application\/ld+json\" class=\"yoast-schema-graph\">{\"@context\":\"https:\/\/schema.org\",\"@graph\":[{\"@type\":\"WebPage\",\"@id\":\"https:\/\/morettidesign.it\/fr\/espace-pro\/\",\"url\":\"https:\/\/morettidesign.it\/fr\/espace-pro\/\",\"name\":\"Espace R\u00e9serv\u00e9 - Moretti Design France\",\"isPartOf\":{\"@id\":\"https:\/\/morettidesign.it\/#website\"},\"datePublished\":\"2020-07-29T16:14:20+00:00\",\"dateModified\":\"2024-06-11T09:36:00+00:00\",\"description\":\"Espace r\u00e9serv\u00e9 pour les partenaires du r\u00e9seau Moretti Design France. En acc\u00e8s restreint.\",\"breadcrumb\":{\"@id\":\"https:\/\/morettidesign.it\/fr\/espace-pro\/#breadcrumb\"},\"inLanguage\":\"fr-FR\",\"potentialAction\":[{\"@type\":\"ReadAction\",\"target\":[\"https:\/\/morettidesign.it\/fr\/espace-pro\/\"]}]},{\"@type\":\"BreadcrumbList\",\"@id\":\"https:\/\/morettidesign.it\/fr\/espace-pro\/#breadcrumb\",\"itemListElement\":[{\"@type\":\"ListItem\",\"position\":1,\"name\":\"Home\",\"item\":\"https:\/\/morettidesign.it\/fr\/\"},{\"@type\":\"ListItem\",\"position\":2,\"name\":\"Espace R\u00e9serv\u00e9\"}]},{\"@type\":\"WebSite\",\"@id\":\"https:\/\/morettidesign.it\/#website\",\"url\":\"https:\/\/morettidesign.it\/\",\"name\":\"Moretti Design\",\"description\":\"Stufe a pellet e legna\",\"potentialAction\":[{\"@type\":\"SearchAction\",\"target\":{\"@type\":\"EntryPoint\",\"urlTemplate\":\"https:\/\/morettidesign.it\/?s={search_term_string}\"},\"query-input\":{\"@type\":\"PropertyValueSpecification\",\"valueRequired\":true,\"valueName\":\"search_term_string\"}}],\"inLanguage\":\"fr-FR\"}]}<\/script>\n<!-- \/ Yoast SEO plugin. -->","yoast_head_json":{"title":"Espace R\u00e9serv\u00e9 - Moretti Design France","description":"Espace r\u00e9serv\u00e9 pour les partenaires du r\u00e9seau Moretti Design France. En acc\u00e8s restreint.","robots":{"index":"index","follow":"follow","max-snippet":"max-snippet:-1","max-image-preview":"max-image-preview:large","max-video-preview":"max-video-preview:-1"},"canonical":"https:\/\/morettidesign.it\/fr\/espace-pro\/","og_locale":"fr_FR","og_type":"article","og_title":"Espace R\u00e9serv\u00e9 - Moretti Design France","og_description":"Espace r\u00e9serv\u00e9 pour les partenaires du r\u00e9seau Moretti Design France. En acc\u00e8s restreint.","og_url":"https:\/\/morettidesign.it\/fr\/espace-pro\/","og_site_name":"Moretti Design","article_modified_time":"2024-06-11T09:36:00+00:00","twitter_card":"summary_large_image","twitter_misc":{"Dur\u00e9e de lecture estim\u00e9e":"1 minute"},"schema":{"@context":"https:\/\/schema.org","@graph":[{"@type":"WebPage","@id":"https:\/\/morettidesign.it\/fr\/espace-pro\/","url":"https:\/\/morettidesign.it\/fr\/espace-pro\/","name":"Espace R\u00e9serv\u00e9 - Moretti Design France","isPartOf":{"@id":"https:\/\/morettidesign.it\/#website"},"datePublished":"2020-07-29T16:14:20+00:00","dateModified":"2024-06-11T09:36:00+00:00","description":"Espace r\u00e9serv\u00e9 pour les partenaires du r\u00e9seau Moretti Design France. En acc\u00e8s restreint.","breadcrumb":{"@id":"https:\/\/morettidesign.it\/fr\/espace-pro\/#breadcrumb"},"inLanguage":"fr-FR","potentialAction":[{"@type":"ReadAction","target":["https:\/\/morettidesign.it\/fr\/espace-pro\/"]}]},{"@type":"BreadcrumbList","@id":"https:\/\/morettidesign.it\/fr\/espace-pro\/#breadcrumb","itemListElement":[{"@type":"ListItem","position":1,"name":"Home","item":"https:\/\/morettidesign.it\/fr\/"},{"@type":"ListItem","position":2,"name":"Espace R\u00e9serv\u00e9"}]},{"@type":"WebSite","@id":"https:\/\/morettidesign.it\/#website","url":"https:\/\/morettidesign.it\/","name":"Moretti Design","description":"Stufe a pellet e legna","potentialAction":[{"@type":"SearchAction","target":{"@type":"EntryPoint","urlTemplate":"https:\/\/morettidesign.it\/?s={search_term_string}"},"query-input":{"@type":"PropertyValueSpecification","valueRequired":true,"valueName":"search_term_string"}}],"inLanguage":"fr-FR"}]}},"_links":{"self":[{"href":"https:\/\/morettidesign.it\/fr\/wp-json\/wp\/v2\/pages\/24885"}],"collection":[{"href":"https:\/\/morettidesign.it\/fr\/wp-json\/wp\/v2\/pages"}],"about":[{"href":"https:\/\/morettidesign.it\/fr\/wp-json\/wp\/v2\/types\/page"}],"author":[{"embeddable":true,"href":"https:\/\/morettidesign.it\/fr\/wp-json\/wp\/v2\/users\/1"}],"replies":[{"embeddable":true,"href":"https:\/\/morettidesign.it\/fr\/wp-json\/wp\/v2\/comments?post=24885"}],"version-history":[{"count":3,"href":"https:\/\/morettidesign.it\/fr\/wp-json\/wp\/v2\/pages\/24885\/revisions"}],"predecessor-version":[{"id":55972,"href":"https:\/\/morettidesign.it\/fr\/wp-json\/wp\/v2\/pages\/24885\/revisions\/55972"}],"wp:attachment":[{"href":"https:\/\/morettidesign.it\/fr\/wp-json\/wp\/v2\/media?parent=24885"}],"curies":[{"name":"wp","href":"https:\/\/api.w.org\/{rel}","templated":true}]}}