{"id":27087,"date":"2020-09-03T15:30:08","date_gmt":"2020-09-03T13:30:08","guid":{"rendered":"http:\/\/www.morettidesign.it\/?page_id=27087"},"modified":"2024-08-29T09:29:38","modified_gmt":"2024-08-29T07:29:38","slug":"atelier","status":"publish","type":"page","link":"https:\/\/morettidesign.it\/fr\/atelier\/","title":{"rendered":"Atelier"},"content":{"rendered":"<p>[vc_row full_width=\u00a0\u00bbstretch_row\u00a0\u00bb][vc_column width=\u00a0\u00bb1\/3&Prime;][vc_column_text]<\/p>\n<h4 style=\"color: #c49650;\"><strong>EN REMONTANT LE TEMPS<\/strong><\/h4>\n<p>[\/vc_column_text][tm_spacer size=\u00a0\u00bblg:30&Prime;][\/vc_column][vc_column width=\u00a0\u00bb2\/3&Prime;][vc_column_text]L&rsquo;<strong>entreprise Moretti<\/strong> est pr\u00e9sente depuis <strong>1960<\/strong> sur le march\u00e9 international. Elle est le symbole du \u00ab <strong>Made in Italy<\/strong> \u00bb dans le secteur de la production des po\u00eales et des foyers.<\/p>\n<p>Le <strong>GROUPE MORETTI <\/strong>est n\u00e9 de la fusion en 2015 de\u00a0<strong>Moretti Camini<\/strong> et<strong> Moretti fire<\/strong>, les deux soci\u00e9t\u00e9s cr\u00e9\u00e9es pour le march\u00e9 international.[\/vc_column_text][\/vc_column][\/vc_row][vc_row][vc_column][tm_spacer size=\u00a0\u00bblg:50&Prime;][\/vc_column][\/vc_row][vc_row][vc_column width=\u00a0\u00bb1\/3&Prime;][vc_column_text]<\/p>\n<h4 style=\"color: #c49650;\"><strong>ATELIER&#8230; UNE IDEE<\/strong><\/h4>\n<p>[\/vc_column_text][tm_spacer size=\u00a0\u00bblg:30&Prime;][\/vc_column][vc_column width=\u00a0\u00bb2\/3&Prime;][vc_column_text]La notion \u00ab\u00a0d&rsquo;atelier\u00a0\u00bb est une des valeurs transmise de p\u00e8re en fils au sein de la famille Moretti depuis 1960. Le fondateur de la maison Moretti a d\u00e9s le d\u00e9but de sa carri\u00e8re fait du chauffage en mode hydraulique une priorit\u00e9, avec un travail reconnu dans le monde entier. Depuis le premier chauffe-eau sanitaire et le premier insert hydraulique, pr\u00e8s de 60 ans ont pass\u00e9 avec une succession d&rsquo;innovations qui ont transform\u00e9 cette passion en un succ\u00e8s international. Mr <strong>Luigi MORETTI<\/strong> \u00e9tait ce pionnier et nous lui devons toutes nos r\u00e9alisations.<\/p>\n<p>C&rsquo;est la raison pour laquelle j&rsquo;ai voulu utiliser de nouveau ce mot \u201c<strong>atelier<\/strong>\u201d. Je souhaite que Moretti ne soit pas un simple point de vente mais un lieu de fabrication o\u00f9 l&rsquo;on peut trouver nos po\u00eales et nos foyers. Pourquoi \u201catelier\u201d? Ce mot fran\u00e7ais \u00e9voque une id\u00e9e de travail artisanal, et c&rsquo;est exactement le m\u00e9tier de l&rsquo;entreprise <strong>MORETTI<\/strong>, cr\u00e9er et inventer des po\u00eales tout en gardant l&rsquo;esprit de l&rsquo;artisan, celui du travail bien fait. Ne pas parier sur une trop grande quantit\u00e9 de produits mais travailler sur une qualit\u00e9 artisanale, je voulais faire mienne toute la richesse de ce mot \u201catelier\u201d.<\/p>\n<p>L&rsquo;atelier, c&rsquo;est aussi un lieu o\u00f9 les techniciens cr\u00e9ent et d\u00e9veloppent leurs propres inventions.<br \/>\nCe lieu, l&rsquo;atelier, fut le lieu privil\u00e9gi\u00e9 du travail des artisans et des artistes depuis le moyen-\u00e2ge jusqu&rsquo;au 19\u00e8me si\u00e8cle. Dans cette grande tradition, Luigi commen\u00e7a en 1960 son travail dans son \u201catelier\u201d. L&rsquo;atelier est aussi plus g\u00e9n\u00e9ralement un lieu de cr\u00e9ation, th\u00e9\u00e2tre, peinture, sculpture, photographie, le lieu de travail pour les artistes. Nos Points de vente doivent \u00eatre capables de reproduire ce souci\u00a0 d&rsquo;excellence, \u00e0 l&rsquo;instar d&rsquo;un travail en <strong>BOUTIQUE<\/strong>. Cr\u00e9ation, production, distribution&#8230;tout est li\u00e9.[\/vc_column_text][tm_spacer size=\u00a0\u00bblg:30&Prime;][vc_column_text]<img decoding=\"async\" class=\"aligncenter\" src=\"https:\/\/www.morettidesign.it\/wp-content\/uploads\/2020\/06\/ATELIER-22-1.jpg\" \/>[\/vc_column_text][\/vc_column][\/vc_row][vc_row][vc_column][tm_spacer size=\u00a0\u00bblg:50&Prime;][\/vc_column][\/vc_row][vc_row][vc_column width=\u00a0\u00bb1\/3&Prime;][vc_column_text]<\/p>\n<h4 style=\"color: #c49650;\"><strong>SEULEMENT POUR TOI<\/strong><\/h4>\n<p>[\/vc_column_text][tm_spacer size=\u00a0\u00bblg:30&Prime;][\/vc_column][vc_column width=\u00a0\u00bb2\/3&Prime;][vc_column_text]Depuis plusieurs saisons, nous nous sommes demand\u00e9s o\u00f9 est la fronti\u00e8re entre la <strong>mode<\/strong> et la <strong>tendance<\/strong>. Pour r\u00e9pondre \u00e0 cette question, nous avons d&rsquo;abord travaill\u00e9 avec diff\u00e9rents acteurs de la mode, connus ou anonymes, nous interrogeant nous-m\u00eames sur nos propres attentes. Nous avons aussi confront\u00e9 nos points de vue \u00e0 ceux des \u00ab <strong>bloggers<\/strong> \u00bb pour imaginer le meilleur moyen de faire \u00e9voluer notre bel outil de travail.<\/p>\n<p>Cet objectif d\u00e9fini, nous avons r\u00e9uni une \u00e9quipe de psychologues, de sociologues, de stylistes, d&rsquo;observateurs des tendances, d&rsquo;ing\u00e9nieurs et de techniciens sp\u00e9cialis\u00e9s. De ces \u00e9changes, nous pouvons affirmer que pour \u00eatre \u00e0 la mode, il faut affirmer son style ! En chacun de nous, il y a des \u00e9motions, un feu qui br\u00fble, quelque chose qui vibre. Cette \u00e9nergie, elle n&rsquo;appartient qu&rsquo;\u00e0 nous. <strong>Ecoutez ce qui fait battre votre coeur<\/strong>.[\/vc_column_text][\/vc_column][\/vc_row][vc_row][vc_column][tm_spacer size=\u00a0\u00bblg:50&Prime;][\/vc_column][\/vc_row][vc_row el_id=\u00a0\u00bbmoretti-mondo\u00a0\u00bb][vc_column width=\u00a0\u00bb1\/3&Prime;][vc_column_text]<\/p>\n<h4 style=\"color: #c49650;\"><strong>MORETTI DANS LE MONDE ENTIER<\/strong><\/h4>\n<p>[\/vc_column_text][tm_spacer size=\u00a0\u00bblg:30&Prime;][\/vc_column][vc_column width=\u00a0\u00bb2\/3&Prime;][vc_column_text]Gr\u00e2ce \u00e0 ses 60 ann\u00e9es d&rsquo;activit\u00e9s, MORETTI a pu s&rsquo;implanter en <b>France, Espagne, Portugal, Belgique, Hollande, Allemagne, Austriche, Suisse, R\u00e9publique Tch\u00e8que, <strong>Serbie<\/strong>, Gr\u00e8ce, Croatie, Jordanie, Albanie, Japon, Chilie, Canada et l&rsquo;Angleterre, Malte, Uruguay, Chypre<\/b>.[\/vc_column_text][tm_spacer size=\u00a0\u00bblg:30&Prime;][vc_column_text]<img decoding=\"async\" class=\"aligncenter\" src=\"https:\/\/www.morettidesign.it\/wp-content\/uploads\/2020\/06\/ATELIER-23.jpg\" \/>[\/vc_column_text][\/vc_column][\/vc_row][vc_row][vc_column][tm_spacer size=\u00a0\u00bblg:50&Prime;][\/vc_column][\/vc_row][vc_row][vc_column width=\u00a0\u00bb1\/3&Prime;][vc_column_text]<\/p>\n<h4 style=\"color: #c49650;\"><strong>LE CYCLE DE PRODUCTION<\/strong><\/h4>\n<p>[\/vc_column_text][tm_spacer size=\u00a0\u00bblg:30&Prime;][\/vc_column][vc_column width=\u00a0\u00bb2\/3&Prime;][vc_column_text]Toute la <strong>production<\/strong> est bas\u00e9e depuis le d\u00e9but \u00e0 notre si\u00e8ge social dans la province de <strong>Ascoli Piceno<\/strong>. Le site couvre un peu plus de 1 ha avec les diff\u00e9rentes chaines d&rsquo;assemblage et les ateliers de fabrication \u00e9quip\u00e9s d&rsquo;une d\u00e9coupe laser de derni\u00e8re g\u00e9n\u00e9ration.<\/p>\n<p>Les <strong>soudures<\/strong>, toutes manuelles, sont le gage du caract\u00e8re exclusif de chaque produit. Le <strong>groupe Moretti<\/strong> investit de nombreuses heures en recherche et d\u00e9veloppement depuis la cr\u00e9ation jusqu&rsquo;\u00e0 la production. Ces investissements nous ont toujours permis de nous placer \u00e0 l&rsquo;avant-garde d&rsquo;un point de vue technique. Une<strong> garantie de qualit\u00e9<\/strong> suppl\u00e9mentaire est donn\u00e9e par les tests que subissent chacun de nos appareils avant d&rsquo;\u00eatre commercialis\u00e9s.[\/vc_column_text][\/vc_column][\/vc_row][vc_row][vc_column][tm_spacer size=\u00a0\u00bblg:50&Prime;][\/vc_column][\/vc_row][vc_row][vc_column width=\u00a0\u00bb1\/3&Prime;][vc_column_text]<\/p>\n<h4 style=\"color: #c49650;\"><strong>UNE \u00c9QUIPE EXTR\u00caMEMENT DESIGN<\/strong><\/h4>\n<p>[\/vc_column_text][tm_spacer size=\u00a0\u00bblg:30&Prime;][\/vc_column][vc_column width=\u00a0\u00bb2\/3&Prime;][vc_column_text]<img decoding=\"async\" class=\"aligncenter\" src=\"https:\/\/www.morettidesign.it\/wp-content\/uploads\/2020\/06\/ATELIER-24.jpg\" \/>[\/vc_column_text][\/vc_column][\/vc_row][vc_row][vc_column][tm_spacer size=\u00a0\u00bblg:50&Prime;][\/vc_column][\/vc_row][vc_row][vc_column width=\u00a0\u00bb1\/3&Prime;][vc_column_text]<\/p>\n<h4 style=\"color: #c49650;\"><strong>CERTIFICATION<\/strong><\/h4>\n<p>[\/vc_column_text][tm_spacer size=\u00a0\u00bblg:30&Prime;][\/vc_column][vc_column width=\u00a0\u00bb2\/3&Prime;][vc_column_text]Depuis 1960 la Soci\u00e9t\u00e9 Moretti fabrique des produits de grande qualit\u00e9 gr\u00e2ce \u00e0 la recherche constante et \u00e0 l\u2019emploi de <strong>mat\u00e9riaux d\u2019excellence<\/strong>. Tous les produits respectent les normes et directives europ\u00e9ennes en vigueur et sont soumis \u00e0 un contr\u00f4le de la part d\u2019Organismes qualifi\u00e9s qui en \u00e9valuent les performances, les \u00e9missions et les caract\u00e9ristiques de construction.[\/vc_column_text][tm_spacer size=\u00a0\u00bblg:30&Prime;][vc_column_text]<img decoding=\"async\" class=\"aligncenter\" src=\"https:\/\/www.morettidesign.it\/wp-content\/uploads\/2020\/06\/ATELIER-31.jpg\" \/>[\/vc_column_text][\/vc_column][\/vc_row]<\/p>\n","protected":false},"excerpt":{"rendered":"[vc_row full_width=\u00a0\u00bbstretch_row\u00a0\u00bb][vc_column width=\u00a0\u00bb1\/3&Prime;][vc_column_text] EN REMONTANT LE TEMPS [\/vc_column_text][tm_spacer size=\u00a0\u00bblg:30&Prime;][\/vc_column][vc_column width=\u00a0\u00bb2\/3&Prime;][vc_column_text]L&rsquo;entreprise Moretti est pr\u00e9sente depuis 1960 sur le march\u00e9 international. Elle est le symbole du \u00ab Made in Italy \u00bb dans le secteur de la production des po\u00eales et des foyers. Le GROUPE MORETTI est n\u00e9 de la fusion en 2015 de\u00a0Moretti Camini et Moretti fire, les deux soci\u00e9t\u00e9s cr\u00e9\u00e9es pour le march\u00e9 international.[\/vc_column_text][\/vc_column][\/vc_row][vc_row][vc_column][tm_spacer size=\u00a0\u00bblg:50&Prime;][\/vc_column][\/vc_row][vc_row][vc_column width=\u00a0\u00bb1\/3&Prime;][vc_column_text] ATELIER&#8230; UNE IDEE [\/vc_column_text][tm_spacer size=\u00a0\u00bblg:30&Prime;][\/vc_column][vc_column width=\u00a0\u00bb2\/3&Prime;][vc_column_text]La notion \u00ab\u00a0d&rsquo;atelier\u00a0\u00bb est une des valeurs transmise de p\u00e8re en fils au sein de la famille Moretti depuis 1960. Le fondateur de la maison Moretti a d\u00e9s le d\u00e9but de sa carri\u00e8re fait du chauffage en mode hydraulique une priorit\u00e9, avec un travail reconnu dans le monde entier. Depuis le premier chauffe-eau sanitaire et le premier insert hydraulique, pr\u00e8s de 60 ans ont pass\u00e9 avec une succession d&rsquo;innovations qui ont transform\u00e9 cette passion en un succ\u00e8s international. Mr Luigi MORETTI \u00e9tait ce pionnier et nous lui devons toutes nos r\u00e9alisations. C&rsquo;est la raison pour laquelle j&rsquo;ai voulu utiliser de nouveau ce mot \u201catelier\u201d. Je souhaite que Moretti ne soit pas un simple point de vente mais un lieu de fabrication o\u00f9 l&rsquo;on peut trouver nos po\u00eales et nos foyers. Pourquoi \u201catelier\u201d? Ce mot fran\u00e7ais \u00e9voque une id\u00e9e de travail artisanal, et c&rsquo;est exactement le m\u00e9tier de l&rsquo;entreprise MORETTI, cr\u00e9er et inventer des po\u00eales tout en gardant l&rsquo;esprit de l&rsquo;artisan, celui du travail bien fait. Ne pas parier sur une trop grande quantit\u00e9 de produits mais travailler sur une qualit\u00e9 artisanale, je voulais faire mienne toute la richesse de ce mot \u201catelier\u201d. L&rsquo;atelier, c&rsquo;est aussi un lieu o\u00f9 les techniciens cr\u00e9ent et d\u00e9veloppent leurs propres inventions. Ce lieu, l&rsquo;atelier, fut le lieu privil\u00e9gi\u00e9 du travail des artisans et des artistes depuis le moyen-\u00e2ge jusqu&rsquo;au 19\u00e8me si\u00e8cle. Dans cette grande tradition, Luigi commen\u00e7a en 1960 son travail dans son \u201catelier\u201d. L&rsquo;atelier est aussi plus g\u00e9n\u00e9ralement un lieu de cr\u00e9ation, th\u00e9\u00e2tre, peinture, sculpture, photographie, le lieu de travail pour les artistes. Nos Points de vente doivent \u00eatre capables de reproduire ce souci\u00a0 d&rsquo;excellence, \u00e0 l&rsquo;instar d&rsquo;un travail en BOUTIQUE. Cr\u00e9ation, production, distribution&#8230;tout est li\u00e9.[\/vc_column_text][tm_spacer size=\u00a0\u00bblg:30&Prime;][vc_column_text][\/vc_column_text][\/vc_column][\/vc_row][vc_row][vc_column][tm_spacer size=\u00a0\u00bblg:50&Prime;][\/vc_column][\/vc_row][vc_row][vc_column width=\u00a0\u00bb1\/3&Prime;][vc_column_text] SEULEMENT POUR TOI [\/vc_column_text][tm_spacer size=\u00a0\u00bblg:30&Prime;][\/vc_column][vc_column width=\u00a0\u00bb2\/3&Prime;][vc_column_text]Depuis plusieurs saisons, nous nous sommes demand\u00e9s o\u00f9 est la fronti\u00e8re entre la mode et la tendance. Pour r\u00e9pondre \u00e0 cette question, nous avons d&rsquo;abord travaill\u00e9 avec diff\u00e9rents acteurs de la mode, connus ou anonymes, nous interrogeant nous-m\u00eames sur nos propres attentes. Nous avons aussi confront\u00e9 nos points de vue \u00e0 ceux des \u00ab bloggers \u00bb pour imaginer le meilleur moyen de faire \u00e9voluer notre bel outil de travail. Cet objectif d\u00e9fini, nous avons r\u00e9uni une \u00e9quipe de psychologues, de sociologues, de stylistes, d&rsquo;observateurs des tendances, d&rsquo;ing\u00e9nieurs et de techniciens sp\u00e9cialis\u00e9s. De ces \u00e9changes, nous pouvons affirmer que pour \u00eatre \u00e0 la mode, il faut affirmer son style ! En chacun de nous, il y a des \u00e9motions, un feu qui br\u00fble, quelque chose qui vibre. Cette \u00e9nergie, elle n&rsquo;appartient qu&rsquo;\u00e0 nous. Ecoutez ce qui fait battre votre coeur.[\/vc_column_text][\/vc_column][\/vc_row][vc_row][vc_column][tm_spacer size=\u00a0\u00bblg:50&Prime;][\/vc_column][\/vc_row][vc_row el_id=\u00a0\u00bbmoretti-mondo\u00a0\u00bb][vc_column width=\u00a0\u00bb1\/3&Prime;][vc_column_text] MORETTI DANS LE MONDE ENTIER [\/vc_column_text][tm_spacer size=\u00a0\u00bblg:30&Prime;][\/vc_column][vc_column width=\u00a0\u00bb2\/3&Prime;][vc_column_text]Gr\u00e2ce \u00e0 ses 60 ann\u00e9es d&rsquo;activit\u00e9s, MORETTI a pu s&rsquo;implanter en France, Espagne, Portugal, Belgique, Hollande, Allemagne, Austriche, Suisse, R\u00e9publique Tch\u00e8que, Serbie, Gr\u00e8ce, Croatie, Jordanie, Albanie, Japon, Chilie, Canada et l&rsquo;Angleterre, Malte, Uruguay, Chypre.[\/vc_column_text][tm_spacer size=\u00a0\u00bblg:30&Prime;][vc_column_text][\/vc_column_text][\/vc_column][\/vc_row][vc_row][vc_column][tm_spacer size=\u00a0\u00bblg:50&Prime;][\/vc_column][\/vc_row][vc_row][vc_column width=\u00a0\u00bb1\/3&Prime;][vc_column_text] LE CYCLE DE PRODUCTION [\/vc_column_text][tm_spacer size=\u00a0\u00bblg:30&Prime;][\/vc_column][vc_column width=\u00a0\u00bb2\/3&Prime;][vc_column_text]Toute la production est bas\u00e9e depuis le d\u00e9but \u00e0 notre si\u00e8ge social dans la province de Ascoli Piceno. Le site couvre un peu plus de 1 ha avec les diff\u00e9rentes chaines d&rsquo;assemblage et les ateliers de fabrication \u00e9quip\u00e9s d&rsquo;une d\u00e9coupe laser de derni\u00e8re g\u00e9n\u00e9ration. Les soudures, toutes manuelles, sont le gage du caract\u00e8re exclusif de chaque produit. Le groupe Moretti investit de nombreuses heures en recherche et d\u00e9veloppement depuis la cr\u00e9ation jusqu&rsquo;\u00e0 la production. Ces investissements nous ont toujours permis de nous placer \u00e0 l&rsquo;avant-garde d&rsquo;un point de vue technique. Une garantie de qualit\u00e9 suppl\u00e9mentaire est donn\u00e9e par les tests que subissent chacun de nos appareils avant d&rsquo;\u00eatre commercialis\u00e9s.[\/vc_column_text][\/vc_column][\/vc_row][vc_row][vc_column][tm_spacer size=\u00a0\u00bblg:50&Prime;][\/vc_column][\/vc_row][vc_row][vc_column width=\u00a0\u00bb1\/3&Prime;][vc_column_text] UNE \u00c9QUIPE EXTR\u00caMEMENT DESIGN [\/vc_column_text][tm_spacer size=\u00a0\u00bblg:30&Prime;][\/vc_column][vc_column width=\u00a0\u00bb2\/3&Prime;][vc_column_text][\/vc_column_text][\/vc_column][\/vc_row][vc_row][vc_column][tm_spacer size=\u00a0\u00bblg:50&Prime;][\/vc_column][\/vc_row][vc_row][vc_column width=\u00a0\u00bb1\/3&Prime;][vc_column_text] CERTIFICATION [\/vc_column_text][tm_spacer size=\u00a0\u00bblg:30&Prime;][\/vc_column][vc_column width=\u00a0\u00bb2\/3&Prime;][vc_column_text]Depuis 1960 la Soci\u00e9t\u00e9 Moretti fabrique des produits de grande qualit\u00e9 gr\u00e2ce \u00e0 la recherche constante et \u00e0 l\u2019emploi de mat\u00e9riaux d\u2019excellence. Tous les produits respectent les normes et directives europ\u00e9ennes en vigueur et sont soumis \u00e0 un contr\u00f4le de la part d\u2019Organismes qualifi\u00e9s qui en \u00e9valuent les performances, les \u00e9missions et les caract\u00e9ristiques de construction.[\/vc_column_text][tm_spacer size=\u00a0\u00bblg:30&Prime;][vc_column_text][\/vc_column_text][\/vc_column][\/vc_row]","protected":false},"author":1,"featured_media":0,"parent":0,"menu_order":8,"comment_status":"closed","ping_status":"closed","template":"","meta":{"_glsr_average":0,"_glsr_ranking":0,"_glsr_reviews":0,"footnotes":""},"class_list":["post-27087","page","type-page","status-publish","hentry"],"yoast_head":"<!-- This site is optimized with the Yoast SEO plugin v23.5 - https:\/\/yoast.com\/wordpress\/plugins\/seo\/ -->\n<title>Atelier - Moretti Design<\/title>\n<meta name=\"description\" content=\"Les valeurs de l&#039;entreprise MORETTI DESIGN. Design, innovation, exp\u00e9rience, confort bien sur mais aussi l&#039;artisanat tel un artisan dans son atelier !\" \/>\n<meta name=\"robots\" content=\"index, follow, max-snippet:-1, max-image-preview:large, max-video-preview:-1\" \/>\n<link rel=\"canonical\" href=\"https:\/\/morettidesign.it\/fr\/atelier\/\" \/>\n<meta property=\"og:locale\" content=\"fr_FR\" \/>\n<meta property=\"og:type\" content=\"article\" \/>\n<meta property=\"og:title\" content=\"Atelier - Moretti Design\" \/>\n<meta property=\"og:description\" content=\"Les valeurs de l&#039;entreprise MORETTI DESIGN. Design, innovation, exp\u00e9rience, confort bien sur mais aussi l&#039;artisanat tel un artisan dans son atelier !\" \/>\n<meta property=\"og:url\" content=\"https:\/\/morettidesign.it\/fr\/atelier\/\" \/>\n<meta property=\"og:site_name\" content=\"Moretti Design\" \/>\n<meta property=\"article:modified_time\" content=\"2024-08-29T07:29:38+00:00\" \/>\n<meta property=\"og:image\" content=\"https:\/\/www.morettidesign.it\/wp-content\/uploads\/2020\/06\/ATELIER-22-1.jpg\" \/>\n<meta name=\"twitter:card\" content=\"summary_large_image\" \/>\n<meta name=\"twitter:label1\" content=\"Dur\u00e9e de lecture estim\u00e9e\" \/>\n\t<meta name=\"twitter:data1\" content=\"5 minutes\" \/>\n<script type=\"application\/ld+json\" class=\"yoast-schema-graph\">{\"@context\":\"https:\/\/schema.org\",\"@graph\":[{\"@type\":\"WebPage\",\"@id\":\"https:\/\/morettidesign.it\/fr\/atelier\/\",\"url\":\"https:\/\/morettidesign.it\/fr\/atelier\/\",\"name\":\"Atelier - Moretti Design\",\"isPartOf\":{\"@id\":\"https:\/\/morettidesign.it\/#website\"},\"primaryImageOfPage\":{\"@id\":\"https:\/\/morettidesign.it\/fr\/atelier\/#primaryimage\"},\"image\":{\"@id\":\"https:\/\/morettidesign.it\/fr\/atelier\/#primaryimage\"},\"thumbnailUrl\":\"https:\/\/www.morettidesign.it\/wp-content\/uploads\/2020\/06\/ATELIER-22-1.jpg\",\"datePublished\":\"2020-09-03T13:30:08+00:00\",\"dateModified\":\"2024-08-29T07:29:38+00:00\",\"description\":\"Les valeurs de l'entreprise MORETTI DESIGN. Design, innovation, exp\u00e9rience, confort bien sur mais aussi l'artisanat tel un artisan dans son atelier !\",\"breadcrumb\":{\"@id\":\"https:\/\/morettidesign.it\/fr\/atelier\/#breadcrumb\"},\"inLanguage\":\"fr-FR\",\"potentialAction\":[{\"@type\":\"ReadAction\",\"target\":[\"https:\/\/morettidesign.it\/fr\/atelier\/\"]}]},{\"@type\":\"ImageObject\",\"inLanguage\":\"fr-FR\",\"@id\":\"https:\/\/morettidesign.it\/fr\/atelier\/#primaryimage\",\"url\":\"https:\/\/www.morettidesign.it\/wp-content\/uploads\/2020\/06\/ATELIER-22-1.jpg\",\"contentUrl\":\"https:\/\/www.morettidesign.it\/wp-content\/uploads\/2020\/06\/ATELIER-22-1.jpg\"},{\"@type\":\"BreadcrumbList\",\"@id\":\"https:\/\/morettidesign.it\/fr\/atelier\/#breadcrumb\",\"itemListElement\":[{\"@type\":\"ListItem\",\"position\":1,\"name\":\"Home\",\"item\":\"https:\/\/morettidesign.it\/fr\/\"},{\"@type\":\"ListItem\",\"position\":2,\"name\":\"Atelier\"}]},{\"@type\":\"WebSite\",\"@id\":\"https:\/\/morettidesign.it\/#website\",\"url\":\"https:\/\/morettidesign.it\/\",\"name\":\"Moretti Design\",\"description\":\"Stufe a pellet e legna\",\"potentialAction\":[{\"@type\":\"SearchAction\",\"target\":{\"@type\":\"EntryPoint\",\"urlTemplate\":\"https:\/\/morettidesign.it\/?s={search_term_string}\"},\"query-input\":{\"@type\":\"PropertyValueSpecification\",\"valueRequired\":true,\"valueName\":\"search_term_string\"}}],\"inLanguage\":\"fr-FR\"}]}<\/script>\n<!-- \/ Yoast SEO plugin. -->","yoast_head_json":{"title":"Atelier - Moretti Design","description":"Les valeurs de l'entreprise MORETTI DESIGN. Design, innovation, exp\u00e9rience, confort bien sur mais aussi l'artisanat tel un artisan dans son atelier !","robots":{"index":"index","follow":"follow","max-snippet":"max-snippet:-1","max-image-preview":"max-image-preview:large","max-video-preview":"max-video-preview:-1"},"canonical":"https:\/\/morettidesign.it\/fr\/atelier\/","og_locale":"fr_FR","og_type":"article","og_title":"Atelier - Moretti Design","og_description":"Les valeurs de l'entreprise MORETTI DESIGN. Design, innovation, exp\u00e9rience, confort bien sur mais aussi l'artisanat tel un artisan dans son atelier !","og_url":"https:\/\/morettidesign.it\/fr\/atelier\/","og_site_name":"Moretti Design","article_modified_time":"2024-08-29T07:29:38+00:00","og_image":[{"url":"https:\/\/www.morettidesign.it\/wp-content\/uploads\/2020\/06\/ATELIER-22-1.jpg"}],"twitter_card":"summary_large_image","twitter_misc":{"Dur\u00e9e de lecture estim\u00e9e":"5 minutes"},"schema":{"@context":"https:\/\/schema.org","@graph":[{"@type":"WebPage","@id":"https:\/\/morettidesign.it\/fr\/atelier\/","url":"https:\/\/morettidesign.it\/fr\/atelier\/","name":"Atelier - Moretti Design","isPartOf":{"@id":"https:\/\/morettidesign.it\/#website"},"primaryImageOfPage":{"@id":"https:\/\/morettidesign.it\/fr\/atelier\/#primaryimage"},"image":{"@id":"https:\/\/morettidesign.it\/fr\/atelier\/#primaryimage"},"thumbnailUrl":"https:\/\/www.morettidesign.it\/wp-content\/uploads\/2020\/06\/ATELIER-22-1.jpg","datePublished":"2020-09-03T13:30:08+00:00","dateModified":"2024-08-29T07:29:38+00:00","description":"Les valeurs de l'entreprise MORETTI DESIGN. Design, innovation, exp\u00e9rience, confort bien sur mais aussi l'artisanat tel un artisan dans son atelier !","breadcrumb":{"@id":"https:\/\/morettidesign.it\/fr\/atelier\/#breadcrumb"},"inLanguage":"fr-FR","potentialAction":[{"@type":"ReadAction","target":["https:\/\/morettidesign.it\/fr\/atelier\/"]}]},{"@type":"ImageObject","inLanguage":"fr-FR","@id":"https:\/\/morettidesign.it\/fr\/atelier\/#primaryimage","url":"https:\/\/www.morettidesign.it\/wp-content\/uploads\/2020\/06\/ATELIER-22-1.jpg","contentUrl":"https:\/\/www.morettidesign.it\/wp-content\/uploads\/2020\/06\/ATELIER-22-1.jpg"},{"@type":"BreadcrumbList","@id":"https:\/\/morettidesign.it\/fr\/atelier\/#breadcrumb","itemListElement":[{"@type":"ListItem","position":1,"name":"Home","item":"https:\/\/morettidesign.it\/fr\/"},{"@type":"ListItem","position":2,"name":"Atelier"}]},{"@type":"WebSite","@id":"https:\/\/morettidesign.it\/#website","url":"https:\/\/morettidesign.it\/","name":"Moretti Design","description":"Stufe a pellet e legna","potentialAction":[{"@type":"SearchAction","target":{"@type":"EntryPoint","urlTemplate":"https:\/\/morettidesign.it\/?s={search_term_string}"},"query-input":{"@type":"PropertyValueSpecification","valueRequired":true,"valueName":"search_term_string"}}],"inLanguage":"fr-FR"}]}},"_links":{"self":[{"href":"https:\/\/morettidesign.it\/fr\/wp-json\/wp\/v2\/pages\/27087"}],"collection":[{"href":"https:\/\/morettidesign.it\/fr\/wp-json\/wp\/v2\/pages"}],"about":[{"href":"https:\/\/morettidesign.it\/fr\/wp-json\/wp\/v2\/types\/page"}],"author":[{"embeddable":true,"href":"https:\/\/morettidesign.it\/fr\/wp-json\/wp\/v2\/users\/1"}],"replies":[{"embeddable":true,"href":"https:\/\/morettidesign.it\/fr\/wp-json\/wp\/v2\/comments?post=27087"}],"version-history":[{"count":3,"href":"https:\/\/morettidesign.it\/fr\/wp-json\/wp\/v2\/pages\/27087\/revisions"}],"predecessor-version":[{"id":57041,"href":"https:\/\/morettidesign.it\/fr\/wp-json\/wp\/v2\/pages\/27087\/revisions\/57041"}],"wp:attachment":[{"href":"https:\/\/morettidesign.it\/fr\/wp-json\/wp\/v2\/media?parent=27087"}],"curies":[{"name":"wp","href":"https:\/\/api.w.org\/{rel}","templated":true}]}}