{"id":27091,"date":"2020-09-03T15:31:00","date_gmt":"2020-09-03T13:31:00","guid":{"rendered":"http:\/\/www.morettidesign.it\/?page_id=27091"},"modified":"2021-09-15T00:45:03","modified_gmt":"2021-09-14T22:45:03","slug":"design","status":"publish","type":"page","link":"https:\/\/morettidesign.it\/fr\/design\/","title":{"rendered":"Design"},"content":{"rendered":"<p>[vc_row][vc_column width=\u00a0\u00bb1\/3&Prime;][tm_image image=\u00a0\u00bb3864&Prime;][\/vc_column][vc_column width=\u00a0\u00bb2\/3&Prime;][vc_column_text]<\/p>\n<h3 style=\"color: #c49650; line-height: 2;\"><strong>DESIGN SANS FRONTI\u00c8RES<\/strong><\/h3>\n<p>Moretti Design veut jouer avec l&rsquo;espace et le temps, en se projetant avec audace vers des horizons infinis, vers un design sans fronti\u00e8res. Des g\u00e9om\u00e9tries \u00e9l\u00e9gantes appuy\u00e9es par un maitrise extr\u00eame de technologies nouvelles ou anciennes, permettent de d\u00e9finir un nouveau style. On scande \u201c<strong>Future is now<\/strong>\u201d : avec le d\u00e9sir de s&rsquo;\u00e9loigner le plus possible des st\u00e9r\u00e9otypes conventionnels.<\/p>\n<p>Le design se marie \u00e0 l&rsquo;\u00e9l\u00e9gance, tout est dans les d\u00e9tails et les couleurs. Le produit sublime son environnement, avec sa prestance et la puissance des technologies de pointe. La marque Moretti Design exprime une<strong> qualit\u00e9 qui interroge l&rsquo;espace et le temps<\/strong>, en se jouant des formes et en \u00e9voluant continuellement.<\/p>\n<p>Les <strong>cr\u00e9ations Moretti Design<\/strong> sont enivrantes. Mais c&rsquo;est l&rsquo;usage et le confort procur\u00e9s qui font la diff\u00e9rence. On m\u00eale la lumi\u00e8re (led), parfois le son (entre silence et des enceintes BOSE), les \u00e9crans logiciels ergonomiques, les mat\u00e9riaux de premi\u00e8re qualit\u00e9 pour plus de durabilit\u00e9 (bougies quartz), on chasse les options pour que la qualit\u00e9 ne soit pas optionnelle (nettoyage automatique) pour <strong>dessiner un usage<\/strong>.<br \/>\nApr\u00e8s que l&rsquo;homme ait ma\u00eetris\u00e9 le feu, c&rsquo;est jou\u00e9 avec les cinq sens qui d\u00e9sormais fascine. Moretti Design, dessine <strong>une exp\u00e9rience unique<\/strong>.[\/vc_column_text][tm_spacer size=\u00a0\u00bblg:80&Prime;][\/vc_column][\/vc_row][vc_row full_width=\u00a0\u00bbstretch_row\u00a0\u00bb background_color=\u00a0\u00bbcustom\u00a0\u00bb custom_background_color=\u00a0\u00bb#f9f9f9&Prime;][vc_column][tm_spacer size=\u00a0\u00bblg:50&Prime;][vc_column_text]<\/p>\n<h3 style=\"color: #c49650; text-align: center; line-height: 2;\"><strong>D\u00c9TAILS SUBLIM\u00c9S<\/strong><\/h3>\n<p style=\"text-align: center;\"><strong>Une identit\u00e9 qui reste immuable<\/strong>, pure, unique, ambitieuse. <strong>Moretti design<\/strong> se pr\u00e9sente au grand public avec une gamme de produits qui rappellent aussi la beaut\u00e9 des oeuvres artisanales, gr\u00e2ce \u00e0 l\u2019utilisation de mati\u00e8res premi\u00e8res d\u2019excellence et \u00e0 une attention aux d\u00e9tails, des technologies de derni\u00e8re g\u00e9n\u00e9ration, des rev\u00eatements en verre, un design impliquant, une technologie sans pr\u00e9c\u00e9dent.<\/p>\n<p>[\/vc_column_text][\/vc_column][\/vc_row][vc_row full_width=\u00a0\u00bbstretch_row\u00a0\u00bb background_color=\u00a0\u00bbcustom\u00a0\u00bb custom_background_color=\u00a0\u00bb#f9f9f9&Prime;][vc_column width=\u00a0\u00bb2\/3&Prime;][tm_spacer size=\u00a0\u00bblg:90&Prime;][vc_row_inner][vc_column_inner width=\u00a0\u00bb1\/2&Prime;][vc_column_text]<\/p>\n<h5 style=\"color: #c49650;\"><strong>TRIPTYQUE D\u2019ACIER<\/strong><\/h5>\n<p>Symbole d&rsquo;une fabrication \u00ab\u00a0maison\u00a0\u00bb, le <strong>TRIPTYQUE D\u2019ACIER<\/strong> est la marque distinctive de Moretti Design. C&rsquo;est une signature ! Ces \u00e9l\u00e9ments int\u00e9gr\u00e9s horizontalement dans la structure du po\u00eale, renforcent le <strong>design de l\u2019excellence<\/strong>.[\/vc_column_text][\/vc_column_inner][vc_column_inner width=\u00a0\u00bb1\/2&Prime;][vc_column_text]<\/p>\n<h5 style=\"color: #c49650;\"><strong>LA CERAMIQUE<\/strong><\/h5>\n<p>L\u2019argile devient une c\u00e9ramique <strong>Hi-Tech<\/strong> gr\u00e2ce \u00e0 un processus de cuisson qui d\u00e9passe mille degr\u00e9s. De l\u00e0, nous g\u00e9n\u00e9rons la mati\u00e8re qui habille nos produits, en combinant la tradition du savoir-faire de l\u2019entreprise avec la recherche du \u00ab\u00a0beau\u00a0\u00bb.[\/vc_column_text][\/vc_column_inner][\/vc_row_inner][tm_spacer size=\u00a0\u00bblg:50&Prime;][vc_row_inner][vc_column_inner width=\u00a0\u00bb1\/2&Prime;][vc_column_text]<\/p>\n<h5 style=\"color: #c49650;\"><strong>LE VERRE<\/strong><\/h5>\n<p>Pour la premi\u00e8re fois, le verre devient le <strong>jouet<\/strong> du <strong>design<\/strong>. Moretti Design a introduit sur le march\u00e9 international le \u00ab\u00a0<strong>magical glass<\/strong>\u00ab\u00a0, un mat\u00e9riau magique capable de s&rsquo;adapter \u00e0 diff\u00e9rentes couleurs, formes et technologies, transformant les po\u00eales en \u0153uvres d\u2019art installables dans n\u2019importe quel environnement domestique.[\/vc_column_text][\/vc_column_inner][vc_column_inner width=\u00a0\u00bb1\/2\u00a0\u00bb][vc_column_text]<\/p>\n<h5 style=\"color: #c49650;\"><strong>L\u2019ACIER<\/strong><\/h5>\n<p>Le mat\u00e9riau acier rappelle la complexit\u00e9 de nos soci\u00e9t\u00e9s contemporaines. Il constitue le coeur de nos produits. Les tr\u00e8s hautes temp\u00e9ratures qu&rsquo;il endure au contact du granul\u00e9 et du bois le laissent de marbre, il assure en continu des <strong>performances \u00e9lev\u00e9es<\/strong>.[\/vc_column_text][\/vc_column_inner][\/vc_row_inner][\/vc_column][vc_column width=\u00a0\u00bb1\/3&Prime;][tm_image image=\u00a0\u00bb3870&Prime;][\/vc_column][\/vc_row][vc_row][vc_column][tm_spacer size=\u00a0\u00bblg:90&Prime;][\/vc_column][\/vc_row][vc_row][vc_column width=\u00a0\u00bb2\/3&Prime;][tm_spacer size=\u00a0\u00bblg:80&Prime;][vc_column_text]<\/p>\n<h3 style=\"color: #c49650; text-align: right; line-height: 2;\"><strong>TRIPTYQUE ACIER<\/strong><\/h3>\n<p style=\"text-align: right;\">Assurer la <strong>qualit\u00e9 du Made in Italy<\/strong>, r\u00e9side non seulement dans les mat\u00e9riaux, mais aussi dans la beaut\u00e9 des produits cr\u00e9\u00e9s par nos artisans. La signature du groupe Moretti, ce sont ces 3 lignes horizontales en acier qui se fondent harmonieusement dans la structure du po\u00eale. Ces lignes signent aussi une ambition : l\u2019excellence du design.<\/p>\n<p>[\/vc_column_text][\/vc_column][vc_column width=\u00a0\u00bb1\/3&Prime;][tm_image image=\u00a0\u00bb3885&Prime;][\/vc_column][\/vc_row][vc_row][vc_column width=\u00a0\u00bb1\/3&Prime;][tm_image image=\u00a0\u00bb3888&Prime;][\/vc_column][vc_column width=\u00a0\u00bb2\/3&Prime;][vc_column_text]<\/p>\n<h3 style=\"color: #c49650; line-height: 2;\"><strong>LE VERRE: UNE PASSION<\/strong><\/h3>\n<p>Le verre est synonyme de brillance, \u00e9clat, propret\u00e9 et transparence. Ce sont des perceptions mais aussi des valeurs qui sont ch\u00e8res aux \u00e9quipes MORETTI. Les trois designers \u00ab\u00a0maison\u00a0\u00bb ont donc beaucoup travaill\u00e9 le verre pour l&rsquo;int\u00e9grer de fa\u00e7on design ET innovante dans des produits tendances. En point de mire, des lignes minimalistes avec l&rsquo;utilisation de mat\u00e9riaux en verre <strong>HI-TECH<\/strong> (sauf pour certains mod\u00e8les classiques).<\/p>\n<p><strong>AVEC LE VERRE, LE DESIGN EST MAGIQUE<\/strong>. MORETTI DESIGN utilise un verre tremp\u00e9 (r\u00e9sistant \u00e0 des temp\u00e9ratures \u00e9lev\u00e9es) non \u00e9maill\u00e9, mais form\u00e9 avec un compos\u00e9 sp\u00e9cial haute-technologie, ce qui le rend totalement obscur. Cela emp\u00eache la vision de la chambre de combustion si celle-ci est \u00e9teinte. Cela a un double avantage : 1- Le po\u00eale se fait discret et ne vous oblige pas \u00e0 garder la vitre propre. 2- Le verre devient \u201c<strong>MAGIC<\/strong>\u201d lorsque le po\u00eale est allum\u00e9 &#8230; il vous permet de voir la flamme comme n&rsquo;importe quel autre verre jusqu&rsquo;\u00e0 ce que l\u2019appareil soit \u00e9teint, et alors la vitre se teinte \u00e0 nouveau, l\u2019appareil devenant plus discret et d\u00e9coratif tel un meuble.[\/vc_column_text][tm_spacer size=\u00a0\u00bblg:80&Prime;][\/vc_column][\/vc_row][vc_row][vc_column width=\u00a0\u00bb2\/3&Prime;][tm_spacer size=\u00a0\u00bblg:80&Prime;][vc_column_text]<\/p>\n<h3 style=\"color: #c49650; text-align: right; line-height: 2;\"><strong>BOUTIQUE MORETTI<\/strong><\/h3>\n<p style=\"text-align: right;\">Oubliez l&rsquo;expression \u00ab\u00a0<strong>Producteur de po\u00eales<\/strong>\u00ab\u00a0. L&rsquo;Atelier Moretti est n\u00e9 en tant qu&rsquo;artisan dans l&rsquo;aire industrielle. Moretti Design entend le rester. M\u00eame le concept de point de vente n&rsquo;est pas adapt\u00e9. Abandonnez l&rsquo;id\u00e9e d&rsquo;un espace d\u00e9di\u00e9 uniquement \u00e0 la pr\u00e9sentation commerciale d&rsquo;un produit. Retrouvez dans la \u00ab\u00a0<strong>Boutique Moretti<\/strong>\u00a0\u00bb (en cours de cr\u00e9tion en France) : un lieu d\u00e9di\u00e9 \u00e0 l&rsquo;hospitalit\u00e9 et la discussion, plong\u00e9 dans le style Moretti. Cet \u00e9crin met les qualit\u00e9s des po\u00eales et chemin\u00e9es Moretti en valeur. Et comme dans un magasin de couture d&rsquo;\u00e9poque, ce lieu permet de fournir un service d&rsquo;excellence, adapt\u00e9 aux souhaits du client.<\/p>\n<p>[\/vc_column_text][\/vc_column][vc_column width=\u00a0\u00bb1\/3&Prime;][tm_image image=\u00a0\u00bb3889&Prime;][\/vc_column][\/vc_row]<\/p>\n","protected":false},"excerpt":{"rendered":"[vc_row][vc_column width=\u00a0\u00bb1\/3&Prime;][tm_image image=\u00a0\u00bb3864&Prime;][\/vc_column][vc_column width=\u00a0\u00bb2\/3&Prime;][vc_column_text] DESIGN SANS FRONTI\u00c8RES Moretti Design veut jouer avec l&rsquo;espace et le temps, en se projetant avec audace vers des horizons infinis, vers un design sans fronti\u00e8res. Des g\u00e9om\u00e9tries \u00e9l\u00e9gantes appuy\u00e9es par un maitrise extr\u00eame de technologies nouvelles ou anciennes, permettent de d\u00e9finir un nouveau style. On scande \u201cFuture is now\u201d : avec le d\u00e9sir de s&rsquo;\u00e9loigner le plus possible des st\u00e9r\u00e9otypes conventionnels. Le design se marie \u00e0 l&rsquo;\u00e9l\u00e9gance, tout est dans les d\u00e9tails et les couleurs. Le produit sublime son environnement, avec sa prestance et la puissance des technologies de pointe. La marque Moretti Design exprime une qualit\u00e9 qui interroge l&rsquo;espace et le temps, en se jouant des formes et en \u00e9voluant continuellement. Les cr\u00e9ations Moretti Design sont enivrantes. Mais c&rsquo;est l&rsquo;usage et le confort procur\u00e9s qui font la diff\u00e9rence. On m\u00eale la lumi\u00e8re (led), parfois le son (entre silence et des enceintes BOSE), les \u00e9crans logiciels ergonomiques, les mat\u00e9riaux de premi\u00e8re qualit\u00e9 pour plus de durabilit\u00e9 (bougies quartz), on chasse les options pour que la qualit\u00e9 ne soit pas optionnelle (nettoyage automatique) pour dessiner un usage. Apr\u00e8s que l&rsquo;homme ait ma\u00eetris\u00e9 le feu, c&rsquo;est jou\u00e9 avec les cinq sens qui d\u00e9sormais fascine. Moretti Design, dessine une exp\u00e9rience unique.[\/vc_column_text][tm_spacer size=\u00a0\u00bblg:80&Prime;][\/vc_column][\/vc_row][vc_row full_width=\u00a0\u00bbstretch_row\u00a0\u00bb background_color=\u00a0\u00bbcustom\u00a0\u00bb custom_background_color=\u00a0\u00bb#f9f9f9&Prime;][vc_column][tm_spacer size=\u00a0\u00bblg:50&Prime;][vc_column_text] D\u00c9TAILS SUBLIM\u00c9S Une identit\u00e9 qui reste immuable, pure, unique, ambitieuse. Moretti design se pr\u00e9sente au grand public avec une gamme de produits qui rappellent aussi la beaut\u00e9 des oeuvres artisanales, gr\u00e2ce \u00e0 l\u2019utilisation de mati\u00e8res premi\u00e8res d\u2019excellence et \u00e0 une attention aux d\u00e9tails, des technologies de derni\u00e8re g\u00e9n\u00e9ration, des rev\u00eatements en verre, un design impliquant, une technologie sans pr\u00e9c\u00e9dent. [\/vc_column_text][\/vc_column][\/vc_row][vc_row full_width=\u00a0\u00bbstretch_row\u00a0\u00bb background_color=\u00a0\u00bbcustom\u00a0\u00bb custom_background_color=\u00a0\u00bb#f9f9f9&Prime;][vc_column width=\u00a0\u00bb2\/3&Prime;][tm_spacer size=\u00a0\u00bblg:90&Prime;][vc_row_inner][vc_column_inner width=\u00a0\u00bb1\/2&Prime;][vc_column_text] TRIPTYQUE D\u2019ACIER Symbole d&rsquo;une fabrication \u00ab\u00a0maison\u00a0\u00bb, le TRIPTYQUE D\u2019ACIER est la marque distinctive de Moretti Design. C&rsquo;est une signature ! Ces \u00e9l\u00e9ments int\u00e9gr\u00e9s horizontalement dans la structure du po\u00eale, renforcent le design de l\u2019excellence.[\/vc_column_text][\/vc_column_inner][vc_column_inner width=\u00a0\u00bb1\/2&Prime;][vc_column_text] LA CERAMIQUE L\u2019argile devient une c\u00e9ramique Hi-Tech gr\u00e2ce \u00e0 un processus de cuisson qui d\u00e9passe mille degr\u00e9s. De l\u00e0, nous g\u00e9n\u00e9rons la mati\u00e8re qui habille nos produits, en combinant la tradition du savoir-faire de l\u2019entreprise avec la recherche du \u00ab\u00a0beau\u00a0\u00bb.[\/vc_column_text][\/vc_column_inner][\/vc_row_inner][tm_spacer size=\u00a0\u00bblg:50&Prime;][vc_row_inner][vc_column_inner width=\u00a0\u00bb1\/2&Prime;][vc_column_text] LE VERRE Pour la premi\u00e8re fois, le verre devient le jouet du design. Moretti Design a introduit sur le march\u00e9 international le \u00ab\u00a0magical glass\u00ab\u00a0, un mat\u00e9riau magique capable de s&rsquo;adapter \u00e0 diff\u00e9rentes couleurs, formes et technologies, transformant les po\u00eales en \u0153uvres d\u2019art installables dans n\u2019importe quel environnement domestique.[\/vc_column_text][\/vc_column_inner][vc_column_inner width=\u00a0\u00bb1\/2\u00a0\u00bb][vc_column_text] L\u2019ACIER Le mat\u00e9riau acier rappelle la complexit\u00e9 de nos soci\u00e9t\u00e9s contemporaines. Il constitue le coeur de nos produits. Les tr\u00e8s hautes temp\u00e9ratures qu&rsquo;il endure au contact du granul\u00e9 et du bois le laissent de marbre, il assure en continu des performances \u00e9lev\u00e9es.[\/vc_column_text][\/vc_column_inner][\/vc_row_inner][\/vc_column][vc_column width=\u00a0\u00bb1\/3&Prime;][tm_image image=\u00a0\u00bb3870&Prime;][\/vc_column][\/vc_row][vc_row][vc_column][tm_spacer size=\u00a0\u00bblg:90&Prime;][\/vc_column][\/vc_row][vc_row][vc_column width=\u00a0\u00bb2\/3&Prime;][tm_spacer size=\u00a0\u00bblg:80&Prime;][vc_column_text] TRIPTYQUE ACIER Assurer la qualit\u00e9 du Made in Italy, r\u00e9side non seulement dans les mat\u00e9riaux, mais aussi dans la beaut\u00e9 des produits cr\u00e9\u00e9s par nos artisans. La signature du groupe Moretti, ce sont ces 3 lignes horizontales en acier qui se fondent harmonieusement dans la structure du po\u00eale. Ces lignes signent aussi une ambition : l\u2019excellence du design. [\/vc_column_text][\/vc_column][vc_column width=\u00a0\u00bb1\/3&Prime;][tm_image image=\u00a0\u00bb3885&Prime;][\/vc_column][\/vc_row][vc_row][vc_column width=\u00a0\u00bb1\/3&Prime;][tm_image image=\u00a0\u00bb3888&Prime;][\/vc_column][vc_column width=\u00a0\u00bb2\/3&Prime;][vc_column_text] LE VERRE: UNE PASSION Le verre est synonyme de brillance, \u00e9clat, propret\u00e9 et transparence. Ce sont des perceptions mais aussi des valeurs qui sont ch\u00e8res aux \u00e9quipes MORETTI. Les trois designers \u00ab\u00a0maison\u00a0\u00bb ont donc beaucoup travaill\u00e9 le verre pour l&rsquo;int\u00e9grer de fa\u00e7on design ET innovante dans des produits tendances. En point de mire, des lignes minimalistes avec l&rsquo;utilisation de mat\u00e9riaux en verre HI-TECH (sauf pour certains mod\u00e8les classiques). AVEC LE VERRE, LE DESIGN EST MAGIQUE. MORETTI DESIGN utilise un verre tremp\u00e9 (r\u00e9sistant \u00e0 des temp\u00e9ratures \u00e9lev\u00e9es) non \u00e9maill\u00e9, mais form\u00e9 avec un compos\u00e9 sp\u00e9cial haute-technologie, ce qui le rend totalement obscur. Cela emp\u00eache la vision de la chambre de combustion si celle-ci est \u00e9teinte. Cela a un double avantage : 1- Le po\u00eale se fait discret et ne vous oblige pas \u00e0 garder la vitre propre. 2- Le verre devient \u201cMAGIC\u201d lorsque le po\u00eale est allum\u00e9 &#8230; il vous permet de voir la flamme comme n&rsquo;importe quel autre verre jusqu&rsquo;\u00e0 ce que l\u2019appareil soit \u00e9teint, et alors la vitre se teinte \u00e0 nouveau, l\u2019appareil devenant plus discret et d\u00e9coratif tel un meuble.[\/vc_column_text][tm_spacer size=\u00a0\u00bblg:80&Prime;][\/vc_column][\/vc_row][vc_row][vc_column width=\u00a0\u00bb2\/3&Prime;][tm_spacer size=\u00a0\u00bblg:80&Prime;][vc_column_text] BOUTIQUE MORETTI Oubliez l&rsquo;expression \u00ab\u00a0Producteur de po\u00eales\u00ab\u00a0. L&rsquo;Atelier Moretti est n\u00e9 en tant qu&rsquo;artisan dans l&rsquo;aire industrielle. Moretti Design entend le rester. M\u00eame le concept de point de vente n&rsquo;est pas adapt\u00e9. Abandonnez l&rsquo;id\u00e9e d&rsquo;un espace d\u00e9di\u00e9 uniquement \u00e0 la pr\u00e9sentation commerciale d&rsquo;un produit. Retrouvez dans la \u00ab\u00a0Boutique Moretti\u00a0\u00bb (en cours de cr\u00e9tion en France) : un lieu d\u00e9di\u00e9 \u00e0 l&rsquo;hospitalit\u00e9 et la discussion, plong\u00e9 dans le style Moretti. Cet \u00e9crin met les qualit\u00e9s des po\u00eales et chemin\u00e9es Moretti en valeur. Et comme dans un magasin de couture d&rsquo;\u00e9poque, ce lieu permet de fournir un service d&rsquo;excellence, adapt\u00e9 aux souhaits du client. [\/vc_column_text][\/vc_column][vc_column width=\u00a0\u00bb1\/3&Prime;][tm_image image=\u00a0\u00bb3889&Prime;][\/vc_column][\/vc_row]","protected":false},"author":1,"featured_media":0,"parent":0,"menu_order":9,"comment_status":"closed","ping_status":"closed","template":"","meta":{"_glsr_average":0,"_glsr_ranking":0,"_glsr_reviews":0,"footnotes":""},"class_list":["post-27091","page","type-page","status-publish","hentry"],"yoast_head":"<!-- This site is optimized with the Yoast SEO plugin v23.5 - https:\/\/yoast.com\/wordpress\/plugins\/seo\/ -->\n<title>Des po\u00eales design by Moretti Design<\/title>\n<meta name=\"description\" content=\"Pourquoi les po\u00eales \u00e0 granul\u00e9s MORETTI DESIGN sont ils design ? Quelle est notre vision, notre sensibilit\u00e9, et les technologies utilis\u00e9es ?\" \/>\n<meta name=\"robots\" content=\"index, follow, max-snippet:-1, max-image-preview:large, max-video-preview:-1\" \/>\n<link rel=\"canonical\" href=\"https:\/\/morettidesign.it\/fr\/design\/\" \/>\n<meta property=\"og:locale\" content=\"fr_FR\" \/>\n<meta property=\"og:type\" content=\"article\" \/>\n<meta property=\"og:title\" content=\"Des po\u00eales design by Moretti Design\" \/>\n<meta property=\"og:description\" content=\"Pourquoi les po\u00eales \u00e0 granul\u00e9s MORETTI DESIGN sont ils design ? Quelle est notre vision, notre sensibilit\u00e9, et les technologies utilis\u00e9es ?\" \/>\n<meta property=\"og:url\" content=\"https:\/\/morettidesign.it\/fr\/design\/\" \/>\n<meta property=\"og:site_name\" content=\"Moretti Design\" \/>\n<meta property=\"article:modified_time\" content=\"2021-09-14T22:45:03+00:00\" \/>\n<meta name=\"twitter:card\" content=\"summary_large_image\" \/>\n<meta name=\"twitter:label1\" content=\"Dur\u00e9e de lecture estim\u00e9e\" \/>\n\t<meta name=\"twitter:data1\" content=\"4 minutes\" \/>\n<script type=\"application\/ld+json\" class=\"yoast-schema-graph\">{\"@context\":\"https:\/\/schema.org\",\"@graph\":[{\"@type\":\"WebPage\",\"@id\":\"https:\/\/morettidesign.it\/fr\/design\/\",\"url\":\"https:\/\/morettidesign.it\/fr\/design\/\",\"name\":\"Des po\u00eales design by Moretti Design\",\"isPartOf\":{\"@id\":\"https:\/\/morettidesign.it\/#website\"},\"datePublished\":\"2020-09-03T13:31:00+00:00\",\"dateModified\":\"2021-09-14T22:45:03+00:00\",\"description\":\"Pourquoi les po\u00eales \u00e0 granul\u00e9s MORETTI DESIGN sont ils design ? Quelle est notre vision, notre sensibilit\u00e9, et les technologies utilis\u00e9es ?\",\"breadcrumb\":{\"@id\":\"https:\/\/morettidesign.it\/fr\/design\/#breadcrumb\"},\"inLanguage\":\"fr-FR\",\"potentialAction\":[{\"@type\":\"ReadAction\",\"target\":[\"https:\/\/morettidesign.it\/fr\/design\/\"]}]},{\"@type\":\"BreadcrumbList\",\"@id\":\"https:\/\/morettidesign.it\/fr\/design\/#breadcrumb\",\"itemListElement\":[{\"@type\":\"ListItem\",\"position\":1,\"name\":\"Home\",\"item\":\"https:\/\/morettidesign.it\/fr\/\"},{\"@type\":\"ListItem\",\"position\":2,\"name\":\"Design\"}]},{\"@type\":\"WebSite\",\"@id\":\"https:\/\/morettidesign.it\/#website\",\"url\":\"https:\/\/morettidesign.it\/\",\"name\":\"Moretti Design\",\"description\":\"Stufe a pellet e legna\",\"potentialAction\":[{\"@type\":\"SearchAction\",\"target\":{\"@type\":\"EntryPoint\",\"urlTemplate\":\"https:\/\/morettidesign.it\/?s={search_term_string}\"},\"query-input\":{\"@type\":\"PropertyValueSpecification\",\"valueRequired\":true,\"valueName\":\"search_term_string\"}}],\"inLanguage\":\"fr-FR\"}]}<\/script>\n<!-- \/ Yoast SEO plugin. -->","yoast_head_json":{"title":"Des po\u00eales design by Moretti Design","description":"Pourquoi les po\u00eales \u00e0 granul\u00e9s MORETTI DESIGN sont ils design ? Quelle est notre vision, notre sensibilit\u00e9, et les technologies utilis\u00e9es ?","robots":{"index":"index","follow":"follow","max-snippet":"max-snippet:-1","max-image-preview":"max-image-preview:large","max-video-preview":"max-video-preview:-1"},"canonical":"https:\/\/morettidesign.it\/fr\/design\/","og_locale":"fr_FR","og_type":"article","og_title":"Des po\u00eales design by Moretti Design","og_description":"Pourquoi les po\u00eales \u00e0 granul\u00e9s MORETTI DESIGN sont ils design ? Quelle est notre vision, notre sensibilit\u00e9, et les technologies utilis\u00e9es ?","og_url":"https:\/\/morettidesign.it\/fr\/design\/","og_site_name":"Moretti Design","article_modified_time":"2021-09-14T22:45:03+00:00","twitter_card":"summary_large_image","twitter_misc":{"Dur\u00e9e de lecture estim\u00e9e":"4 minutes"},"schema":{"@context":"https:\/\/schema.org","@graph":[{"@type":"WebPage","@id":"https:\/\/morettidesign.it\/fr\/design\/","url":"https:\/\/morettidesign.it\/fr\/design\/","name":"Des po\u00eales design by Moretti Design","isPartOf":{"@id":"https:\/\/morettidesign.it\/#website"},"datePublished":"2020-09-03T13:31:00+00:00","dateModified":"2021-09-14T22:45:03+00:00","description":"Pourquoi les po\u00eales \u00e0 granul\u00e9s MORETTI DESIGN sont ils design ? Quelle est notre vision, notre sensibilit\u00e9, et les technologies utilis\u00e9es ?","breadcrumb":{"@id":"https:\/\/morettidesign.it\/fr\/design\/#breadcrumb"},"inLanguage":"fr-FR","potentialAction":[{"@type":"ReadAction","target":["https:\/\/morettidesign.it\/fr\/design\/"]}]},{"@type":"BreadcrumbList","@id":"https:\/\/morettidesign.it\/fr\/design\/#breadcrumb","itemListElement":[{"@type":"ListItem","position":1,"name":"Home","item":"https:\/\/morettidesign.it\/fr\/"},{"@type":"ListItem","position":2,"name":"Design"}]},{"@type":"WebSite","@id":"https:\/\/morettidesign.it\/#website","url":"https:\/\/morettidesign.it\/","name":"Moretti Design","description":"Stufe a pellet e legna","potentialAction":[{"@type":"SearchAction","target":{"@type":"EntryPoint","urlTemplate":"https:\/\/morettidesign.it\/?s={search_term_string}"},"query-input":{"@type":"PropertyValueSpecification","valueRequired":true,"valueName":"search_term_string"}}],"inLanguage":"fr-FR"}]}},"_links":{"self":[{"href":"https:\/\/morettidesign.it\/fr\/wp-json\/wp\/v2\/pages\/27091"}],"collection":[{"href":"https:\/\/morettidesign.it\/fr\/wp-json\/wp\/v2\/pages"}],"about":[{"href":"https:\/\/morettidesign.it\/fr\/wp-json\/wp\/v2\/types\/page"}],"author":[{"embeddable":true,"href":"https:\/\/morettidesign.it\/fr\/wp-json\/wp\/v2\/users\/1"}],"replies":[{"embeddable":true,"href":"https:\/\/morettidesign.it\/fr\/wp-json\/wp\/v2\/comments?post=27091"}],"version-history":[{"count":1,"href":"https:\/\/morettidesign.it\/fr\/wp-json\/wp\/v2\/pages\/27091\/revisions"}],"predecessor-version":[{"id":45655,"href":"https:\/\/morettidesign.it\/fr\/wp-json\/wp\/v2\/pages\/27091\/revisions\/45655"}],"wp:attachment":[{"href":"https:\/\/morettidesign.it\/fr\/wp-json\/wp\/v2\/media?parent=27091"}],"curies":[{"name":"wp","href":"https:\/\/api.w.org\/{rel}","templated":true}]}}