{"id":27101,"date":"2020-09-03T15:34:44","date_gmt":"2020-09-03T13:34:44","guid":{"rendered":"http:\/\/www.morettidesign.it\/?page_id=27101"},"modified":"2021-09-15T00:53:32","modified_gmt":"2021-09-14T22:53:32","slug":"assistance","status":"publish","type":"page","link":"https:\/\/morettidesign.it\/fr\/assistance\/","title":{"rendered":"Assistance"},"content":{"rendered":"<p>[vc_row][vc_column][vc_column_text]<\/p>\n<p style=\"text-align: center;\"><strong><span style=\"text-align: center; font-size: 24px; color: #c49651;\">L&rsquo;ASSISTANCE MORETTI DESIGN<\/span><\/strong><\/p>\n<p style=\"text-align: center; font-size: 16px;\">toujours \u00e0 votre \u00e9coute pour toujours mieux vous servir!<\/p>\n<p>[\/vc_column_text][tm_spacer size=\u00a0\u00bblg:30&Prime;][\/vc_column][\/vc_row][vc_row][vc_column width=\u00a0\u00bb1\/2&Prime; el_class=\u00a0\u00bbshadow\u00a0\u00bb][tm_spacer size=\u00a0\u00bblg:30&Prime;][vc_column_text]<\/p>\n<h3 style=\"text-align: center;\"><strong>REMPLIR INT\u00c9GRALEMENT LE FORMULAIRE<\/strong><\/h3>\n<p>[\/vc_column_text][tm_spacer size=\u00a0\u00bblg:30&Prime;][tm_contact_form_7 id=\u00a0\u00bb27104&Prime;][tm_spacer size=\u00a0\u00bblg:30&Prime;][\/vc_column][vc_column width=\u00a0\u00bb1\/2&Prime;][tm_spacer size=\u00a0\u00bblg:50&Prime;][vc_column_text]<\/p>\n<p style=\"font-size: 16px;\">La transparence, la rapidit\u00e9, l&rsquo;efficacit\u00e9 de l&rsquo;assistance de MORETTIDESIGN passent avant tout par une bonne organisation. A cette fin, nous vous recommandons de contacter directement votre installateur si vous d\u00e9sirez :<\/p>\n<ul style=\"font-size: 16px;\">\n<li>Des informations sur les fonctions de votre appareil ou des conseils<br \/>\ntechniques.<\/li>\n<li>Effectuer des interventions techniques en garantie ou hors garantie<\/li>\n<li>Commander des pi\u00e8ces d\u00e9tach\u00e9es<\/li>\n<li>Contr\u00f4ler votre installation &#8230;<\/li>\n<\/ul>\n<p style=\"font-size: 16px;\">Nous attirons votre attention sur le fait que c&rsquo;est votre installateur qui connait le mieux votre installation et\u00a0 les normes en vigueur. C&rsquo;est d&rsquo;ailleurs lui qui a la responsabilit\u00e9 de votre installation, c&rsquo;est aussi \u00e0 lui que vous avez expliqu\u00e9 vos attentes et c&rsquo;est aussi lui qui dans le cadre de son devoir de conseil, vous a aid\u00e9 \u00e0 finaliser votre projet.<br \/>\nC&rsquo;est pour toutes ces raisons qu&rsquo;il doit \u00eatre votre interlocuteur privil\u00e9gi\u00e9.<\/p>\n<p style=\"font-size: 16px;\">Vous pouvez aussi cliquer sur l&rsquo;onglet \u00ab <a href=\"https:\/\/www.morettidesign.it\/fr\/boutique\/\"><strong>boutique<\/strong><\/a> \u00bb de notre site <strong><a href=\"https:\/\/www.morettidesign.it\/fr\/\">morettidesign.it\/fr<\/a><\/strong> afin de trouver l&rsquo;un de nos partenaires le plus proche de chez vous. Si vous d\u00e9sirez un manuel utilisateur de l&rsquo;un de nos produits cliqu\u00e9s sur l&rsquo;onglet \u00ab collection \u00bb de notre site afin de t\u00e9l\u00e9charger le document souhait\u00e9 qui se trouvera sous la photo du po\u00eale choisi.<\/p>\n<p>[\/vc_column_text][tm_spacer size=\u00a0\u00bblg:50&Prime;][vc_column_text]<\/p>\n<p style=\"font-size: 16px;\"><strong>ATTENTION<\/strong><br \/>\nSi vous n&rsquo;avez pas trouv\u00e9 ici d&rsquo;\u00e9l\u00e9ment de r\u00e9ponse, merci de remplir le formulaire suivant de fa\u00e7on compl\u00e8te et pr\u00e9cise en envoyant si besoin facture d&rsquo;achat, facture d&rsquo;entretien, photos, ou tous documents aidant \u00e0 la compr\u00e9hension.<\/p>\n<p style=\"font-size: 16px;\">Nos techniciens vous r\u00e9pondront rapidement avec plaisir.<\/p>\n<p style=\"font-size: 16px;\">Attention les produits achet\u00e9s sur internet et en dehors du r\u00e9seau officiel de distribution du pays ne b\u00e9n\u00e9ficient pas de garantie.<\/p>\n<p>[\/vc_column_text][\/vc_column][\/vc_row]<\/p>\n","protected":false},"excerpt":{"rendered":"[vc_row][vc_column][vc_column_text] L&rsquo;ASSISTANCE MORETTI DESIGN toujours \u00e0 votre \u00e9coute pour toujours mieux vous servir! [\/vc_column_text][tm_spacer size=\u00a0\u00bblg:30&Prime;][\/vc_column][\/vc_row][vc_row][vc_column width=\u00a0\u00bb1\/2&Prime; el_class=\u00a0\u00bbshadow\u00a0\u00bb][tm_spacer size=\u00a0\u00bblg:30&Prime;][vc_column_text] REMPLIR INT\u00c9GRALEMENT LE FORMULAIRE [\/vc_column_text][tm_spacer size=\u00a0\u00bblg:30&Prime;][tm_contact_form_7 id=\u00a0\u00bb27104&Prime;][tm_spacer size=\u00a0\u00bblg:30&Prime;][\/vc_column][vc_column width=\u00a0\u00bb1\/2&Prime;][tm_spacer size=\u00a0\u00bblg:50&Prime;][vc_column_text] La transparence, la rapidit\u00e9, l&rsquo;efficacit\u00e9 de l&rsquo;assistance de MORETTIDESIGN passent avant tout par une bonne organisation. A cette fin, nous vous recommandons de contacter directement votre installateur si vous d\u00e9sirez : Des informations sur les fonctions de votre appareil ou des conseils techniques. Effectuer des interventions techniques en garantie ou hors garantie Commander des pi\u00e8ces d\u00e9tach\u00e9es Contr\u00f4ler votre installation &#8230; Nous attirons votre attention sur le fait que c&rsquo;est votre installateur qui connait le mieux votre installation et\u00a0 les normes en vigueur. C&rsquo;est d&rsquo;ailleurs lui qui a la responsabilit\u00e9 de votre installation, c&rsquo;est aussi \u00e0 lui que vous avez expliqu\u00e9 vos attentes et c&rsquo;est aussi lui qui dans le cadre de son devoir de conseil, vous a aid\u00e9 \u00e0 finaliser votre projet. C&rsquo;est pour toutes ces raisons qu&rsquo;il doit \u00eatre votre interlocuteur privil\u00e9gi\u00e9. Vous pouvez aussi cliquer sur l&rsquo;onglet \u00ab boutique \u00bb de notre site morettidesign.it\/fr afin de trouver l&rsquo;un de nos partenaires le plus proche de chez vous. Si vous d\u00e9sirez un manuel utilisateur de l&rsquo;un de nos produits cliqu\u00e9s sur l&rsquo;onglet \u00ab collection \u00bb de notre site afin de t\u00e9l\u00e9charger le document souhait\u00e9 qui se trouvera sous la photo du po\u00eale choisi. [\/vc_column_text][tm_spacer size=\u00a0\u00bblg:50&Prime;][vc_column_text] ATTENTION Si vous n&rsquo;avez pas trouv\u00e9 ici d&rsquo;\u00e9l\u00e9ment de r\u00e9ponse, merci de remplir le formulaire suivant de fa\u00e7on compl\u00e8te et pr\u00e9cise en envoyant si besoin facture d&rsquo;achat, facture d&rsquo;entretien, photos, ou tous documents aidant \u00e0 la compr\u00e9hension. Nos techniciens vous r\u00e9pondront rapidement avec plaisir. Attention les produits achet\u00e9s sur internet et en dehors du r\u00e9seau officiel de distribution du pays ne b\u00e9n\u00e9ficient pas de garantie. [\/vc_column_text][\/vc_column][\/vc_row]","protected":false},"author":1,"featured_media":0,"parent":0,"menu_order":15,"comment_status":"closed","ping_status":"closed","template":"","meta":{"_glsr_average":0,"_glsr_ranking":0,"_glsr_reviews":0,"footnotes":""},"class_list":["post-27101","page","type-page","status-publish","hentry"],"yoast_head":"<!-- This site is optimized with the Yoast SEO plugin v23.5 - https:\/\/yoast.com\/wordpress\/plugins\/seo\/ -->\n<title>Assistance - Moretti Design<\/title>\n<meta name=\"description\" content=\"Formulaire de contact pour faire appel \u00e0 l&#039;assistance Moretti Design si le contact avec le distributeur local n&#039;est pas possible.\" \/>\n<meta name=\"robots\" content=\"index, follow, max-snippet:-1, max-image-preview:large, max-video-preview:-1\" \/>\n<link rel=\"canonical\" href=\"https:\/\/morettidesign.it\/fr\/assistance\/\" \/>\n<meta property=\"og:locale\" content=\"fr_FR\" \/>\n<meta property=\"og:type\" content=\"article\" \/>\n<meta property=\"og:title\" content=\"Assistance - Moretti Design\" \/>\n<meta property=\"og:description\" content=\"Formulaire de contact pour faire appel \u00e0 l&#039;assistance Moretti Design si le contact avec le distributeur local n&#039;est pas possible.\" \/>\n<meta property=\"og:url\" content=\"https:\/\/morettidesign.it\/fr\/assistance\/\" \/>\n<meta property=\"og:site_name\" content=\"Moretti Design\" \/>\n<meta property=\"article:modified_time\" content=\"2021-09-14T22:53:32+00:00\" \/>\n<meta name=\"twitter:card\" content=\"summary_large_image\" \/>\n<meta name=\"twitter:title\" content=\"-1349\" \/>\n<meta name=\"twitter:description\" content=\"90\" \/>\n<meta name=\"twitter:image\" content=\"http:\/\/false\" \/>\n<meta name=\"twitter:label1\" content=\"Dur\u00e9e de lecture estim\u00e9e\" \/>\n\t<meta name=\"twitter:data1\" content=\"2 minutes\" \/>\n<script type=\"application\/ld+json\" class=\"yoast-schema-graph\">{\"@context\":\"https:\/\/schema.org\",\"@graph\":[{\"@type\":\"WebPage\",\"@id\":\"https:\/\/morettidesign.it\/fr\/assistance\/\",\"url\":\"https:\/\/morettidesign.it\/fr\/assistance\/\",\"name\":\"Assistance - Moretti Design\",\"isPartOf\":{\"@id\":\"https:\/\/morettidesign.it\/#website\"},\"datePublished\":\"2020-09-03T13:34:44+00:00\",\"dateModified\":\"2021-09-14T22:53:32+00:00\",\"description\":\"Formulaire de contact pour faire appel \u00e0 l'assistance Moretti Design si le contact avec le distributeur local n'est pas possible.\",\"breadcrumb\":{\"@id\":\"https:\/\/morettidesign.it\/fr\/assistance\/#breadcrumb\"},\"inLanguage\":\"fr-FR\",\"potentialAction\":[{\"@type\":\"ReadAction\",\"target\":[\"https:\/\/morettidesign.it\/fr\/assistance\/\"]}]},{\"@type\":\"BreadcrumbList\",\"@id\":\"https:\/\/morettidesign.it\/fr\/assistance\/#breadcrumb\",\"itemListElement\":[{\"@type\":\"ListItem\",\"position\":1,\"name\":\"Home\",\"item\":\"https:\/\/morettidesign.it\/fr\/\"},{\"@type\":\"ListItem\",\"position\":2,\"name\":\"Assistance\"}]},{\"@type\":\"WebSite\",\"@id\":\"https:\/\/morettidesign.it\/#website\",\"url\":\"https:\/\/morettidesign.it\/\",\"name\":\"Moretti Design\",\"description\":\"Stufe a pellet e legna\",\"potentialAction\":[{\"@type\":\"SearchAction\",\"target\":{\"@type\":\"EntryPoint\",\"urlTemplate\":\"https:\/\/morettidesign.it\/?s={search_term_string}\"},\"query-input\":{\"@type\":\"PropertyValueSpecification\",\"valueRequired\":true,\"valueName\":\"search_term_string\"}}],\"inLanguage\":\"fr-FR\"}]}<\/script>\n<!-- \/ Yoast SEO plugin. -->","yoast_head_json":{"title":"Assistance - Moretti Design","description":"Formulaire de contact pour faire appel \u00e0 l'assistance Moretti Design si le contact avec le distributeur local n'est pas possible.","robots":{"index":"index","follow":"follow","max-snippet":"max-snippet:-1","max-image-preview":"max-image-preview:large","max-video-preview":"max-video-preview:-1"},"canonical":"https:\/\/morettidesign.it\/fr\/assistance\/","og_locale":"fr_FR","og_type":"article","og_title":"Assistance - Moretti Design","og_description":"Formulaire de contact pour faire appel \u00e0 l'assistance Moretti Design si le contact avec le distributeur local n'est pas possible.","og_url":"https:\/\/morettidesign.it\/fr\/assistance\/","og_site_name":"Moretti Design","article_modified_time":"2021-09-14T22:53:32+00:00","twitter_card":"summary_large_image","twitter_title":"-1349","twitter_description":"90","twitter_image":"false","twitter_misc":{"Dur\u00e9e de lecture estim\u00e9e":"2 minutes"},"schema":{"@context":"https:\/\/schema.org","@graph":[{"@type":"WebPage","@id":"https:\/\/morettidesign.it\/fr\/assistance\/","url":"https:\/\/morettidesign.it\/fr\/assistance\/","name":"Assistance - Moretti Design","isPartOf":{"@id":"https:\/\/morettidesign.it\/#website"},"datePublished":"2020-09-03T13:34:44+00:00","dateModified":"2021-09-14T22:53:32+00:00","description":"Formulaire de contact pour faire appel \u00e0 l'assistance Moretti Design si le contact avec le distributeur local n'est pas possible.","breadcrumb":{"@id":"https:\/\/morettidesign.it\/fr\/assistance\/#breadcrumb"},"inLanguage":"fr-FR","potentialAction":[{"@type":"ReadAction","target":["https:\/\/morettidesign.it\/fr\/assistance\/"]}]},{"@type":"BreadcrumbList","@id":"https:\/\/morettidesign.it\/fr\/assistance\/#breadcrumb","itemListElement":[{"@type":"ListItem","position":1,"name":"Home","item":"https:\/\/morettidesign.it\/fr\/"},{"@type":"ListItem","position":2,"name":"Assistance"}]},{"@type":"WebSite","@id":"https:\/\/morettidesign.it\/#website","url":"https:\/\/morettidesign.it\/","name":"Moretti Design","description":"Stufe a pellet e legna","potentialAction":[{"@type":"SearchAction","target":{"@type":"EntryPoint","urlTemplate":"https:\/\/morettidesign.it\/?s={search_term_string}"},"query-input":{"@type":"PropertyValueSpecification","valueRequired":true,"valueName":"search_term_string"}}],"inLanguage":"fr-FR"}]}},"_links":{"self":[{"href":"https:\/\/morettidesign.it\/fr\/wp-json\/wp\/v2\/pages\/27101"}],"collection":[{"href":"https:\/\/morettidesign.it\/fr\/wp-json\/wp\/v2\/pages"}],"about":[{"href":"https:\/\/morettidesign.it\/fr\/wp-json\/wp\/v2\/types\/page"}],"author":[{"embeddable":true,"href":"https:\/\/morettidesign.it\/fr\/wp-json\/wp\/v2\/users\/1"}],"replies":[{"embeddable":true,"href":"https:\/\/morettidesign.it\/fr\/wp-json\/wp\/v2\/comments?post=27101"}],"version-history":[{"count":0,"href":"https:\/\/morettidesign.it\/fr\/wp-json\/wp\/v2\/pages\/27101\/revisions"}],"wp:attachment":[{"href":"https:\/\/morettidesign.it\/fr\/wp-json\/wp\/v2\/media?parent=27101"}],"curies":[{"name":"wp","href":"https:\/\/api.w.org\/{rel}","templated":true}]}}