{"id":27107,"date":"2020-09-03T15:36:30","date_gmt":"2020-09-03T13:36:30","guid":{"rendered":"http:\/\/www.morettidesign.it\/?page_id=27107"},"modified":"2020-10-08T15:06:28","modified_gmt":"2020-10-08T13:06:28","slug":"enregistrer-le-produit","status":"publish","type":"page","link":"https:\/\/morettidesign.it\/fr\/enregistrer-le-produit\/","title":{"rendered":"Enregistrer le produit"},"content":{"rendered":"<p>[vc_row][vc_column][vc_column_text]<\/p>\n<p style=\"text-align: center;\"><span style=\"font-size: 28px;\">Merci d&rsquo;avoir choisi un produit Moretti Design.<\/span><br \/>\n<span style=\"font-size: 18px;\">Enregistrez votre po\u00eale ou votre chaudi\u00e8re pour b\u00e9n\u00e9ficier de tous les services associ\u00e9s, tels que l&rsquo;assistance technique, la communication sur les derni\u00e8res actualit\u00e9s de notre Atelier et des conseils d&rsquo;experts pour un bon entretien dans le temps.<\/span><\/p>\n<p>[\/vc_column_text][tm_spacer size=\u00a0\u00bblg:50&Prime;][\/vc_column][\/vc_row][vc_row][vc_column width=\u00a0\u00bb1\/4&Prime;][\/vc_column][vc_column width=\u00a0\u00bb1\/2&Prime; el_class=\u00a0\u00bbshadow\u00a0\u00bb][tm_contact_form_7 id=\u00a0\u00bb27109&Prime;][\/vc_column][vc_column width=\u00a0\u00bb1\/4&Prime;][\/vc_column][\/vc_row]<\/p>\n","protected":false},"excerpt":{"rendered":"[vc_row][vc_column][vc_column_text] Merci d&rsquo;avoir choisi un produit Moretti Design. Enregistrez votre po\u00eale ou votre chaudi\u00e8re pour b\u00e9n\u00e9ficier de tous les services associ\u00e9s, tels que l&rsquo;assistance technique, la communication sur les derni\u00e8res actualit\u00e9s de notre Atelier et des conseils d&rsquo;experts pour un bon entretien dans le temps. [\/vc_column_text][tm_spacer size=\u00a0\u00bblg:50&Prime;][\/vc_column][\/vc_row][vc_row][vc_column width=\u00a0\u00bb1\/4&Prime;][\/vc_column][vc_column width=\u00a0\u00bb1\/2&Prime; el_class=\u00a0\u00bbshadow\u00a0\u00bb][tm_contact_form_7 id=\u00a0\u00bb27109&Prime;][\/vc_column][vc_column width=\u00a0\u00bb1\/4&Prime;][\/vc_column][\/vc_row]","protected":false},"author":1,"featured_media":0,"parent":0,"menu_order":14,"comment_status":"closed","ping_status":"closed","template":"","meta":{"_glsr_average":0,"_glsr_ranking":0,"_glsr_reviews":0,"footnotes":""},"class_list":["post-27107","page","type-page","status-publish","hentry"],"yoast_head":"<!-- This site is optimized with the Yoast SEO plugin v23.5 - https:\/\/yoast.com\/wordpress\/plugins\/seo\/ -->\n<title>Enregistrer le produit - Moretti Design<\/title>\n<meta name=\"robots\" content=\"index, follow, max-snippet:-1, max-image-preview:large, max-video-preview:-1\" \/>\n<link rel=\"canonical\" href=\"https:\/\/morettidesign.it\/fr\/enregistrer-le-produit\/\" \/>\n<meta property=\"og:locale\" content=\"fr_FR\" \/>\n<meta property=\"og:type\" content=\"article\" \/>\n<meta property=\"og:title\" content=\"Enregistrer le produit - Moretti Design\" \/>\n<meta property=\"og:description\" content=\"[vc_row][vc_column][vc_column_text] Merci d&rsquo;avoir choisi un produit Moretti Design. Enregistrez votre po\u00eale ou votre chaudi\u00e8re pour b\u00e9n\u00e9ficier de tous les services associ\u00e9s, tels que l&rsquo;assistance technique, la communication sur les derni\u00e8res actualit\u00e9s de notre Atelier et des conseils d&rsquo;experts pour un bon entretien dans le temps. [\/vc_column_text][tm_spacer size=\u00a0\u00bblg:50&Prime;][\/vc_column][\/vc_row][vc_row][vc_column width=\u00a0\u00bb1\/4&Prime;][\/vc_column][vc_column width=\u00a0\u00bb1\/2&Prime; el_class=\u00a0\u00bbshadow\u00a0\u00bb][tm_contact_form_7 id=\u00a0\u00bb27109&Prime;][\/vc_column][vc_column width=\u00a0\u00bb1\/4&Prime;][\/vc_column][\/vc_row]\" \/>\n<meta property=\"og:url\" content=\"https:\/\/morettidesign.it\/fr\/enregistrer-le-produit\/\" \/>\n<meta property=\"og:site_name\" content=\"Moretti Design\" \/>\n<meta property=\"article:modified_time\" content=\"2020-10-08T13:06:28+00:00\" \/>\n<meta name=\"twitter:card\" content=\"summary_large_image\" \/>\n<script type=\"application\/ld+json\" class=\"yoast-schema-graph\">{\"@context\":\"https:\/\/schema.org\",\"@graph\":[{\"@type\":\"WebPage\",\"@id\":\"https:\/\/morettidesign.it\/fr\/enregistrer-le-produit\/\",\"url\":\"https:\/\/morettidesign.it\/fr\/enregistrer-le-produit\/\",\"name\":\"Enregistrer le produit - Moretti Design\",\"isPartOf\":{\"@id\":\"https:\/\/morettidesign.it\/#website\"},\"datePublished\":\"2020-09-03T13:36:30+00:00\",\"dateModified\":\"2020-10-08T13:06:28+00:00\",\"breadcrumb\":{\"@id\":\"https:\/\/morettidesign.it\/fr\/enregistrer-le-produit\/#breadcrumb\"},\"inLanguage\":\"fr-FR\",\"potentialAction\":[{\"@type\":\"ReadAction\",\"target\":[\"https:\/\/morettidesign.it\/fr\/enregistrer-le-produit\/\"]}]},{\"@type\":\"BreadcrumbList\",\"@id\":\"https:\/\/morettidesign.it\/fr\/enregistrer-le-produit\/#breadcrumb\",\"itemListElement\":[{\"@type\":\"ListItem\",\"position\":1,\"name\":\"Home\",\"item\":\"https:\/\/morettidesign.it\/fr\/\"},{\"@type\":\"ListItem\",\"position\":2,\"name\":\"Enregistrer le produit\"}]},{\"@type\":\"WebSite\",\"@id\":\"https:\/\/morettidesign.it\/#website\",\"url\":\"https:\/\/morettidesign.it\/\",\"name\":\"Moretti Design\",\"description\":\"Stufe a pellet e legna\",\"potentialAction\":[{\"@type\":\"SearchAction\",\"target\":{\"@type\":\"EntryPoint\",\"urlTemplate\":\"https:\/\/morettidesign.it\/?s={search_term_string}\"},\"query-input\":{\"@type\":\"PropertyValueSpecification\",\"valueRequired\":true,\"valueName\":\"search_term_string\"}}],\"inLanguage\":\"fr-FR\"}]}<\/script>\n<!-- \/ Yoast SEO plugin. -->","yoast_head_json":{"title":"Enregistrer le produit - Moretti Design","robots":{"index":"index","follow":"follow","max-snippet":"max-snippet:-1","max-image-preview":"max-image-preview:large","max-video-preview":"max-video-preview:-1"},"canonical":"https:\/\/morettidesign.it\/fr\/enregistrer-le-produit\/","og_locale":"fr_FR","og_type":"article","og_title":"Enregistrer le produit - Moretti Design","og_description":"[vc_row][vc_column][vc_column_text] Merci d&rsquo;avoir choisi un produit Moretti Design. Enregistrez votre po\u00eale ou votre chaudi\u00e8re pour b\u00e9n\u00e9ficier de tous les services associ\u00e9s, tels que l&rsquo;assistance technique, la communication sur les derni\u00e8res actualit\u00e9s de notre Atelier et des conseils d&rsquo;experts pour un bon entretien dans le temps. [\/vc_column_text][tm_spacer size=\u00a0\u00bblg:50&Prime;][\/vc_column][\/vc_row][vc_row][vc_column width=\u00a0\u00bb1\/4&Prime;][\/vc_column][vc_column width=\u00a0\u00bb1\/2&Prime; el_class=\u00a0\u00bbshadow\u00a0\u00bb][tm_contact_form_7 id=\u00a0\u00bb27109&Prime;][\/vc_column][vc_column width=\u00a0\u00bb1\/4&Prime;][\/vc_column][\/vc_row]","og_url":"https:\/\/morettidesign.it\/fr\/enregistrer-le-produit\/","og_site_name":"Moretti Design","article_modified_time":"2020-10-08T13:06:28+00:00","twitter_card":"summary_large_image","schema":{"@context":"https:\/\/schema.org","@graph":[{"@type":"WebPage","@id":"https:\/\/morettidesign.it\/fr\/enregistrer-le-produit\/","url":"https:\/\/morettidesign.it\/fr\/enregistrer-le-produit\/","name":"Enregistrer le produit - Moretti Design","isPartOf":{"@id":"https:\/\/morettidesign.it\/#website"},"datePublished":"2020-09-03T13:36:30+00:00","dateModified":"2020-10-08T13:06:28+00:00","breadcrumb":{"@id":"https:\/\/morettidesign.it\/fr\/enregistrer-le-produit\/#breadcrumb"},"inLanguage":"fr-FR","potentialAction":[{"@type":"ReadAction","target":["https:\/\/morettidesign.it\/fr\/enregistrer-le-produit\/"]}]},{"@type":"BreadcrumbList","@id":"https:\/\/morettidesign.it\/fr\/enregistrer-le-produit\/#breadcrumb","itemListElement":[{"@type":"ListItem","position":1,"name":"Home","item":"https:\/\/morettidesign.it\/fr\/"},{"@type":"ListItem","position":2,"name":"Enregistrer le produit"}]},{"@type":"WebSite","@id":"https:\/\/morettidesign.it\/#website","url":"https:\/\/morettidesign.it\/","name":"Moretti Design","description":"Stufe a pellet e legna","potentialAction":[{"@type":"SearchAction","target":{"@type":"EntryPoint","urlTemplate":"https:\/\/morettidesign.it\/?s={search_term_string}"},"query-input":{"@type":"PropertyValueSpecification","valueRequired":true,"valueName":"search_term_string"}}],"inLanguage":"fr-FR"}]}},"_links":{"self":[{"href":"https:\/\/morettidesign.it\/fr\/wp-json\/wp\/v2\/pages\/27107"}],"collection":[{"href":"https:\/\/morettidesign.it\/fr\/wp-json\/wp\/v2\/pages"}],"about":[{"href":"https:\/\/morettidesign.it\/fr\/wp-json\/wp\/v2\/types\/page"}],"author":[{"embeddable":true,"href":"https:\/\/morettidesign.it\/fr\/wp-json\/wp\/v2\/users\/1"}],"replies":[{"embeddable":true,"href":"https:\/\/morettidesign.it\/fr\/wp-json\/wp\/v2\/comments?post=27107"}],"version-history":[{"count":0,"href":"https:\/\/morettidesign.it\/fr\/wp-json\/wp\/v2\/pages\/27107\/revisions"}],"wp:attachment":[{"href":"https:\/\/morettidesign.it\/fr\/wp-json\/wp\/v2\/media?parent=27107"}],"curies":[{"name":"wp","href":"https:\/\/api.w.org\/{rel}","templated":true}]}}