{"id":27112,"date":"2020-09-03T15:38:57","date_gmt":"2020-09-03T13:38:57","guid":{"rendered":"http:\/\/www.morettidesign.it\/?page_id=27112"},"modified":"2024-12-02T09:31:01","modified_gmt":"2024-12-02T08:31:01","slug":"contact","status":"publish","type":"page","link":"https:\/\/morettidesign.it\/fr\/contact\/","title":{"rendered":"Contacts"},"content":{"rendered":"<p>[vc_row][vc_column][vc_column_text]<\/p>\n<h2 style=\"text-align: center; color: #8e4628;\"><strong>CONTACTEZ-NOUS<\/strong><\/h2>\n<p>[\/vc_column_text][tm_spacer size=\u00a0\u00bblg:30&Prime;][vc_column_text]<\/p>\n<p style=\"text-align: center; font-size: 20px;\">Pour plus d&rsquo;informations sur Moretti, sa gamme produits et pour toutes demandes commerciales ou techniques, remplissez le formulaire ci-dessous. Notre \u00e9quipe r\u00e9pondra \u00e0 votre demande le plus rapidement possible.<\/p>\n<p>[\/vc_column_text][tm_spacer size=\u00a0\u00bblg:30&Prime;][tm_contact_form_7 id=\u00a0\u00bb27114&Prime;][\/vc_column][\/vc_row][vc_row background_color=\u00a0\u00bbcustom\u00a0\u00bb cms_row_transform=\u00a0\u00bbtrue\u00a0\u00bb css=\u00a0\u00bb.vc_custom_1493796087937{margin-top: -15px !important;background-color: #ffffff !important;}\u00a0\u00bb][vc_column font_size_col=\u00a0\u00bb16px\u00a0\u00bb font_weight_col=\u00a0\u00bb700&Prime; css=\u00a0\u00bb.vc_custom_1441944181757{margin-bottom: 40px !important;}\u00a0\u00bb font_color=\u00a0\u00bb#333333&Prime;][tm_spacer size=\u00a0\u00bblg:50&Prime;][vc_row_inner][vc_column_inner el_class=\u00a0\u00bbbox\u00a0\u00bb width=\u00a0\u00bb1\/4&Prime; offset=\u00a0\u00bbvc_hidden-md vc_hidden-sm\u00a0\u00bb][vc_column_text]<span style=\"text-align: center; font-size: 18px; color: #8e4628;\"><strong>ITALIE<\/strong><\/span><br \/>\n<span style=\"text-align: center; font-size: 14px;\"><i class=\"fa fa-map-marker-alt\" style=\"color: #8e4628;\"><\/i> Contrada Tesino 50\/51 63065 RIPATRANSONE (AP)<br \/>\n<i class=\"fas fa-phone\" style=\"color: #8e4628;\"><\/i> 0735 90444<br \/>\n<i class=\"far fa-envelope\" style=\"color: #8e4628;\"><\/i> info@morettidesign.it<\/span>[\/vc_column_text][\/vc_column_inner][vc_column_inner el_class=\u00a0\u00bbbox\u00a0\u00bb width=\u00a0\u00bb1\/4&Prime; offset=\u00a0\u00bbvc_hidden-md vc_hidden-sm\u00a0\u00bb][vc_column_text]<span style=\"text-align: center; font-size: 18px; color: #8e4628;\"><strong>ESPAGNE<\/strong><\/span><br \/>\n<span style=\"text-align: center; font-size: 14px;\"><i class=\"fa fa-map-marker-alt\" style=\"color: #8e4628;\"><\/i> Satis Energ\u00edas Renovables S.L. \u2013 Avenida Cantabria 9 \u2013 bajo \u2013 09004 &#8211; BURGOS<br \/>\n<i class=\"fas fa-phone\" style=\"color: #8e4628;\"><\/i> +34 657 818 599<br \/>\n<i class=\"far fa-envelope\" style=\"color: #8e4628;\"><\/i> satisrenovables@satisrenovables.com<\/span>[\/vc_column_text][\/vc_column_inner][vc_column_inner el_class=\u00a0\u00bbbox\u00a0\u00bb width=\u00a0\u00bb1\/4&Prime; offset=\u00a0\u00bbvc_hidden-md vc_hidden-sm\u00a0\u00bb][vc_column_text]<span style=\"text-align: center; font-size: 18px; color: #8e4628;\"><strong>FRANCIA<\/strong><\/span><br \/>\n<span style=\"text-align: center; font-size: 14px;\"><i class=\"fa fa-map-marker-alt\" style=\"color: #8e4628;\"><\/i> Jacques Pipard Distribution<br \/>\n<i class=\"far fa-envelope\" style=\"color: #8e4628;\"><\/i> j.pipard@morettidesign.it<\/span>[\/vc_column_text][\/vc_column_inner][vc_column_inner el_class=\u00a0\u00bbbox\u00a0\u00bb width=\u00a0\u00bb1\/4&Prime; offset=\u00a0\u00bbvc_hidden-md vc_hidden-sm\u00a0\u00bb][vc_column_text]<span style=\"text-align: center; font-size: 18px; color: #8e4628;\"><strong>ALLEMAGNE<\/strong><\/span><br \/>\n<span style=\"text-align: center; font-size: 14px;\"><i class=\"fa fa-map-marker-alt\" style=\"color: #8e4628;\"><\/i> Glonner Strasse 15 85640 Putzbrunn \/ M\u00fcnchen<br \/>\n<i class=\"fas fa-phone\" style=\"color: #8e4628;\"><\/i> 089-39298879<br \/>\n<i class=\"far fa-envelope\" style=\"color: #8e4628;\"><\/i> info@schwedenfeuer.online<\/span>[\/vc_column_text][\/vc_column_inner][\/vc_row_inner][vc_row_inner][vc_column_inner width=\u00a0\u00bb1\/2&Prime; offset=\u00a0\u00bbvc_hidden-lg vc_hidden-xs\u00a0\u00bb][vc_column_text el_class=\u00a0\u00bbbox\u00a0\u00bb]<span style=\"text-align: center; font-size: 18px; color: #8e4628;\"><strong>ITALIE<\/strong><\/span><br \/>\n<span style=\"text-align: center; font-size: 14px;\"><i class=\"fa fa-map-marker-alt\" style=\"color: #8e4628;\"><\/i> Contrada Tesino 50\/51 63065 RIPATRANSONE (AP)<br \/>\n<i class=\"fas fa-phone\" style=\"color: #8e4628;\"><\/i> 0735 90444<br \/>\n<i class=\"far fa-envelope\" style=\"color: #8e4628;\"><\/i> info@morettidesign.it<\/span>[\/vc_column_text][tm_spacer size=\u00a0\u00bblg:20&Prime;][vc_column_text]<span style=\"text-align: center; font-size: 18px; color: #8e4628;\"><strong>ESPAGNE<\/strong><\/span><br \/>\n<span style=\"text-align: center; font-size: 14px;\"><i class=\"fa fa-map-marker-alt\" style=\"color: #8e4628;\"><\/i> Satis Energ\u00edas Renovables S.L. \u2013 Avenida Cantabria 9 \u2013 bajo \u2013 09004 &#8211; BURGOS<br \/>\n<i class=\"fas fa-phone\" style=\"color: #8e4628;\"><\/i> +34 657 818 599<br \/>\n<i class=\"far fa-envelope\" style=\"color: #8e4628;\"><\/i> satisrenovables@satisrenovables.com<\/span>[\/vc_column_text][\/vc_column_inner][vc_column_inner width=\u00a0\u00bb1\/2&Prime; offset=\u00a0\u00bbvc_hidden-lg vc_hidden-xs\u00a0\u00bb][vc_column_text el_class=\u00a0\u00bbbox\u00a0\u00bb]<span style=\"text-align: center; font-size: 18px; color: #8e4628;\"><strong>FRANCE<\/strong><\/span><br \/>\n<span style=\"text-align: center; font-size: 14px;\"><i class=\"fa fa-map-marker-alt\" style=\"color: #8e4628;\"><\/i> Jacques Pipard Distribution &#8211; 315 Route de Nyons, 26110 les Pilles<br \/>\n<i class=\"far fa-envelope\" style=\"color: #8e4628;\"><\/i> j.pipard@morettidesign.it<\/span>[\/vc_column_text][tm_spacer size=\u00a0\u00bblg:20&Prime;][vc_column_text]<span style=\"text-align: center; font-size: 18px; color: #8e4628;\"><strong>ALLEMAGNE<\/strong><\/span><br \/>\n<span style=\"text-align: center; font-size: 14px;\"><i class=\"fa fa-map-marker-alt\" style=\"color: #8e4628;\"><\/i> Glonner Strasse 15 85640 Putzbrunn \/ M\u00fcnchen<br \/>\n<i class=\"fas fa-phone\" style=\"color: #8e4628;\"><\/i> 089-39298879<br \/>\n<i class=\"far fa-envelope\" style=\"color: #8e4628;\"><\/i> info@schwedenfeuer.online<\/span>[\/vc_column_text][\/vc_column_inner][\/vc_row_inner][tm_spacer size=\u00a0\u00bblg:50&Prime;][vc_row_inner][vc_column_inner el_class=\u00a0\u00bbbox\u00a0\u00bb width=\u00a0\u00bb1\/4&Prime; offset=\u00a0\u00bbvc_hidden-md vc_hidden-sm\u00a0\u00bb][vc_column_text]<span style=\"text-align: center; font-size: 18px; color: #8e4628;\"><strong>LE PORTUGAL<\/strong><\/span><br \/>\n<span style=\"text-align: center; font-size: 14px;\"><i class=\"fa fa-map-marker-alt\" style=\"color: #8e4628;\"><\/i> C&amp;A CHAMA Lda &#8211; Rua da Lagoa, Lote 10, Zona Industrial de Oi\u00e3 &#8211; 3770-068 &#8211; Oi\u00e3<br \/>\n<i class=\"fas fa-phone\" style=\"color: #8e4628;\"><\/i> +351 231027960<br \/>\n<i class=\"far fa-envelope\" style=\"color: #8e4628;\"><\/i> geral@cea-chama.com<\/span><\/p>\n<p>[\/vc_column_text][\/vc_column_inner][vc_column_inner el_class=\u00a0\u00bbbox\u00a0\u00bb width=\u00a0\u00bb1\/4&Prime; offset=\u00a0\u00bbvc_hidden-md vc_hidden-sm\u00a0\u00bb][vc_column_text]<span style=\"text-align: center; font-size: 18px; color: #8e4628;\"><strong>HOLLANDE<\/strong><\/span><br \/>\n<span style=\"text-align: center; font-size: 14px;\"><i class=\"fa fa-map-marker-alt\" style=\"color: #8e4628;\"><\/i> Industrieweg 10\/A &#8211; 8071 TC NUNSPEET<\/span>[\/vc_column_text][\/vc_column_inner][vc_column_inner el_class=\u00a0\u00bbbox\u00a0\u00bb width=\u00a0\u00bb1\/4&Prime; offset=\u00a0\u00bbvc_hidden-md vc_hidden-sm\u00a0\u00bb][vc_column_text]<span style=\"text-align: center; font-size: 18px; color: #8e4628;\"><strong>L&rsquo;AUTRICHE<\/strong><\/span><br \/>\n<span style=\"text-align: center; font-size: 14px;\"><i class=\"fa fa-map-marker-alt\" style=\"color: #8e4628;\"><\/i> Feuer.Statt &#8211; Moosstra\u00dfe 3b \u2013 5230 Mattighofen<br \/>\n<i class=\"fas fa-phone\" style=\"color: #8e4628;\"><\/i> +43 7742 2641 +43 676 455 56 71<br \/>\n<i class=\"far fa-envelope\" style=\"color: #8e4628;\"><\/i> info@feuerstatt.at<\/span>[\/vc_column_text][\/vc_column_inner][vc_column_inner el_class=\u00a0\u00bbbox\u00a0\u00bb width=\u00a0\u00bb1\/4&Prime; offset=\u00a0\u00bbvc_hidden-md vc_hidden-sm\u00a0\u00bb][vc_column_text]<span style=\"text-align: center; font-size: 18px; color: #8e4628;\"><strong>SERBIE<\/strong><\/span><br \/>\n<span style=\"text-align: center; font-size: 14px;\"><i class=\"fa fa-map-marker-alt\" style=\"color: #8e4628;\"><\/i> \u00a0Kneza Mihaila 34\/II &#8211; 11000 Belgrado (Stari Grad)<br \/>\n<i class=\"fas fa-phone\" style=\"color: #8e4628;\"><\/i> +381 64 89 99985<br \/>\n<i class=\"far fa-envelope\" style=\"color: #8e4628;\"><\/i> Info@ludwig.rs<\/span>[\/vc_column_text][\/vc_column_inner][\/vc_row_inner][vc_row_inner][vc_column_inner width=\u00a0\u00bb1\/2&Prime; offset=\u00a0\u00bbvc_hidden-lg vc_hidden-xs\u00a0\u00bb][vc_column_text]<span style=\"text-align: center; font-size: 18px; color: #8e4628;\"><strong>LE PORTUGAL<\/strong><\/span><br \/>\n<span style=\"text-align: center; font-size: 14px;\"><i class=\"fa fa-map-marker-alt\" style=\"color: #8e4628;\"><\/i> C&amp;A CHAMA Lda &#8211; Rua da Lagoa, Lote 10, Zona Industrial de Oi\u00e3 &#8211; 3770-068 &#8211; Oi\u00e3<br \/>\n<i class=\"fas fa-phone\" style=\"color: #8e4628;\"><\/i> +351 231027960<br \/>\n<i class=\"far fa-envelope\" style=\"color: #8e4628;\"><\/i> geral@cea-chama.com<\/span>[\/vc_column_text][tm_spacer size=\u00a0\u00bblg:20&Prime;][vc_column_text]<span style=\"text-align: center; font-size: 18px; color: #8e4628;\"><strong>HOLLANDE<\/strong><\/span><br \/>\n<span style=\"text-align: center; font-size: 14px;\"><i class=\"fa fa-map-marker-alt\" style=\"color: #8e4628;\"><\/i> Industrieweg 10\/A &#8211; 8071 TC NUNSPEET<\/span>[\/vc_column_text][\/vc_column_inner][vc_column_inner width=\u00a0\u00bb1\/2&Prime; offset=\u00a0\u00bbvc_hidden-lg vc_hidden-xs\u00a0\u00bb][vc_column_text]<span style=\"text-align: center; font-size: 18px; color: #8e4628;\"><strong>L&rsquo;AUTRICHE<\/strong><\/span><br \/>\n<span style=\"text-align: center; font-size: 14px;\"><i class=\"fa fa-map-marker-alt\" style=\"color: #8e4628;\"><\/i> Feuer.Statt &#8211; Moosstra\u00dfe 3b \u2013 5230 Mattighofen<br \/>\n<i class=\"fas fa-phone\" style=\"color: #8e4628;\"><\/i> +43 7742 2641 +43 676 455 56 71<br \/>\n<i class=\"far fa-envelope\" style=\"color: #8e4628;\"><\/i> info@feuerstatt.at<\/span>[\/vc_column_text][tm_spacer size=\u00a0\u00bblg:20&Prime;][vc_column_text]<span style=\"text-align: center; font-size: 18px; color: #8e4628;\"><strong>SERBIE<\/strong><\/span><br \/>\n<span style=\"text-align: center; font-size: 14px;\"><i class=\"fa fa-map-marker-alt\" style=\"color: #8e4628;\"><\/i> \u00a0Kneza Mihaila 34\/II &#8211; 11000 Belgrado (Stari Grad)<br \/>\n<i class=\"fas fa-phone\" style=\"color: #8e4628;\"><\/i> +381 64 89 99985<br \/>\n<i class=\"far fa-envelope\" style=\"color: #8e4628;\"><\/i> Info@ludwig.rs<\/span>[\/vc_column_text][\/vc_column_inner][\/vc_row_inner][\/vc_column][\/vc_row][vc_row][vc_column][vc_raw_js]JTNDc2NyaXB0JTIwc3JjJTNEJTIyaHR0cHMlM0ElMkYlMkZraXQuZm9udGF3ZXNvbWUuY29tJTJGZjYyZGJjYzkwZC5qcyUyMiUyMGNyb3Nzb3JpZ2luJTNEJTIyYW5vbnltb3VzJTIyJTNFJTNDJTJGc2NyaXB0JTNF[\/vc_raw_js][\/vc_column][\/vc_row][vc_row][vc_column][vc_column_text][\/vc_column_text][\/vc_column][\/vc_row]<\/p>\n","protected":false},"excerpt":{"rendered":"[vc_row][vc_column][vc_column_text] CONTACTEZ-NOUS [\/vc_column_text][tm_spacer size=\u00a0\u00bblg:30&Prime;][vc_column_text] Pour plus d&rsquo;informations sur Moretti, sa gamme produits et pour toutes demandes commerciales ou techniques, remplissez le formulaire ci-dessous. Notre \u00e9quipe r\u00e9pondra \u00e0 votre demande le plus rapidement possible. [\/vc_column_text][tm_spacer size=\u00a0\u00bblg:30&Prime;][tm_contact_form_7 id=\u00a0\u00bb27114&Prime;][\/vc_column][\/vc_row][vc_row background_color=\u00a0\u00bbcustom\u00a0\u00bb cms_row_transform=\u00a0\u00bbtrue\u00a0\u00bb css=\u00a0\u00bb.vc_custom_1493796087937{margin-top: -15px !important;background-color: #ffffff !important;}\u00a0\u00bb][vc_column font_size_col=\u00a0\u00bb16px\u00a0\u00bb font_weight_col=\u00a0\u00bb700&Prime; css=\u00a0\u00bb.vc_custom_1441944181757{margin-bottom: 40px !important;}\u00a0\u00bb font_color=\u00a0\u00bb#333333&Prime;][tm_spacer size=\u00a0\u00bblg:50&Prime;][vc_row_inner][vc_column_inner el_class=\u00a0\u00bbbox\u00a0\u00bb width=\u00a0\u00bb1\/4&Prime; offset=\u00a0\u00bbvc_hidden-md vc_hidden-sm\u00a0\u00bb][vc_column_text]ITALIE Contrada Tesino 50\/51 63065 RIPATRANSONE (AP) 0735 90444 info@morettidesign.it[\/vc_column_text][\/vc_column_inner][vc_column_inner el_class=\u00a0\u00bbbox\u00a0\u00bb width=\u00a0\u00bb1\/4&Prime; offset=\u00a0\u00bbvc_hidden-md vc_hidden-sm\u00a0\u00bb][vc_column_text]ESPAGNE Satis Energ\u00edas Renovables S.L. \u2013 Avenida Cantabria 9 \u2013 bajo \u2013 09004 &#8211; BURGOS +34 657 818 599 satisrenovables@satisrenovables.com[\/vc_column_text][\/vc_column_inner][vc_column_inner el_class=\u00a0\u00bbbox\u00a0\u00bb width=\u00a0\u00bb1\/4&Prime; offset=\u00a0\u00bbvc_hidden-md vc_hidden-sm\u00a0\u00bb][vc_column_text]FRANCIA Jacques Pipard Distribution j.pipard@morettidesign.it[\/vc_column_text][\/vc_column_inner][vc_column_inner el_class=\u00a0\u00bbbox\u00a0\u00bb width=\u00a0\u00bb1\/4&Prime; offset=\u00a0\u00bbvc_hidden-md vc_hidden-sm\u00a0\u00bb][vc_column_text]ALLEMAGNE Glonner Strasse 15 85640 Putzbrunn \/ M\u00fcnchen 089-39298879 info@schwedenfeuer.online[\/vc_column_text][\/vc_column_inner][\/vc_row_inner][vc_row_inner][vc_column_inner width=\u00a0\u00bb1\/2&Prime; offset=\u00a0\u00bbvc_hidden-lg vc_hidden-xs\u00a0\u00bb][vc_column_text el_class=\u00a0\u00bbbox\u00a0\u00bb]ITALIE Contrada Tesino 50\/51 63065 RIPATRANSONE (AP) 0735 90444 info@morettidesign.it[\/vc_column_text][tm_spacer size=\u00a0\u00bblg:20&Prime;][vc_column_text]ESPAGNE Satis Energ\u00edas Renovables S.L. \u2013 Avenida Cantabria 9 \u2013 bajo \u2013 09004 &#8211; BURGOS +34 657 818 599 satisrenovables@satisrenovables.com[\/vc_column_text][\/vc_column_inner][vc_column_inner width=\u00a0\u00bb1\/2&Prime; offset=\u00a0\u00bbvc_hidden-lg vc_hidden-xs\u00a0\u00bb][vc_column_text el_class=\u00a0\u00bbbox\u00a0\u00bb]FRANCE Jacques Pipard Distribution &#8211; 315 Route de Nyons, 26110 les Pilles j.pipard@morettidesign.it[\/vc_column_text][tm_spacer size=\u00a0\u00bblg:20&Prime;][vc_column_text]ALLEMAGNE Glonner Strasse 15 85640 Putzbrunn \/ M\u00fcnchen 089-39298879 info@schwedenfeuer.online[\/vc_column_text][\/vc_column_inner][\/vc_row_inner][tm_spacer size=\u00a0\u00bblg:50&Prime;][vc_row_inner][vc_column_inner el_class=\u00a0\u00bbbox\u00a0\u00bb width=\u00a0\u00bb1\/4&Prime; offset=\u00a0\u00bbvc_hidden-md vc_hidden-sm\u00a0\u00bb][vc_column_text]LE PORTUGAL C&amp;A CHAMA Lda &#8211; Rua da Lagoa, Lote 10, Zona Industrial de Oi\u00e3 &#8211; 3770-068 &#8211; Oi\u00e3 +351 231027960 geral@cea-chama.com [\/vc_column_text][\/vc_column_inner][vc_column_inner el_class=\u00a0\u00bbbox\u00a0\u00bb width=\u00a0\u00bb1\/4&Prime; offset=\u00a0\u00bbvc_hidden-md vc_hidden-sm\u00a0\u00bb][vc_column_text]HOLLANDE Industrieweg 10\/A &#8211; 8071 TC NUNSPEET[\/vc_column_text][\/vc_column_inner][vc_column_inner el_class=\u00a0\u00bbbox\u00a0\u00bb width=\u00a0\u00bb1\/4&Prime; offset=\u00a0\u00bbvc_hidden-md vc_hidden-sm\u00a0\u00bb][vc_column_text]L&rsquo;AUTRICHE Feuer.Statt &#8211; Moosstra\u00dfe 3b \u2013 5230 Mattighofen +43 7742 2641 +43 676 455 56 71 info@feuerstatt.at[\/vc_column_text][\/vc_column_inner][vc_column_inner el_class=\u00a0\u00bbbox\u00a0\u00bb width=\u00a0\u00bb1\/4&Prime; offset=\u00a0\u00bbvc_hidden-md vc_hidden-sm\u00a0\u00bb][vc_column_text]SERBIE \u00a0Kneza Mihaila 34\/II &#8211; 11000 Belgrado (Stari Grad) +381 64 89 99985 Info@ludwig.rs[\/vc_column_text][\/vc_column_inner][\/vc_row_inner][vc_row_inner][vc_column_inner width=\u00a0\u00bb1\/2&Prime; offset=\u00a0\u00bbvc_hidden-lg vc_hidden-xs\u00a0\u00bb][vc_column_text]LE PORTUGAL C&amp;A CHAMA Lda &#8211; Rua da Lagoa, Lote 10, Zona Industrial de Oi\u00e3 &#8211; 3770-068 &#8211; Oi\u00e3 +351 231027960 geral@cea-chama.com[\/vc_column_text][tm_spacer size=\u00a0\u00bblg:20&Prime;][vc_column_text]HOLLANDE Industrieweg 10\/A &#8211; 8071 TC NUNSPEET[\/vc_column_text][\/vc_column_inner][vc_column_inner width=\u00a0\u00bb1\/2&Prime; offset=\u00a0\u00bbvc_hidden-lg vc_hidden-xs\u00a0\u00bb][vc_column_text]L&rsquo;AUTRICHE Feuer.Statt &#8211; Moosstra\u00dfe 3b \u2013 5230 Mattighofen +43 7742 2641 +43 676 455 56 71 info@feuerstatt.at[\/vc_column_text][tm_spacer size=\u00a0\u00bblg:20&Prime;][vc_column_text]SERBIE \u00a0Kneza Mihaila 34\/II &#8211; 11000 Belgrado (Stari Grad) +381 64 89 99985 Info@ludwig.rs[\/vc_column_text][\/vc_column_inner][\/vc_row_inner][\/vc_column][\/vc_row][vc_row][vc_column][vc_raw_js]JTNDc2NyaXB0JTIwc3JjJTNEJTIyaHR0cHMlM0ElMkYlMkZraXQuZm9udGF3ZXNvbWUuY29tJTJGZjYyZGJjYzkwZC5qcyUyMiUyMGNyb3Nzb3JpZ2luJTNEJTIyYW5vbnltb3VzJTIyJTNFJTNDJTJGc2NyaXB0JTNF[\/vc_raw_js][\/vc_column][\/vc_row][vc_row][vc_column][vc_column_text][\/vc_column_text][\/vc_column][\/vc_row]","protected":false},"author":1,"featured_media":0,"parent":0,"menu_order":13,"comment_status":"closed","ping_status":"closed","template":"","meta":{"_glsr_average":0,"_glsr_ranking":0,"_glsr_reviews":0,"footnotes":""},"class_list":["post-27112","page","type-page","status-publish","hentry"],"yoast_head":"<!-- This site is optimized with the Yoast SEO plugin v23.5 - https:\/\/yoast.com\/wordpress\/plugins\/seo\/ -->\n<title>Contacts - Moretti Design<\/title>\n<meta name=\"description\" content=\"Pour rentrer en contact avec Moretti Design France via le formulaire de contact et nos coordonn\u00e9es en Europe.\" \/>\n<meta name=\"robots\" content=\"index, follow, max-snippet:-1, max-image-preview:large, max-video-preview:-1\" \/>\n<link rel=\"canonical\" href=\"https:\/\/morettidesign.it\/fr\/contact\/\" \/>\n<meta property=\"og:locale\" content=\"fr_FR\" \/>\n<meta property=\"og:type\" content=\"article\" \/>\n<meta property=\"og:title\" content=\"Contacts - Moretti Design\" \/>\n<meta property=\"og:description\" content=\"Pour rentrer en contact avec Moretti Design France via le formulaire de contact et nos coordonn\u00e9es en Europe.\" \/>\n<meta property=\"og:url\" content=\"https:\/\/morettidesign.it\/fr\/contact\/\" \/>\n<meta property=\"og:site_name\" content=\"Moretti Design\" \/>\n<meta property=\"article:modified_time\" content=\"2024-12-02T08:31:01+00:00\" \/>\n<meta name=\"twitter:card\" content=\"summary_large_image\" \/>\n<meta name=\"twitter:label1\" content=\"Dur\u00e9e de lecture estim\u00e9e\" \/>\n\t<meta name=\"twitter:data1\" content=\"2 minutes\" \/>\n<script type=\"application\/ld+json\" class=\"yoast-schema-graph\">{\"@context\":\"https:\/\/schema.org\",\"@graph\":[{\"@type\":\"WebPage\",\"@id\":\"https:\/\/morettidesign.it\/fr\/contact\/\",\"url\":\"https:\/\/morettidesign.it\/fr\/contact\/\",\"name\":\"Contacts - Moretti Design\",\"isPartOf\":{\"@id\":\"https:\/\/morettidesign.it\/#website\"},\"datePublished\":\"2020-09-03T13:38:57+00:00\",\"dateModified\":\"2024-12-02T08:31:01+00:00\",\"description\":\"Pour rentrer en contact avec Moretti Design France via le formulaire de contact et nos coordonn\u00e9es en Europe.\",\"breadcrumb\":{\"@id\":\"https:\/\/morettidesign.it\/fr\/contact\/#breadcrumb\"},\"inLanguage\":\"fr-FR\",\"potentialAction\":[{\"@type\":\"ReadAction\",\"target\":[\"https:\/\/morettidesign.it\/fr\/contact\/\"]}]},{\"@type\":\"BreadcrumbList\",\"@id\":\"https:\/\/morettidesign.it\/fr\/contact\/#breadcrumb\",\"itemListElement\":[{\"@type\":\"ListItem\",\"position\":1,\"name\":\"Home\",\"item\":\"https:\/\/morettidesign.it\/fr\/\"},{\"@type\":\"ListItem\",\"position\":2,\"name\":\"Contacts\"}]},{\"@type\":\"WebSite\",\"@id\":\"https:\/\/morettidesign.it\/#website\",\"url\":\"https:\/\/morettidesign.it\/\",\"name\":\"Moretti Design\",\"description\":\"Stufe a pellet e legna\",\"potentialAction\":[{\"@type\":\"SearchAction\",\"target\":{\"@type\":\"EntryPoint\",\"urlTemplate\":\"https:\/\/morettidesign.it\/?s={search_term_string}\"},\"query-input\":{\"@type\":\"PropertyValueSpecification\",\"valueRequired\":true,\"valueName\":\"search_term_string\"}}],\"inLanguage\":\"fr-FR\"}]}<\/script>\n<!-- \/ Yoast SEO plugin. -->","yoast_head_json":{"title":"Contacts - Moretti Design","description":"Pour rentrer en contact avec Moretti Design France via le formulaire de contact et nos coordonn\u00e9es en Europe.","robots":{"index":"index","follow":"follow","max-snippet":"max-snippet:-1","max-image-preview":"max-image-preview:large","max-video-preview":"max-video-preview:-1"},"canonical":"https:\/\/morettidesign.it\/fr\/contact\/","og_locale":"fr_FR","og_type":"article","og_title":"Contacts - Moretti Design","og_description":"Pour rentrer en contact avec Moretti Design France via le formulaire de contact et nos coordonn\u00e9es en Europe.","og_url":"https:\/\/morettidesign.it\/fr\/contact\/","og_site_name":"Moretti Design","article_modified_time":"2024-12-02T08:31:01+00:00","twitter_card":"summary_large_image","twitter_misc":{"Dur\u00e9e de lecture estim\u00e9e":"2 minutes"},"schema":{"@context":"https:\/\/schema.org","@graph":[{"@type":"WebPage","@id":"https:\/\/morettidesign.it\/fr\/contact\/","url":"https:\/\/morettidesign.it\/fr\/contact\/","name":"Contacts - Moretti Design","isPartOf":{"@id":"https:\/\/morettidesign.it\/#website"},"datePublished":"2020-09-03T13:38:57+00:00","dateModified":"2024-12-02T08:31:01+00:00","description":"Pour rentrer en contact avec Moretti Design France via le formulaire de contact et nos coordonn\u00e9es en Europe.","breadcrumb":{"@id":"https:\/\/morettidesign.it\/fr\/contact\/#breadcrumb"},"inLanguage":"fr-FR","potentialAction":[{"@type":"ReadAction","target":["https:\/\/morettidesign.it\/fr\/contact\/"]}]},{"@type":"BreadcrumbList","@id":"https:\/\/morettidesign.it\/fr\/contact\/#breadcrumb","itemListElement":[{"@type":"ListItem","position":1,"name":"Home","item":"https:\/\/morettidesign.it\/fr\/"},{"@type":"ListItem","position":2,"name":"Contacts"}]},{"@type":"WebSite","@id":"https:\/\/morettidesign.it\/#website","url":"https:\/\/morettidesign.it\/","name":"Moretti Design","description":"Stufe a pellet e legna","potentialAction":[{"@type":"SearchAction","target":{"@type":"EntryPoint","urlTemplate":"https:\/\/morettidesign.it\/?s={search_term_string}"},"query-input":{"@type":"PropertyValueSpecification","valueRequired":true,"valueName":"search_term_string"}}],"inLanguage":"fr-FR"}]}},"_links":{"self":[{"href":"https:\/\/morettidesign.it\/fr\/wp-json\/wp\/v2\/pages\/27112"}],"collection":[{"href":"https:\/\/morettidesign.it\/fr\/wp-json\/wp\/v2\/pages"}],"about":[{"href":"https:\/\/morettidesign.it\/fr\/wp-json\/wp\/v2\/types\/page"}],"author":[{"embeddable":true,"href":"https:\/\/morettidesign.it\/fr\/wp-json\/wp\/v2\/users\/1"}],"replies":[{"embeddable":true,"href":"https:\/\/morettidesign.it\/fr\/wp-json\/wp\/v2\/comments?post=27112"}],"version-history":[{"count":4,"href":"https:\/\/morettidesign.it\/fr\/wp-json\/wp\/v2\/pages\/27112\/revisions"}],"predecessor-version":[{"id":57881,"href":"https:\/\/morettidesign.it\/fr\/wp-json\/wp\/v2\/pages\/27112\/revisions\/57881"}],"wp:attachment":[{"href":"https:\/\/morettidesign.it\/fr\/wp-json\/wp\/v2\/media?parent=27112"}],"curies":[{"name":"wp","href":"https:\/\/api.w.org\/{rel}","templated":true}]}}