{"id":27142,"date":"2021-01-18T12:22:19","date_gmt":"2021-01-18T11:22:19","guid":{"rendered":"http:\/\/www.morettidesign.it\/?page_id=27142"},"modified":"2021-08-26T23:39:00","modified_gmt":"2021-08-26T21:39:00","slug":"videos-techniques","status":"publish","type":"page","link":"https:\/\/morettidesign.it\/fr\/videos-techniques\/","title":{"rendered":"Vid\u00e9os Techniques"},"content":{"rendered":"<p>[vc_row][vc_column width=\u00a0\u00bb1\/2&Prime;][tm_popup_video image_size=\u00a0\u00bbfull\u00a0\u00bb video=\u00a0\u00bbhttps:\/\/www.youtube.com\/watch?v=hs6OHfGBgg8&Prime; poster=\u00a0\u00bb4263&Prime;][tm_spacer size=\u00a0\u00bblg:30&Prime;][vc_column_text]<strong style=\"color: #333; font-size: 30px;\">AQUA<\/strong><br \/>\n<span style=\"color: #c49651;\">PRODUIT DE L&rsquo;EAU CHAUDE DOMESTIQUE<\/span><\/p>\n<p>Les po\u00eales \u00e9quip\u00e9s de cette technologie, en plus de diffuser de la chaleur dans la pi\u00e8ce dans laquelle ils sont install\u00e9s, permettent de chauffer l\u2019eau transport\u00e9e dans le syst\u00e8me hydraulique, avec un double avantage : alimenter la chaleur des radiateurs plac\u00e9s dans les pi\u00e8ces de la maison et produire de l\u2019eau chaude \u00e0 usage domestique (bas\u00e9 sur le kw et les caract\u00e9ristiques<br \/>\ntechniques du po\u00eale). Un moyen simple, rapide et \u00e9cologique de garantir un maximum de confort pendant les mois d\u2019hiver.[\/vc_column_text][\/vc_column][vc_column width=\u00a0\u00bb1\/2&Prime;][tm_popup_video image_size=\u00a0\u00bbfull\u00a0\u00bb video=\u00a0\u00bbhttps:\/\/www.youtube.com\/watch?v=RinEa3ZBLLE\u00a0\u00bb poster=\u00a0\u00bb4265&Prime;][tm_spacer size=\u00a0\u00bblg:30&Prime;][vc_column_text]<strong style=\"color: #333; font-size: 30px;\">CANALIS\u00c9ES<\/strong><br \/>\n<span style=\"color: #c49651;\">CHAUFFER PLUSIEURS PI\u00c8CES AVEC UN SEUL FLUX D&rsquo;AIR<\/span><\/p>\n<p>C&rsquo;est la solution la plus appropri\u00e9e pour ceux qui veulent chauffer plusieurs pi\u00e8ces (jusqu&rsquo; \u00e0 15 m) par un flux d\u2019air chaud produit par le po\u00eale. Le syst\u00e8me centralis\u00e9 vous permet de d\u00e9finir la chaleur \u00e0 envoyer dans chaque pi\u00e8ce chauff\u00e9e \u00e0 l\u2019aide de dispositifs connect\u00e9s au syst\u00e8me de chauffage.[\/vc_column_text][\/vc_column][\/vc_row][vc_row][vc_column width=\u00a0\u00bb1\/2&Prime;][tm_spacer size=\u00a0\u00bblg:30&Prime;][tm_popup_video image_size=\u00a0\u00bbfull\u00a0\u00bb video=\u00a0\u00bbhttps:\/\/www.youtube.com\/watch?v=od4A2IpM2kA\u00a0\u00bb poster=\u00a0\u00bb4267&Prime;][tm_spacer size=\u00a0\u00bblg:30&Prime;][vc_column_text]<strong style=\"color: #333; font-size: 30px;\">AIR<\/strong><br \/>\n<span style=\"color: #c49651;\">PERFORMANCE MAXIMALE<\/span><br \/>\nCon\u00e7us pour garantir des performances maximales dans les espaces confin\u00e9s, pour des pi\u00e8ces adjacentes par exemple, les chauffages ventil\u00e9s sont \u00e9quip\u00e9s d\u2019un ventilateur facilitant l\u2019\u00e9vacuation de l\u2019air chaud de l\u2019appareil. Ce m\u00e9canisme vous permet de chauffer la pi\u00e8ce en quelques minutes, via un syst\u00e8me de contr\u00f4le de la temp\u00e9rature, r\u00e9glable via une interface install\u00e9e sur le po\u00eale ou via une application d\u00e9di\u00e9e.[\/vc_column_text][\/vc_column][vc_column width=\u00a0\u00bb1\/2&Prime;][tm_spacer size=\u00a0\u00bblg:30&Prime;][tm_popup_video image_size=\u00a0\u00bbfull\u00a0\u00bb video=\u00a0\u00bbhttps:\/\/www.youtube.com\/watch?v=d3Xf1aiS3J0&Prime; poster=\u00a0\u00bb4265&Prime;][tm_spacer size=\u00a0\u00bblg:30&Prime;][vc_column_text]<strong style=\"color: #333; font-size: 30px;\">RELAX<\/strong><br \/>\n<span style=\"color: #c49651;\">EXPRESSION MAXIMALE DE SILENCE<\/span><\/p>\n<p>Les po\u00eales de la gamme Relax sont l\u2019expression ultime du silence. La ventilation est remplac\u00e9e par un syst\u00e8me de convection naturelle bas\u00e9 sur le mouvement naturel de l&rsquo;air chaud g\u00e9n\u00e9r\u00e9 par un brasier plus large. Pour un confort sans pr\u00e9c\u00e9dent.[\/vc_column_text][\/vc_column][\/vc_row]<\/p>\n","protected":false},"excerpt":{"rendered":"[vc_row][vc_column width=\u00a0\u00bb1\/2&Prime;][tm_popup_video image_size=\u00a0\u00bbfull\u00a0\u00bb video=\u00a0\u00bbhttps:\/\/www.youtube.com\/watch?v=hs6OHfGBgg8&Prime; poster=\u00a0\u00bb4263&Prime;][tm_spacer size=\u00a0\u00bblg:30&Prime;][vc_column_text]AQUA PRODUIT DE L&rsquo;EAU CHAUDE DOMESTIQUE Les po\u00eales \u00e9quip\u00e9s de cette technologie, en plus de diffuser de la chaleur dans la pi\u00e8ce dans laquelle ils sont install\u00e9s, permettent de chauffer l\u2019eau transport\u00e9e dans le syst\u00e8me hydraulique, avec un double avantage : alimenter la chaleur des radiateurs plac\u00e9s dans les pi\u00e8ces de la maison et produire de l\u2019eau chaude \u00e0 usage domestique (bas\u00e9 sur le kw et les caract\u00e9ristiques techniques du po\u00eale). Un moyen simple, rapide et \u00e9cologique de garantir un maximum de confort pendant les mois d\u2019hiver.[\/vc_column_text][\/vc_column][vc_column width=\u00a0\u00bb1\/2&Prime;][tm_popup_video image_size=\u00a0\u00bbfull\u00a0\u00bb video=\u00a0\u00bbhttps:\/\/www.youtube.com\/watch?v=RinEa3ZBLLE\u00a0\u00bb poster=\u00a0\u00bb4265&Prime;][tm_spacer size=\u00a0\u00bblg:30&Prime;][vc_column_text]CANALIS\u00c9ES CHAUFFER PLUSIEURS PI\u00c8CES AVEC UN SEUL FLUX D&rsquo;AIR C&rsquo;est la solution la plus appropri\u00e9e pour ceux qui veulent chauffer plusieurs pi\u00e8ces (jusqu&rsquo; \u00e0 15 m) par un flux d\u2019air chaud produit par le po\u00eale. Le syst\u00e8me centralis\u00e9 vous permet de d\u00e9finir la chaleur \u00e0 envoyer dans chaque pi\u00e8ce chauff\u00e9e \u00e0 l\u2019aide de dispositifs connect\u00e9s au syst\u00e8me de chauffage.[\/vc_column_text][\/vc_column][\/vc_row][vc_row][vc_column width=\u00a0\u00bb1\/2&Prime;][tm_spacer size=\u00a0\u00bblg:30&Prime;][tm_popup_video image_size=\u00a0\u00bbfull\u00a0\u00bb video=\u00a0\u00bbhttps:\/\/www.youtube.com\/watch?v=od4A2IpM2kA\u00a0\u00bb poster=\u00a0\u00bb4267&Prime;][tm_spacer size=\u00a0\u00bblg:30&Prime;][vc_column_text]AIR PERFORMANCE MAXIMALE Con\u00e7us pour garantir des performances maximales dans les espaces confin\u00e9s, pour des pi\u00e8ces adjacentes par exemple, les chauffages ventil\u00e9s sont \u00e9quip\u00e9s d\u2019un ventilateur facilitant l\u2019\u00e9vacuation de l\u2019air chaud de l\u2019appareil. Ce m\u00e9canisme vous permet de chauffer la pi\u00e8ce en quelques minutes, via un syst\u00e8me de contr\u00f4le de la temp\u00e9rature, r\u00e9glable via une interface install\u00e9e sur le po\u00eale ou via une application d\u00e9di\u00e9e.[\/vc_column_text][\/vc_column][vc_column width=\u00a0\u00bb1\/2&Prime;][tm_spacer size=\u00a0\u00bblg:30&Prime;][tm_popup_video image_size=\u00a0\u00bbfull\u00a0\u00bb video=\u00a0\u00bbhttps:\/\/www.youtube.com\/watch?v=d3Xf1aiS3J0&Prime; poster=\u00a0\u00bb4265&Prime;][tm_spacer size=\u00a0\u00bblg:30&Prime;][vc_column_text]RELAX EXPRESSION MAXIMALE DE SILENCE Les po\u00eales de la gamme Relax sont l\u2019expression ultime du silence. La ventilation est remplac\u00e9e par un syst\u00e8me de convection naturelle bas\u00e9 sur le mouvement naturel de l&rsquo;air chaud g\u00e9n\u00e9r\u00e9 par un brasier plus large. Pour un confort sans pr\u00e9c\u00e9dent.[\/vc_column_text][\/vc_column][\/vc_row]","protected":false},"author":1,"featured_media":0,"parent":0,"menu_order":19,"comment_status":"closed","ping_status":"closed","template":"","meta":{"_glsr_average":0,"_glsr_ranking":0,"_glsr_reviews":0,"footnotes":""},"class_list":["post-27142","page","type-page","status-publish","hentry"],"yoast_head":"<!-- This site is optimized with the Yoast SEO plugin v23.5 - https:\/\/yoast.com\/wordpress\/plugins\/seo\/ -->\n<title>Vid\u00e9os Techniques - Moretti Design<\/title>\n<meta name=\"robots\" content=\"index, follow, max-snippet:-1, max-image-preview:large, max-video-preview:-1\" \/>\n<link rel=\"canonical\" href=\"https:\/\/morettidesign.it\/fr\/videos-techniques\/\" \/>\n<meta property=\"og:locale\" content=\"fr_FR\" \/>\n<meta property=\"og:type\" content=\"article\" \/>\n<meta property=\"og:title\" content=\"Vid\u00e9os Techniques - Moretti Design\" \/>\n<meta property=\"og:description\" content=\"[vc_row][vc_column width=\u00a0\u00bb1\/2&Prime;][tm_popup_video image_size=\u00a0\u00bbfull\u00a0\u00bb video=\u00a0\u00bbhttps:\/\/www.youtube.com\/watch?v=hs6OHfGBgg8&Prime; poster=\u00a0\u00bb4263&Prime;][tm_spacer size=\u00a0\u00bblg:30&Prime;][vc_column_text]AQUA PRODUIT DE L&rsquo;EAU CHAUDE DOMESTIQUE Les po\u00eales \u00e9quip\u00e9s de cette technologie, en plus de diffuser de la chaleur dans la pi\u00e8ce dans laquelle ils sont install\u00e9s, permettent de chauffer l\u2019eau transport\u00e9e dans le syst\u00e8me hydraulique, avec un double avantage : alimenter la chaleur des radiateurs plac\u00e9s dans les pi\u00e8ces de la maison et produire de l\u2019eau chaude \u00e0 usage domestique (bas\u00e9 sur le kw et les caract\u00e9ristiques techniques du po\u00eale). Un moyen simple, rapide et \u00e9cologique de garantir un maximum de confort pendant les mois d\u2019hiver.[\/vc_column_text][\/vc_column][vc_column width=\u00a0\u00bb1\/2&Prime;][tm_popup_video image_size=\u00a0\u00bbfull\u00a0\u00bb video=\u00a0\u00bbhttps:\/\/www.youtube.com\/watch?v=RinEa3ZBLLE\u00a0\u00bb poster=\u00a0\u00bb4265&Prime;][tm_spacer size=\u00a0\u00bblg:30&Prime;][vc_column_text]CANALIS\u00c9ES CHAUFFER PLUSIEURS PI\u00c8CES AVEC UN SEUL FLUX D&rsquo;AIR C&rsquo;est la solution la plus appropri\u00e9e pour ceux qui veulent chauffer plusieurs pi\u00e8ces (jusqu&rsquo; \u00e0 15 m) par un flux d\u2019air chaud produit par le po\u00eale. Le syst\u00e8me centralis\u00e9 vous permet de d\u00e9finir la chaleur \u00e0 envoyer dans chaque pi\u00e8ce chauff\u00e9e \u00e0 l\u2019aide de dispositifs connect\u00e9s au syst\u00e8me de chauffage.[\/vc_column_text][\/vc_column][\/vc_row][vc_row][vc_column width=\u00a0\u00bb1\/2&Prime;][tm_spacer size=\u00a0\u00bblg:30&Prime;][tm_popup_video image_size=\u00a0\u00bbfull\u00a0\u00bb video=\u00a0\u00bbhttps:\/\/www.youtube.com\/watch?v=od4A2IpM2kA\u00a0\u00bb poster=\u00a0\u00bb4267&Prime;][tm_spacer size=\u00a0\u00bblg:30&Prime;][vc_column_text]AIR PERFORMANCE MAXIMALE Con\u00e7us pour garantir des performances maximales dans les espaces confin\u00e9s, pour des pi\u00e8ces adjacentes par exemple, les chauffages ventil\u00e9s sont \u00e9quip\u00e9s d\u2019un ventilateur facilitant l\u2019\u00e9vacuation de l\u2019air chaud de l\u2019appareil. Ce m\u00e9canisme vous permet de chauffer la pi\u00e8ce en quelques minutes, via un syst\u00e8me de contr\u00f4le de la temp\u00e9rature, r\u00e9glable via une interface install\u00e9e sur le po\u00eale ou via une application d\u00e9di\u00e9e.[\/vc_column_text][\/vc_column][vc_column width=\u00a0\u00bb1\/2&Prime;][tm_spacer size=\u00a0\u00bblg:30&Prime;][tm_popup_video image_size=\u00a0\u00bbfull\u00a0\u00bb video=\u00a0\u00bbhttps:\/\/www.youtube.com\/watch?v=d3Xf1aiS3J0&Prime; poster=\u00a0\u00bb4265&Prime;][tm_spacer size=\u00a0\u00bblg:30&Prime;][vc_column_text]RELAX EXPRESSION MAXIMALE DE SILENCE Les po\u00eales de la gamme Relax sont l\u2019expression ultime du silence. La ventilation est remplac\u00e9e par un syst\u00e8me de convection naturelle bas\u00e9 sur le mouvement naturel de l&rsquo;air chaud g\u00e9n\u00e9r\u00e9 par un brasier plus large. Pour un confort sans pr\u00e9c\u00e9dent.[\/vc_column_text][\/vc_column][\/vc_row]\" \/>\n<meta property=\"og:url\" content=\"https:\/\/morettidesign.it\/fr\/videos-techniques\/\" \/>\n<meta property=\"og:site_name\" content=\"Moretti Design\" \/>\n<meta property=\"article:modified_time\" content=\"2021-08-26T21:39:00+00:00\" \/>\n<meta name=\"twitter:card\" content=\"summary_large_image\" \/>\n<meta name=\"twitter:title\" content=\"-1361\" \/>\n<meta name=\"twitter:description\" content=\"60\" \/>\n<meta name=\"twitter:image\" content=\"http:\/\/false\" \/>\n<meta name=\"twitter:label1\" content=\"Dur\u00e9e de lecture estim\u00e9e\" \/>\n\t<meta name=\"twitter:data1\" content=\"2 minutes\" \/>\n<script type=\"application\/ld+json\" class=\"yoast-schema-graph\">{\"@context\":\"https:\/\/schema.org\",\"@graph\":[{\"@type\":\"WebPage\",\"@id\":\"https:\/\/morettidesign.it\/fr\/videos-techniques\/\",\"url\":\"https:\/\/morettidesign.it\/fr\/videos-techniques\/\",\"name\":\"Vid\u00e9os Techniques - Moretti Design\",\"isPartOf\":{\"@id\":\"https:\/\/morettidesign.it\/#website\"},\"datePublished\":\"2021-01-18T11:22:19+00:00\",\"dateModified\":\"2021-08-26T21:39:00+00:00\",\"breadcrumb\":{\"@id\":\"https:\/\/morettidesign.it\/fr\/videos-techniques\/#breadcrumb\"},\"inLanguage\":\"fr-FR\",\"potentialAction\":[{\"@type\":\"ReadAction\",\"target\":[\"https:\/\/morettidesign.it\/fr\/videos-techniques\/\"]}]},{\"@type\":\"BreadcrumbList\",\"@id\":\"https:\/\/morettidesign.it\/fr\/videos-techniques\/#breadcrumb\",\"itemListElement\":[{\"@type\":\"ListItem\",\"position\":1,\"name\":\"Home\",\"item\":\"https:\/\/morettidesign.it\/fr\/\"},{\"@type\":\"ListItem\",\"position\":2,\"name\":\"Vid\u00e9os Techniques\"}]},{\"@type\":\"WebSite\",\"@id\":\"https:\/\/morettidesign.it\/#website\",\"url\":\"https:\/\/morettidesign.it\/\",\"name\":\"Moretti Design\",\"description\":\"Stufe a pellet e legna\",\"potentialAction\":[{\"@type\":\"SearchAction\",\"target\":{\"@type\":\"EntryPoint\",\"urlTemplate\":\"https:\/\/morettidesign.it\/?s={search_term_string}\"},\"query-input\":{\"@type\":\"PropertyValueSpecification\",\"valueRequired\":true,\"valueName\":\"search_term_string\"}}],\"inLanguage\":\"fr-FR\"}]}<\/script>\n<!-- \/ Yoast SEO plugin. -->","yoast_head_json":{"title":"Vid\u00e9os Techniques - Moretti Design","robots":{"index":"index","follow":"follow","max-snippet":"max-snippet:-1","max-image-preview":"max-image-preview:large","max-video-preview":"max-video-preview:-1"},"canonical":"https:\/\/morettidesign.it\/fr\/videos-techniques\/","og_locale":"fr_FR","og_type":"article","og_title":"Vid\u00e9os Techniques - Moretti Design","og_description":"[vc_row][vc_column width=\u00a0\u00bb1\/2&Prime;][tm_popup_video image_size=\u00a0\u00bbfull\u00a0\u00bb video=\u00a0\u00bbhttps:\/\/www.youtube.com\/watch?v=hs6OHfGBgg8&Prime; poster=\u00a0\u00bb4263&Prime;][tm_spacer size=\u00a0\u00bblg:30&Prime;][vc_column_text]AQUA PRODUIT DE L&rsquo;EAU CHAUDE DOMESTIQUE Les po\u00eales \u00e9quip\u00e9s de cette technologie, en plus de diffuser de la chaleur dans la pi\u00e8ce dans laquelle ils sont install\u00e9s, permettent de chauffer l\u2019eau transport\u00e9e dans le syst\u00e8me hydraulique, avec un double avantage : alimenter la chaleur des radiateurs plac\u00e9s dans les pi\u00e8ces de la maison et produire de l\u2019eau chaude \u00e0 usage domestique (bas\u00e9 sur le kw et les caract\u00e9ristiques techniques du po\u00eale). Un moyen simple, rapide et \u00e9cologique de garantir un maximum de confort pendant les mois d\u2019hiver.[\/vc_column_text][\/vc_column][vc_column width=\u00a0\u00bb1\/2&Prime;][tm_popup_video image_size=\u00a0\u00bbfull\u00a0\u00bb video=\u00a0\u00bbhttps:\/\/www.youtube.com\/watch?v=RinEa3ZBLLE\u00a0\u00bb poster=\u00a0\u00bb4265&Prime;][tm_spacer size=\u00a0\u00bblg:30&Prime;][vc_column_text]CANALIS\u00c9ES CHAUFFER PLUSIEURS PI\u00c8CES AVEC UN SEUL FLUX D&rsquo;AIR C&rsquo;est la solution la plus appropri\u00e9e pour ceux qui veulent chauffer plusieurs pi\u00e8ces (jusqu&rsquo; \u00e0 15 m) par un flux d\u2019air chaud produit par le po\u00eale. Le syst\u00e8me centralis\u00e9 vous permet de d\u00e9finir la chaleur \u00e0 envoyer dans chaque pi\u00e8ce chauff\u00e9e \u00e0 l\u2019aide de dispositifs connect\u00e9s au syst\u00e8me de chauffage.[\/vc_column_text][\/vc_column][\/vc_row][vc_row][vc_column width=\u00a0\u00bb1\/2&Prime;][tm_spacer size=\u00a0\u00bblg:30&Prime;][tm_popup_video image_size=\u00a0\u00bbfull\u00a0\u00bb video=\u00a0\u00bbhttps:\/\/www.youtube.com\/watch?v=od4A2IpM2kA\u00a0\u00bb poster=\u00a0\u00bb4267&Prime;][tm_spacer size=\u00a0\u00bblg:30&Prime;][vc_column_text]AIR PERFORMANCE MAXIMALE Con\u00e7us pour garantir des performances maximales dans les espaces confin\u00e9s, pour des pi\u00e8ces adjacentes par exemple, les chauffages ventil\u00e9s sont \u00e9quip\u00e9s d\u2019un ventilateur facilitant l\u2019\u00e9vacuation de l\u2019air chaud de l\u2019appareil. Ce m\u00e9canisme vous permet de chauffer la pi\u00e8ce en quelques minutes, via un syst\u00e8me de contr\u00f4le de la temp\u00e9rature, r\u00e9glable via une interface install\u00e9e sur le po\u00eale ou via une application d\u00e9di\u00e9e.[\/vc_column_text][\/vc_column][vc_column width=\u00a0\u00bb1\/2&Prime;][tm_spacer size=\u00a0\u00bblg:30&Prime;][tm_popup_video image_size=\u00a0\u00bbfull\u00a0\u00bb video=\u00a0\u00bbhttps:\/\/www.youtube.com\/watch?v=d3Xf1aiS3J0&Prime; poster=\u00a0\u00bb4265&Prime;][tm_spacer size=\u00a0\u00bblg:30&Prime;][vc_column_text]RELAX EXPRESSION MAXIMALE DE SILENCE Les po\u00eales de la gamme Relax sont l\u2019expression ultime du silence. La ventilation est remplac\u00e9e par un syst\u00e8me de convection naturelle bas\u00e9 sur le mouvement naturel de l&rsquo;air chaud g\u00e9n\u00e9r\u00e9 par un brasier plus large. Pour un confort sans pr\u00e9c\u00e9dent.[\/vc_column_text][\/vc_column][\/vc_row]","og_url":"https:\/\/morettidesign.it\/fr\/videos-techniques\/","og_site_name":"Moretti Design","article_modified_time":"2021-08-26T21:39:00+00:00","twitter_card":"summary_large_image","twitter_title":"-1361","twitter_description":"60","twitter_image":"false","twitter_misc":{"Dur\u00e9e de lecture estim\u00e9e":"2 minutes"},"schema":{"@context":"https:\/\/schema.org","@graph":[{"@type":"WebPage","@id":"https:\/\/morettidesign.it\/fr\/videos-techniques\/","url":"https:\/\/morettidesign.it\/fr\/videos-techniques\/","name":"Vid\u00e9os Techniques - Moretti Design","isPartOf":{"@id":"https:\/\/morettidesign.it\/#website"},"datePublished":"2021-01-18T11:22:19+00:00","dateModified":"2021-08-26T21:39:00+00:00","breadcrumb":{"@id":"https:\/\/morettidesign.it\/fr\/videos-techniques\/#breadcrumb"},"inLanguage":"fr-FR","potentialAction":[{"@type":"ReadAction","target":["https:\/\/morettidesign.it\/fr\/videos-techniques\/"]}]},{"@type":"BreadcrumbList","@id":"https:\/\/morettidesign.it\/fr\/videos-techniques\/#breadcrumb","itemListElement":[{"@type":"ListItem","position":1,"name":"Home","item":"https:\/\/morettidesign.it\/fr\/"},{"@type":"ListItem","position":2,"name":"Vid\u00e9os Techniques"}]},{"@type":"WebSite","@id":"https:\/\/morettidesign.it\/#website","url":"https:\/\/morettidesign.it\/","name":"Moretti Design","description":"Stufe a pellet e legna","potentialAction":[{"@type":"SearchAction","target":{"@type":"EntryPoint","urlTemplate":"https:\/\/morettidesign.it\/?s={search_term_string}"},"query-input":{"@type":"PropertyValueSpecification","valueRequired":true,"valueName":"search_term_string"}}],"inLanguage":"fr-FR"}]}},"_links":{"self":[{"href":"https:\/\/morettidesign.it\/fr\/wp-json\/wp\/v2\/pages\/27142"}],"collection":[{"href":"https:\/\/morettidesign.it\/fr\/wp-json\/wp\/v2\/pages"}],"about":[{"href":"https:\/\/morettidesign.it\/fr\/wp-json\/wp\/v2\/types\/page"}],"author":[{"embeddable":true,"href":"https:\/\/morettidesign.it\/fr\/wp-json\/wp\/v2\/users\/1"}],"replies":[{"embeddable":true,"href":"https:\/\/morettidesign.it\/fr\/wp-json\/wp\/v2\/comments?post=27142"}],"version-history":[{"count":0,"href":"https:\/\/morettidesign.it\/fr\/wp-json\/wp\/v2\/pages\/27142\/revisions"}],"wp:attachment":[{"href":"https:\/\/morettidesign.it\/fr\/wp-json\/wp\/v2\/media?parent=27142"}],"curies":[{"name":"wp","href":"https:\/\/api.w.org\/{rel}","templated":true}]}}