{"id":27145,"date":"2020-09-04T09:25:09","date_gmt":"2020-09-04T07:25:09","guid":{"rendered":"http:\/\/www.morettidesign.it\/?page_id=27145"},"modified":"2023-10-13T16:52:06","modified_gmt":"2023-10-13T14:52:06","slug":"telecharger-le-catalogue","status":"publish","type":"page","link":"https:\/\/morettidesign.it\/fr\/telecharger-le-catalogue\/","title":{"rendered":"Zone de t\u00e9l\u00e9chargement"},"content":{"rendered":"<p>[vc_row][vc_column][vc_tta_tabs style=\u00a0\u00bbatomlab-02&Prime; alignment=\u00a0\u00bbcenter\u00a0\u00bb active_section=\u00a0\u00bb1&Prime;][vc_tta_section title=\u00a0\u00bbT\u00e9l\u00e9charger le catalogue\u00a0\u00bb tab_id=\u00a0\u00bb1680248303052-5728f7b7-e259&Prime;][vc_row_inner][vc_column_inner width=\u00a0\u00bb1\/6&Prime;][\/vc_column_inner][vc_column_inner width=\u00a0\u00bb2\/3&Prime;][tm_spacer size=\u00a0\u00bblg:30&Prime;][vc_column_text]<\/p>\n<h5 class=\"docAbstract\" style=\"text-align: center;\">Remplissez le formulaire pour recevoir un lien par e-mail et t\u00e9l\u00e9charger notre catalogue.<\/h5>\n<p>[\/vc_column_text][tm_spacer size=\u00a0\u00bblg:30&Prime;][tm_contact_form_7 id=\u00a0\u00bb27147&Prime;][\/vc_column_inner][vc_column_inner width=\u00a0\u00bb1\/6&Prime;][\/vc_column_inner][\/vc_row_inner][\/vc_tta_section][vc_tta_section title=\u00a0\u00bbT\u00e9l\u00e9charger le pocket en anglais fran\u00e7ais\u00a0\u00bb tab_id=\u00a0\u00bb1680248303061-5b38152c-6b2f\u00a0\u00bb][vc_row_inner][vc_column_inner width=\u00a0\u00bb1\/6&Prime;][\/vc_column_inner][vc_column_inner width=\u00a0\u00bb2\/3&Prime;][tm_spacer size=\u00a0\u00bblg:30&Prime;][vc_column_text]<\/p>\n<h5 class=\"docAbstract\" style=\"text-align: center;\">Remplissez le formulaire pour recevoir un e-mail \u00e0 votre adresse avec \u00a0le lien \u00e0 partir duquel vous pourrez t\u00e9l\u00e9charger notre catalogue.<\/h5>\n<p>[\/vc_column_text][tm_spacer size=\u00a0\u00bblg:30&Prime;][tm_contact_form_7 id=\u00a0\u00bb49069&Prime;][\/vc_column_inner][vc_column_inner width=\u00a0\u00bb1\/6&Prime;][\/vc_column_inner][\/vc_row_inner][\/vc_tta_section][vc_tta_section title=\u00a0\u00bbT\u00e9l\u00e9charger le pocket en allemand espagnol\u00a0\u00bb tab_id=\u00a0\u00bb1680248396246-71f6478b-0e70&Prime;][vc_row_inner][vc_column_inner width=\u00a0\u00bb1\/6&Prime;][\/vc_column_inner][vc_column_inner width=\u00a0\u00bb2\/3&Prime;][tm_spacer size=\u00a0\u00bblg:30&Prime;][vc_column_text]<\/p>\n<h5 class=\"docAbstract\" style=\"text-align: center;\">Remplissez le formulaire pour recevoir un e-mail \u00e0 votre adresse avec \u00a0le lien \u00e0 partir duquel vous pourrez t\u00e9l\u00e9charger notre catalogue.<\/h5>\n<p>[\/vc_column_text][tm_spacer size=\u00a0\u00bblg:30&Prime;][tm_contact_form_7 id=\u00a0\u00bb49072&Prime;][\/vc_column_inner][vc_column_inner width=\u00a0\u00bb1\/6&Prime;][\/vc_column_inner][\/vc_row_inner][\/vc_tta_section][vc_tta_section title=\u00a0\u00bbT\u00e9l\u00e9charger le catalogue bois\u00a0\u00bb tab_id=\u00a0\u00bb1697208492589-fb1e31e9-be9a\u00a0\u00bb][vc_row_inner][vc_column_inner width=\u00a0\u00bb1\/6&Prime;][\/vc_column_inner][vc_column_inner width=\u00a0\u00bb2\/3&Prime;][tm_spacer size=\u00a0\u00bblg:30&Prime;][vc_column_text]<\/p>\n<h5 class=\"docAbstract\" style=\"text-align: center;\">Remplissez le formulaire pour recevoir un lien par e-mail et t\u00e9l\u00e9charger notre catalogue.<\/h5>\n<p>[\/vc_column_text][tm_spacer size=\u00a0\u00bblg:30&Prime;][tm_contact_form_7 id=\u00a0\u00bb53563&Prime;][\/vc_column_inner][vc_column_inner width=\u00a0\u00bb1\/6&Prime;][\/vc_column_inner][\/vc_row_inner][\/vc_tta_section][\/vc_tta_tabs][\/vc_column][\/vc_row]<\/p>\n","protected":false},"excerpt":{"rendered":"[vc_row][vc_column][vc_tta_tabs style=\u00a0\u00bbatomlab-02&Prime; alignment=\u00a0\u00bbcenter\u00a0\u00bb active_section=\u00a0\u00bb1&Prime;][vc_tta_section title=\u00a0\u00bbT\u00e9l\u00e9charger le catalogue\u00a0\u00bb tab_id=\u00a0\u00bb1680248303052-5728f7b7-e259&Prime;][vc_row_inner][vc_column_inner width=\u00a0\u00bb1\/6&Prime;][\/vc_column_inner][vc_column_inner width=\u00a0\u00bb2\/3&Prime;][tm_spacer size=\u00a0\u00bblg:30&Prime;][vc_column_text] Remplissez le formulaire pour recevoir un lien par e-mail et t\u00e9l\u00e9charger notre catalogue. [\/vc_column_text][tm_spacer size=\u00a0\u00bblg:30&Prime;][tm_contact_form_7 id=\u00a0\u00bb27147&Prime;][\/vc_column_inner][vc_column_inner width=\u00a0\u00bb1\/6&Prime;][\/vc_column_inner][\/vc_row_inner][\/vc_tta_section][vc_tta_section title=\u00a0\u00bbT\u00e9l\u00e9charger le pocket en anglais fran\u00e7ais\u00a0\u00bb tab_id=\u00a0\u00bb1680248303061-5b38152c-6b2f\u00a0\u00bb][vc_row_inner][vc_column_inner width=\u00a0\u00bb1\/6&Prime;][\/vc_column_inner][vc_column_inner width=\u00a0\u00bb2\/3&Prime;][tm_spacer size=\u00a0\u00bblg:30&Prime;][vc_column_text] Remplissez le formulaire pour recevoir un e-mail \u00e0 votre adresse avec \u00a0le lien \u00e0 partir duquel vous pourrez t\u00e9l\u00e9charger notre catalogue. [\/vc_column_text][tm_spacer size=\u00a0\u00bblg:30&Prime;][tm_contact_form_7 id=\u00a0\u00bb49069&Prime;][\/vc_column_inner][vc_column_inner width=\u00a0\u00bb1\/6&Prime;][\/vc_column_inner][\/vc_row_inner][\/vc_tta_section][vc_tta_section title=\u00a0\u00bbT\u00e9l\u00e9charger le pocket en allemand espagnol\u00a0\u00bb tab_id=\u00a0\u00bb1680248396246-71f6478b-0e70&Prime;][vc_row_inner][vc_column_inner width=\u00a0\u00bb1\/6&Prime;][\/vc_column_inner][vc_column_inner width=\u00a0\u00bb2\/3&Prime;][tm_spacer size=\u00a0\u00bblg:30&Prime;][vc_column_text] Remplissez le formulaire pour recevoir un e-mail \u00e0 votre adresse avec \u00a0le lien \u00e0 partir duquel vous pourrez t\u00e9l\u00e9charger notre catalogue. [\/vc_column_text][tm_spacer size=\u00a0\u00bblg:30&Prime;][tm_contact_form_7 id=\u00a0\u00bb49072&Prime;][\/vc_column_inner][vc_column_inner width=\u00a0\u00bb1\/6&Prime;][\/vc_column_inner][\/vc_row_inner][\/vc_tta_section][vc_tta_section title=\u00a0\u00bbT\u00e9l\u00e9charger le catalogue bois\u00a0\u00bb tab_id=\u00a0\u00bb1697208492589-fb1e31e9-be9a\u00a0\u00bb][vc_row_inner][vc_column_inner width=\u00a0\u00bb1\/6&Prime;][\/vc_column_inner][vc_column_inner width=\u00a0\u00bb2\/3&Prime;][tm_spacer size=\u00a0\u00bblg:30&Prime;][vc_column_text] Remplissez le formulaire pour recevoir un lien par e-mail et t\u00e9l\u00e9charger notre catalogue. [\/vc_column_text][tm_spacer size=\u00a0\u00bblg:30&Prime;][tm_contact_form_7 id=\u00a0\u00bb53563&Prime;][\/vc_column_inner][vc_column_inner width=\u00a0\u00bb1\/6&Prime;][\/vc_column_inner][\/vc_row_inner][\/vc_tta_section][\/vc_tta_tabs][\/vc_column][\/vc_row]","protected":false},"author":1,"featured_media":0,"parent":0,"menu_order":17,"comment_status":"closed","ping_status":"closed","template":"","meta":{"_glsr_average":0,"_glsr_ranking":0,"_glsr_reviews":0,"footnotes":""},"class_list":["post-27145","page","type-page","status-publish","hentry"],"yoast_head":"<!-- This site is optimized with the Yoast SEO plugin v23.5 - https:\/\/yoast.com\/wordpress\/plugins\/seo\/ -->\n<title>Zone de t\u00e9l\u00e9chargement - Moretti Design<\/title>\n<meta name=\"robots\" content=\"index, follow, max-snippet:-1, max-image-preview:large, max-video-preview:-1\" \/>\n<link rel=\"canonical\" href=\"https:\/\/morettidesign.it\/fr\/telecharger-le-catalogue\/\" \/>\n<meta property=\"og:locale\" content=\"fr_FR\" \/>\n<meta property=\"og:type\" content=\"article\" \/>\n<meta property=\"og:title\" content=\"Zone de t\u00e9l\u00e9chargement - Moretti Design\" \/>\n<meta property=\"og:description\" content=\"[vc_row][vc_column][vc_tta_tabs style=\u00a0\u00bbatomlab-02&Prime; alignment=\u00a0\u00bbcenter\u00a0\u00bb active_section=\u00a0\u00bb1&Prime;][vc_tta_section title=\u00a0\u00bbT\u00e9l\u00e9charger le catalogue\u00a0\u00bb tab_id=\u00a0\u00bb1680248303052-5728f7b7-e259&Prime;][vc_row_inner][vc_column_inner width=\u00a0\u00bb1\/6&Prime;][\/vc_column_inner][vc_column_inner width=\u00a0\u00bb2\/3&Prime;][tm_spacer size=\u00a0\u00bblg:30&Prime;][vc_column_text] Remplissez le formulaire pour recevoir un lien par e-mail et t\u00e9l\u00e9charger notre catalogue. [\/vc_column_text][tm_spacer size=\u00a0\u00bblg:30&Prime;][tm_contact_form_7 id=\u00a0\u00bb27147&Prime;][\/vc_column_inner][vc_column_inner width=\u00a0\u00bb1\/6&Prime;][\/vc_column_inner][\/vc_row_inner][\/vc_tta_section][vc_tta_section title=\u00a0\u00bbT\u00e9l\u00e9charger le pocket en anglais fran\u00e7ais\u00a0\u00bb tab_id=\u00a0\u00bb1680248303061-5b38152c-6b2f\u00a0\u00bb][vc_row_inner][vc_column_inner width=\u00a0\u00bb1\/6&Prime;][\/vc_column_inner][vc_column_inner width=\u00a0\u00bb2\/3&Prime;][tm_spacer size=\u00a0\u00bblg:30&Prime;][vc_column_text] Remplissez le formulaire pour recevoir un e-mail \u00e0 votre adresse avec \u00a0le lien \u00e0 partir duquel vous pourrez t\u00e9l\u00e9charger notre catalogue. [\/vc_column_text][tm_spacer size=\u00a0\u00bblg:30&Prime;][tm_contact_form_7 id=\u00a0\u00bb49069&Prime;][\/vc_column_inner][vc_column_inner width=\u00a0\u00bb1\/6&Prime;][\/vc_column_inner][\/vc_row_inner][\/vc_tta_section][vc_tta_section title=\u00a0\u00bbT\u00e9l\u00e9charger le pocket en allemand espagnol\u00a0\u00bb tab_id=\u00a0\u00bb1680248396246-71f6478b-0e70&Prime;][vc_row_inner][vc_column_inner width=\u00a0\u00bb1\/6&Prime;][\/vc_column_inner][vc_column_inner width=\u00a0\u00bb2\/3&Prime;][tm_spacer size=\u00a0\u00bblg:30&Prime;][vc_column_text] Remplissez le formulaire pour recevoir un e-mail \u00e0 votre adresse avec \u00a0le lien \u00e0 partir duquel vous pourrez t\u00e9l\u00e9charger notre catalogue. [\/vc_column_text][tm_spacer size=\u00a0\u00bblg:30&Prime;][tm_contact_form_7 id=\u00a0\u00bb49072&Prime;][\/vc_column_inner][vc_column_inner width=\u00a0\u00bb1\/6&Prime;][\/vc_column_inner][\/vc_row_inner][\/vc_tta_section][vc_tta_section title=\u00a0\u00bbT\u00e9l\u00e9charger le catalogue bois\u00a0\u00bb tab_id=\u00a0\u00bb1697208492589-fb1e31e9-be9a\u00a0\u00bb][vc_row_inner][vc_column_inner width=\u00a0\u00bb1\/6&Prime;][\/vc_column_inner][vc_column_inner width=\u00a0\u00bb2\/3&Prime;][tm_spacer size=\u00a0\u00bblg:30&Prime;][vc_column_text] Remplissez le formulaire pour recevoir un lien par e-mail et t\u00e9l\u00e9charger notre catalogue. [\/vc_column_text][tm_spacer size=\u00a0\u00bblg:30&Prime;][tm_contact_form_7 id=\u00a0\u00bb53563&Prime;][\/vc_column_inner][vc_column_inner width=\u00a0\u00bb1\/6&Prime;][\/vc_column_inner][\/vc_row_inner][\/vc_tta_section][\/vc_tta_tabs][\/vc_column][\/vc_row]\" \/>\n<meta property=\"og:url\" content=\"https:\/\/morettidesign.it\/fr\/telecharger-le-catalogue\/\" \/>\n<meta property=\"og:site_name\" content=\"Moretti Design\" \/>\n<meta property=\"article:modified_time\" content=\"2023-10-13T14:52:06+00:00\" \/>\n<meta name=\"twitter:card\" content=\"summary_large_image\" \/>\n<meta name=\"twitter:title\" content=\"-1393\" \/>\n<meta name=\"twitter:description\" content=\"90\" \/>\n<meta name=\"twitter:image\" content=\"http:\/\/false\" \/>\n<meta name=\"twitter:label1\" content=\"Dur\u00e9e de lecture estim\u00e9e\" \/>\n\t<meta name=\"twitter:data1\" content=\"1 minute\" \/>\n<script type=\"application\/ld+json\" class=\"yoast-schema-graph\">{\"@context\":\"https:\/\/schema.org\",\"@graph\":[{\"@type\":\"WebPage\",\"@id\":\"https:\/\/morettidesign.it\/fr\/telecharger-le-catalogue\/\",\"url\":\"https:\/\/morettidesign.it\/fr\/telecharger-le-catalogue\/\",\"name\":\"Zone de t\u00e9l\u00e9chargement - Moretti Design\",\"isPartOf\":{\"@id\":\"https:\/\/morettidesign.it\/#website\"},\"datePublished\":\"2020-09-04T07:25:09+00:00\",\"dateModified\":\"2023-10-13T14:52:06+00:00\",\"breadcrumb\":{\"@id\":\"https:\/\/morettidesign.it\/fr\/telecharger-le-catalogue\/#breadcrumb\"},\"inLanguage\":\"fr-FR\",\"potentialAction\":[{\"@type\":\"ReadAction\",\"target\":[\"https:\/\/morettidesign.it\/fr\/telecharger-le-catalogue\/\"]}]},{\"@type\":\"BreadcrumbList\",\"@id\":\"https:\/\/morettidesign.it\/fr\/telecharger-le-catalogue\/#breadcrumb\",\"itemListElement\":[{\"@type\":\"ListItem\",\"position\":1,\"name\":\"Home\",\"item\":\"https:\/\/morettidesign.it\/fr\/\"},{\"@type\":\"ListItem\",\"position\":2,\"name\":\"Zone de t\u00e9l\u00e9chargement\"}]},{\"@type\":\"WebSite\",\"@id\":\"https:\/\/morettidesign.it\/#website\",\"url\":\"https:\/\/morettidesign.it\/\",\"name\":\"Moretti Design\",\"description\":\"Stufe a pellet e legna\",\"potentialAction\":[{\"@type\":\"SearchAction\",\"target\":{\"@type\":\"EntryPoint\",\"urlTemplate\":\"https:\/\/morettidesign.it\/?s={search_term_string}\"},\"query-input\":{\"@type\":\"PropertyValueSpecification\",\"valueRequired\":true,\"valueName\":\"search_term_string\"}}],\"inLanguage\":\"fr-FR\"}]}<\/script>\n<!-- \/ Yoast SEO plugin. -->","yoast_head_json":{"title":"Zone de t\u00e9l\u00e9chargement - Moretti Design","robots":{"index":"index","follow":"follow","max-snippet":"max-snippet:-1","max-image-preview":"max-image-preview:large","max-video-preview":"max-video-preview:-1"},"canonical":"https:\/\/morettidesign.it\/fr\/telecharger-le-catalogue\/","og_locale":"fr_FR","og_type":"article","og_title":"Zone de t\u00e9l\u00e9chargement - Moretti Design","og_description":"[vc_row][vc_column][vc_tta_tabs style=\u00a0\u00bbatomlab-02&Prime; alignment=\u00a0\u00bbcenter\u00a0\u00bb active_section=\u00a0\u00bb1&Prime;][vc_tta_section title=\u00a0\u00bbT\u00e9l\u00e9charger le catalogue\u00a0\u00bb tab_id=\u00a0\u00bb1680248303052-5728f7b7-e259&Prime;][vc_row_inner][vc_column_inner width=\u00a0\u00bb1\/6&Prime;][\/vc_column_inner][vc_column_inner width=\u00a0\u00bb2\/3&Prime;][tm_spacer size=\u00a0\u00bblg:30&Prime;][vc_column_text] Remplissez le formulaire pour recevoir un lien par e-mail et t\u00e9l\u00e9charger notre catalogue. [\/vc_column_text][tm_spacer size=\u00a0\u00bblg:30&Prime;][tm_contact_form_7 id=\u00a0\u00bb27147&Prime;][\/vc_column_inner][vc_column_inner width=\u00a0\u00bb1\/6&Prime;][\/vc_column_inner][\/vc_row_inner][\/vc_tta_section][vc_tta_section title=\u00a0\u00bbT\u00e9l\u00e9charger le pocket en anglais fran\u00e7ais\u00a0\u00bb tab_id=\u00a0\u00bb1680248303061-5b38152c-6b2f\u00a0\u00bb][vc_row_inner][vc_column_inner width=\u00a0\u00bb1\/6&Prime;][\/vc_column_inner][vc_column_inner width=\u00a0\u00bb2\/3&Prime;][tm_spacer size=\u00a0\u00bblg:30&Prime;][vc_column_text] Remplissez le formulaire pour recevoir un e-mail \u00e0 votre adresse avec \u00a0le lien \u00e0 partir duquel vous pourrez t\u00e9l\u00e9charger notre catalogue. [\/vc_column_text][tm_spacer size=\u00a0\u00bblg:30&Prime;][tm_contact_form_7 id=\u00a0\u00bb49069&Prime;][\/vc_column_inner][vc_column_inner width=\u00a0\u00bb1\/6&Prime;][\/vc_column_inner][\/vc_row_inner][\/vc_tta_section][vc_tta_section title=\u00a0\u00bbT\u00e9l\u00e9charger le pocket en allemand espagnol\u00a0\u00bb tab_id=\u00a0\u00bb1680248396246-71f6478b-0e70&Prime;][vc_row_inner][vc_column_inner width=\u00a0\u00bb1\/6&Prime;][\/vc_column_inner][vc_column_inner width=\u00a0\u00bb2\/3&Prime;][tm_spacer size=\u00a0\u00bblg:30&Prime;][vc_column_text] Remplissez le formulaire pour recevoir un e-mail \u00e0 votre adresse avec \u00a0le lien \u00e0 partir duquel vous pourrez t\u00e9l\u00e9charger notre catalogue. [\/vc_column_text][tm_spacer size=\u00a0\u00bblg:30&Prime;][tm_contact_form_7 id=\u00a0\u00bb49072&Prime;][\/vc_column_inner][vc_column_inner width=\u00a0\u00bb1\/6&Prime;][\/vc_column_inner][\/vc_row_inner][\/vc_tta_section][vc_tta_section title=\u00a0\u00bbT\u00e9l\u00e9charger le catalogue bois\u00a0\u00bb tab_id=\u00a0\u00bb1697208492589-fb1e31e9-be9a\u00a0\u00bb][vc_row_inner][vc_column_inner width=\u00a0\u00bb1\/6&Prime;][\/vc_column_inner][vc_column_inner width=\u00a0\u00bb2\/3&Prime;][tm_spacer size=\u00a0\u00bblg:30&Prime;][vc_column_text] Remplissez le formulaire pour recevoir un lien par e-mail et t\u00e9l\u00e9charger notre catalogue. [\/vc_column_text][tm_spacer size=\u00a0\u00bblg:30&Prime;][tm_contact_form_7 id=\u00a0\u00bb53563&Prime;][\/vc_column_inner][vc_column_inner width=\u00a0\u00bb1\/6&Prime;][\/vc_column_inner][\/vc_row_inner][\/vc_tta_section][\/vc_tta_tabs][\/vc_column][\/vc_row]","og_url":"https:\/\/morettidesign.it\/fr\/telecharger-le-catalogue\/","og_site_name":"Moretti Design","article_modified_time":"2023-10-13T14:52:06+00:00","twitter_card":"summary_large_image","twitter_title":"-1393","twitter_description":"90","twitter_image":"false","twitter_misc":{"Dur\u00e9e de lecture estim\u00e9e":"1 minute"},"schema":{"@context":"https:\/\/schema.org","@graph":[{"@type":"WebPage","@id":"https:\/\/morettidesign.it\/fr\/telecharger-le-catalogue\/","url":"https:\/\/morettidesign.it\/fr\/telecharger-le-catalogue\/","name":"Zone de t\u00e9l\u00e9chargement - Moretti Design","isPartOf":{"@id":"https:\/\/morettidesign.it\/#website"},"datePublished":"2020-09-04T07:25:09+00:00","dateModified":"2023-10-13T14:52:06+00:00","breadcrumb":{"@id":"https:\/\/morettidesign.it\/fr\/telecharger-le-catalogue\/#breadcrumb"},"inLanguage":"fr-FR","potentialAction":[{"@type":"ReadAction","target":["https:\/\/morettidesign.it\/fr\/telecharger-le-catalogue\/"]}]},{"@type":"BreadcrumbList","@id":"https:\/\/morettidesign.it\/fr\/telecharger-le-catalogue\/#breadcrumb","itemListElement":[{"@type":"ListItem","position":1,"name":"Home","item":"https:\/\/morettidesign.it\/fr\/"},{"@type":"ListItem","position":2,"name":"Zone de t\u00e9l\u00e9chargement"}]},{"@type":"WebSite","@id":"https:\/\/morettidesign.it\/#website","url":"https:\/\/morettidesign.it\/","name":"Moretti Design","description":"Stufe a pellet e legna","potentialAction":[{"@type":"SearchAction","target":{"@type":"EntryPoint","urlTemplate":"https:\/\/morettidesign.it\/?s={search_term_string}"},"query-input":{"@type":"PropertyValueSpecification","valueRequired":true,"valueName":"search_term_string"}}],"inLanguage":"fr-FR"}]}},"_links":{"self":[{"href":"https:\/\/morettidesign.it\/fr\/wp-json\/wp\/v2\/pages\/27145"}],"collection":[{"href":"https:\/\/morettidesign.it\/fr\/wp-json\/wp\/v2\/pages"}],"about":[{"href":"https:\/\/morettidesign.it\/fr\/wp-json\/wp\/v2\/types\/page"}],"author":[{"embeddable":true,"href":"https:\/\/morettidesign.it\/fr\/wp-json\/wp\/v2\/users\/1"}],"replies":[{"embeddable":true,"href":"https:\/\/morettidesign.it\/fr\/wp-json\/wp\/v2\/comments?post=27145"}],"version-history":[{"count":2,"href":"https:\/\/morettidesign.it\/fr\/wp-json\/wp\/v2\/pages\/27145\/revisions"}],"predecessor-version":[{"id":53565,"href":"https:\/\/morettidesign.it\/fr\/wp-json\/wp\/v2\/pages\/27145\/revisions\/53565"}],"wp:attachment":[{"href":"https:\/\/morettidesign.it\/fr\/wp-json\/wp\/v2\/media?parent=27145"}],"curies":[{"name":"wp","href":"https:\/\/api.w.org\/{rel}","templated":true}]}}